{"id":8184,"date":"2024-01-23T14:22:06","date_gmt":"2024-01-23T14:22:06","guid":{"rendered":"https:\/\/whiskyintenationalonline.com\/?post_type=product&#038;p=8184"},"modified":"2024-01-23T14:22:06","modified_gmt":"2024-01-23T14:22:06","slug":"four-roses-limited-edition-small-batch","status":"publish","type":"product","link":"https:\/\/whiskyintenationalonline.com\/?product=four-roses-limited-edition-small-batch","title":{"rendered":"Four Roses Limited Edition Small Batch"},"content":{"rendered":"<h2 class=\"story-subtitle\">About Four Roses Limited Edition Small Batch Kentucky Straight Bourbon Whiskey<\/h2>\n<p>The times following Prohibition, Four Roses Kentucky Straight Bourbon became the top-selling bourbon in the United States.<\/p>\n<p>The distillery was bought out by Seagram\u2019s in 1943, and a decade later their Kentucky Straight Bourbon was discontinued, and Four Roses was moved to the European and Asian markets.<\/p>\n<p>In February 2002, they were bought out again by the Kirin Brewery Company, Ltd. who restored a sense of purpose and vigor to the Four Roses enterprise.<\/p>\n<p>Master Distiller Brent Elliot at Four Roses selects a few barrels of their 10 Bourbon recipes to become Limited Edition releases. These special releases are barrel strength and non-chill filtered. Their 2017 Limited Edition Small Batch Bourbon is the end product of a mixture of barrels.<\/p>\n<p>Elliot selected 12-year-old bourbons from Four Roses\u2019 OESO and OBSV recipes, and a 16-year-old OESK. He chose to anchor the blend with the OESO, which has a mash bill of 75% corn, 20% rye and 5% malted barley, and a yeast strain with fruity vanilla accents. It is bottled at barrel strength with a proof of 111.2.<\/p>\n<p>The recipe\u2019s fruitiness is balanced with more aged spice notes from the OBSV and OESK recipes. The small batch blend is an incredibly balanced, imbued with bright notes of sweet cherry and crisp green apples, rich apricot and structured rye aromas.<\/p>\n<p>The palate has tart citrus flavors, transitioning to hints of sweet molasses, peppery spices and decadent cr\u00e8me br\u00fbl\u00e9e. The finish is long, with subtle hints of honey and light mint.<\/p>\n<p>Pick up your bottle today!<\/p>\n<div id=\"tab-label-notes\" class=\"data item title active\" tabindex=\"0\" role=\"tab\" aria-labeledby=\"tab-label-notes-title\" data-role=\"collapsible\" data-collapsible=\"true\" aria-controls=\"notes\" aria-selected=\"true\" aria-expanded=\"true\">\n<h2>Tasting Notes<\/h2>\n<\/div>\n<div id=\"notes\" class=\"data item content\" role=\"tabpanel\" data-role=\"content\" aria-labelledby=\"tab-label-notes\" aria-hidden=\"false\">\n<div class=\"product attribute tasting-note\">\n<div class=\"value\">The recipes fruitiness is balanced with the more aged spices of the OBSV and OESK recipes. On the nose are rich fruity notes of sweet cherry and crisp green apples, and rich apricot and structured rye aromas. The palate has tart citrus flavors, transitioning to hints of sweet molasses, peppery spices and decadent cr\u00e8me br\u00fbl\u00e9e. The finish is long with subtle hints of honey and light mint.<\/div>\n<\/div>\n<\/div>\n","protected":false},"excerpt":{"rendered":"<div class=\"top-attr-wrapper\"><span class=\"product-item-size\"><strong>SIZE<\/strong> 750mL <\/span><span class=\"product-item-size proof\"><strong>PROOF<\/strong> 111.2 (55.6% ABV)<\/span><\/div>\n<div><\/div>\n<div class=\"product attribute overview\">\n<div class=\"value\">The 2017 Limited Edition Small Batch Bourbon is a blend of 12 year old OESO and OBSV recipes, and a 16-year-old OESK.<\/div>\n<\/div>\n","protected":false},"featured_media":8185,"comment_status":"closed","ping_status":"closed","template":"","meta":{"inline_featured_image":false},"product_cat":[67],"product_tag":[],"class_list":{"0":"post-8184","1":"product","2":"type-product","3":"status-publish","4":"has-post-thumbnail","6":"product_cat-bourbon","8":"first","9":"instock","10":"shipping-taxable","11":"purchasable","12":"product-type-simple"},"yoast_head":"<!-- This site is optimized with the Yoast SEO plugin v27.5 - https:\/\/yoast.com\/product\/yoast-seo-wordpress\/ -->\n<title>Four Roses Limited Edition Small Batch - Whisky International Online<\/title>\n<meta name=\"description\" content=\"In February 2002, they were bought out again by the Kirin Brewery Company, Ltd. who restored a sense of purpose and vigor to the Four Roses enterprise.\" \/>\n<meta name=\"robots\" content=\"index, follow, max-snippet:-1, max-image-preview:large, max-video-preview:-1\" \/>\n<link rel=\"canonical\" href=\"https:\/\/whiskyintenationalonline.com\/?product=four-roses-limited-edition-small-batch\" \/>\n<meta property=\"og:locale\" content=\"en_US\" \/>\n<meta property=\"og:type\" content=\"article\" \/>\n<meta property=\"og:title\" content=\"Four Roses Limited Edition Small Batch - Whisky International Online\" \/>\n<meta property=\"og:description\" content=\"In February 2002, they were bought out again by the Kirin Brewery Company, Ltd. who restored a sense of purpose and vigor to the Four Roses enterprise.\" \/>\n<meta property=\"og:url\" content=\"https:\/\/whiskyintenationalonline.com\/?product=four-roses-limited-edition-small-batch\" \/>\n<meta property=\"og:site_name\" content=\"Whisky International Online\" \/>\n<meta property=\"og:image\" content=\"https:\/\/whiskyintenationalonline.com\/wp-content\/uploads\/2024\/01\/four-roses-limited-edition-single-barrel-kentucky-straight-bourbon01_1.jpg\" \/>\n\t<meta property=\"og:image:width\" content=\"200\" \/>\n\t<meta property=\"og:image:height\" content=\"200\" \/>\n\t<meta property=\"og:image:type\" content=\"image\/jpeg\" \/>\n<meta name=\"twitter:card\" content=\"summary_large_image\" \/>\n<meta name=\"twitter:label1\" content=\"Est. reading time\" \/>\n\t<meta name=\"twitter:data1\" content=\"2 minutes\" \/>\n<script type=\"application\/ld+json\" class=\"yoast-schema-graph\">{\"@context\":\"https:\\\/\\\/schema.org\",\"@graph\":[{\"@type\":\"WebPage\",\"@id\":\"https:\\\/\\\/whiskyintenationalonline.com\\\/?product=four-roses-limited-edition-small-batch\",\"url\":\"https:\\\/\\\/whiskyintenationalonline.com\\\/?product=four-roses-limited-edition-small-batch\",\"name\":\"Four Roses Limited Edition Small Batch - Whisky International Online\",\"isPartOf\":{\"@id\":\"https:\\\/\\\/whiskyintenationalonline.com\\\/#website\"},\"primaryImageOfPage\":{\"@id\":\"https:\\\/\\\/whiskyintenationalonline.com\\\/?product=four-roses-limited-edition-small-batch#primaryimage\"},\"image\":{\"@id\":\"https:\\\/\\\/whiskyintenationalonline.com\\\/?product=four-roses-limited-edition-small-batch#primaryimage\"},\"thumbnailUrl\":\"https:\\\/\\\/whiskyintenationalonline.com\\\/wp-content\\\/uploads\\\/2024\\\/01\\\/four-roses-limited-edition-single-barrel-kentucky-straight-bourbon01_1.jpg\",\"datePublished\":\"2024-01-23T14:22:06+00:00\",\"description\":\"In February 2002, they were bought out again by the Kirin Brewery Company, Ltd. who restored a sense of purpose and vigor to the Four Roses enterprise.\",\"breadcrumb\":{\"@id\":\"https:\\\/\\\/whiskyintenationalonline.com\\\/?product=four-roses-limited-edition-small-batch#breadcrumb\"},\"inLanguage\":\"en-US\",\"potentialAction\":[{\"@type\":\"ReadAction\",\"target\":[\"https:\\\/\\\/whiskyintenationalonline.com\\\/?product=four-roses-limited-edition-small-batch\"]}]},{\"@type\":\"ImageObject\",\"inLanguage\":\"en-US\",\"@id\":\"https:\\\/\\\/whiskyintenationalonline.com\\\/?product=four-roses-limited-edition-small-batch#primaryimage\",\"url\":\"https:\\\/\\\/whiskyintenationalonline.com\\\/wp-content\\\/uploads\\\/2024\\\/01\\\/four-roses-limited-edition-single-barrel-kentucky-straight-bourbon01_1.jpg\",\"contentUrl\":\"https:\\\/\\\/whiskyintenationalonline.com\\\/wp-content\\\/uploads\\\/2024\\\/01\\\/four-roses-limited-edition-single-barrel-kentucky-straight-bourbon01_1.jpg\",\"width\":200,\"height\":200,\"caption\":\"Four Roses Limited Edition Small Batch\"},{\"@type\":\"BreadcrumbList\",\"@id\":\"https:\\\/\\\/whiskyintenationalonline.com\\\/?product=four-roses-limited-edition-small-batch#breadcrumb\",\"itemListElement\":[{\"@type\":\"ListItem\",\"position\":1,\"name\":\"Home\",\"item\":\"https:\\\/\\\/whiskyintenationalonline.com\\\/\"},{\"@type\":\"ListItem\",\"position\":2,\"name\":\"Shop\",\"item\":\"https:\\\/\\\/whiskyintenationalonline.com\\\/\"},{\"@type\":\"ListItem\",\"position\":3,\"name\":\"Four Roses Limited Edition Small Batch\"}]},{\"@type\":\"WebSite\",\"@id\":\"https:\\\/\\\/whiskyintenationalonline.com\\\/#website\",\"url\":\"https:\\\/\\\/whiskyintenationalonline.com\\\/\",\"name\":\"Whisky International Online\",\"description\":\"Whisky International Online: Buy Rare Single Malt Whisky| Whisky For Sale\",\"publisher\":{\"@id\":\"https:\\\/\\\/whiskyintenationalonline.com\\\/#organization\"},\"potentialAction\":[{\"@type\":\"SearchAction\",\"target\":{\"@type\":\"EntryPoint\",\"urlTemplate\":\"https:\\\/\\\/whiskyintenationalonline.com\\\/?s={search_term_string}\"},\"query-input\":{\"@type\":\"PropertyValueSpecification\",\"valueRequired\":true,\"valueName\":\"search_term_string\"}}],\"inLanguage\":\"en-US\"},{\"@type\":\"Organization\",\"@id\":\"https:\\\/\\\/whiskyintenationalonline.com\\\/#organization\",\"name\":\"Whisky International Online\",\"url\":\"https:\\\/\\\/whiskyintenationalonline.com\\\/\",\"logo\":{\"@type\":\"ImageObject\",\"inLanguage\":\"en-US\",\"@id\":\"https:\\\/\\\/whiskyintenationalonline.com\\\/#\\\/schema\\\/logo\\\/image\\\/\",\"url\":\"https:\\\/\\\/whiskyintenationalonline.com\\\/wp-content\\\/uploads\\\/2025\\\/12\\\/download.png\",\"contentUrl\":\"https:\\\/\\\/whiskyintenationalonline.com\\\/wp-content\\\/uploads\\\/2025\\\/12\\\/download.png\",\"width\":350,\"height\":197,\"caption\":\"Whisky International Online\"},\"image\":{\"@id\":\"https:\\\/\\\/whiskyintenationalonline.com\\\/#\\\/schema\\\/logo\\\/image\\\/\"}}]}<\/script>\n<!-- \/ Yoast SEO plugin. -->","yoast_head_json":{"title":"Four Roses Limited Edition Small Batch - Whisky International Online","description":"In February 2002, they were bought out again by the Kirin Brewery Company, Ltd. who restored a sense of purpose and vigor to the Four Roses enterprise.","robots":{"index":"index","follow":"follow","max-snippet":"max-snippet:-1","max-image-preview":"max-image-preview:large","max-video-preview":"max-video-preview:-1"},"canonical":"https:\/\/whiskyintenationalonline.com\/?product=four-roses-limited-edition-small-batch","og_locale":"en_US","og_type":"article","og_title":"Four Roses Limited Edition Small Batch - Whisky International Online","og_description":"In February 2002, they were bought out again by the Kirin Brewery Company, Ltd. who restored a sense of purpose and vigor to the Four Roses enterprise.","og_url":"https:\/\/whiskyintenationalonline.com\/?product=four-roses-limited-edition-small-batch","og_site_name":"Whisky International Online","og_image":[{"width":200,"height":200,"url":"https:\/\/whiskyintenationalonline.com\/wp-content\/uploads\/2024\/01\/four-roses-limited-edition-single-barrel-kentucky-straight-bourbon01_1.jpg","type":"image\/jpeg"}],"twitter_card":"summary_large_image","twitter_misc":{"Est. reading time":"2 minutes"},"schema":{"@context":"https:\/\/schema.org","@graph":[{"@type":"WebPage","@id":"https:\/\/whiskyintenationalonline.com\/?product=four-roses-limited-edition-small-batch","url":"https:\/\/whiskyintenationalonline.com\/?product=four-roses-limited-edition-small-batch","name":"Four Roses Limited Edition Small Batch - Whisky International Online","isPartOf":{"@id":"https:\/\/whiskyintenationalonline.com\/#website"},"primaryImageOfPage":{"@id":"https:\/\/whiskyintenationalonline.com\/?product=four-roses-limited-edition-small-batch#primaryimage"},"image":{"@id":"https:\/\/whiskyintenationalonline.com\/?product=four-roses-limited-edition-small-batch#primaryimage"},"thumbnailUrl":"https:\/\/whiskyintenationalonline.com\/wp-content\/uploads\/2024\/01\/four-roses-limited-edition-single-barrel-kentucky-straight-bourbon01_1.jpg","datePublished":"2024-01-23T14:22:06+00:00","description":"In February 2002, they were bought out again by the Kirin Brewery Company, Ltd. who restored a sense of purpose and vigor to the Four Roses enterprise.","breadcrumb":{"@id":"https:\/\/whiskyintenationalonline.com\/?product=four-roses-limited-edition-small-batch#breadcrumb"},"inLanguage":"en-US","potentialAction":[{"@type":"ReadAction","target":["https:\/\/whiskyintenationalonline.com\/?product=four-roses-limited-edition-small-batch"]}]},{"@type":"ImageObject","inLanguage":"en-US","@id":"https:\/\/whiskyintenationalonline.com\/?product=four-roses-limited-edition-small-batch#primaryimage","url":"https:\/\/whiskyintenationalonline.com\/wp-content\/uploads\/2024\/01\/four-roses-limited-edition-single-barrel-kentucky-straight-bourbon01_1.jpg","contentUrl":"https:\/\/whiskyintenationalonline.com\/wp-content\/uploads\/2024\/01\/four-roses-limited-edition-single-barrel-kentucky-straight-bourbon01_1.jpg","width":200,"height":200,"caption":"Four Roses Limited Edition Small Batch"},{"@type":"BreadcrumbList","@id":"https:\/\/whiskyintenationalonline.com\/?product=four-roses-limited-edition-small-batch#breadcrumb","itemListElement":[{"@type":"ListItem","position":1,"name":"Home","item":"https:\/\/whiskyintenationalonline.com\/"},{"@type":"ListItem","position":2,"name":"Shop","item":"https:\/\/whiskyintenationalonline.com\/"},{"@type":"ListItem","position":3,"name":"Four Roses Limited Edition Small Batch"}]},{"@type":"WebSite","@id":"https:\/\/whiskyintenationalonline.com\/#website","url":"https:\/\/whiskyintenationalonline.com\/","name":"Whisky International Online","description":"Whisky International Online: Buy Rare Single Malt Whisky| Whisky For Sale","publisher":{"@id":"https:\/\/whiskyintenationalonline.com\/#organization"},"potentialAction":[{"@type":"SearchAction","target":{"@type":"EntryPoint","urlTemplate":"https:\/\/whiskyintenationalonline.com\/?s={search_term_string}"},"query-input":{"@type":"PropertyValueSpecification","valueRequired":true,"valueName":"search_term_string"}}],"inLanguage":"en-US"},{"@type":"Organization","@id":"https:\/\/whiskyintenationalonline.com\/#organization","name":"Whisky International Online","url":"https:\/\/whiskyintenationalonline.com\/","logo":{"@type":"ImageObject","inLanguage":"en-US","@id":"https:\/\/whiskyintenationalonline.com\/#\/schema\/logo\/image\/","url":"https:\/\/whiskyintenationalonline.com\/wp-content\/uploads\/2025\/12\/download.png","contentUrl":"https:\/\/whiskyintenationalonline.com\/wp-content\/uploads\/2025\/12\/download.png","width":350,"height":197,"caption":"Whisky International Online"},"image":{"@id":"https:\/\/whiskyintenationalonline.com\/#\/schema\/logo\/image\/"}}]}},"jetpack_sharing_enabled":true,"_links":{"self":[{"href":"https:\/\/whiskyintenationalonline.com\/index.php?rest_route=\/wp\/v2\/product\/8184","targetHints":{"allow":["GET"]}}],"collection":[{"href":"https:\/\/whiskyintenationalonline.com\/index.php?rest_route=\/wp\/v2\/product"}],"about":[{"href":"https:\/\/whiskyintenationalonline.com\/index.php?rest_route=\/wp\/v2\/types\/product"}],"replies":[{"embeddable":true,"href":"https:\/\/whiskyintenationalonline.com\/index.php?rest_route=%2Fwp%2Fv2%2Fcomments&post=8184"}],"wp:featuredmedia":[{"embeddable":true,"href":"https:\/\/whiskyintenationalonline.com\/index.php?rest_route=\/wp\/v2\/media\/8185"}],"wp:attachment":[{"href":"https:\/\/whiskyintenationalonline.com\/index.php?rest_route=%2Fwp%2Fv2%2Fmedia&parent=8184"}],"wp:term":[{"taxonomy":"product_cat","embeddable":true,"href":"https:\/\/whiskyintenationalonline.com\/index.php?rest_route=%2Fwp%2Fv2%2Fproduct_cat&post=8184"},{"taxonomy":"product_tag","embeddable":true,"href":"https:\/\/whiskyintenationalonline.com\/index.php?rest_route=%2Fwp%2Fv2%2Fproduct_tag&post=8184"}],"curies":[{"name":"wp","href":"https:\/\/api.w.org\/{rel}","templated":true}]}}