{"id":8156,"date":"2024-01-23T13:41:34","date_gmt":"2024-01-23T13:41:34","guid":{"rendered":"https:\/\/whiskyintenationalonline.com\/?post_type=product&#038;p=8156"},"modified":"2024-01-23T13:41:35","modified_gmt":"2024-01-23T13:41:35","slug":"weller-full-proof-kentucky-straight-bourbon-whiskey","status":"publish","type":"product","link":"https:\/\/whiskyintenationalonline.com\/?product=weller-full-proof-kentucky-straight-bourbon-whiskey","title":{"rendered":"Weller Full Proof Kentucky Straight Bourbon Whiskey"},"content":{"rendered":"<h2 class=\"story-subtitle\">About Weller Full Proof Kentucky Straight Bourbon Whiskey<\/h2>\n<p>Bottled at the same 114 proof the spirit was when it entered into the barrel, this non-chill filtered wheated bourbon forgoes chill filtration to preserve all the naturally occurring residual oils and flavors that occur during the distillation and aging process (potentially making it appear cloudy at cold temperatures).<\/p>\n<p>This bourbon balances a rich mouth feel, with robust notes of vanilla and oak. A whiskey that satisfies the demand of the non-chill filtered whiskey enthusiasts, honoring William Larue Weller.<\/p>\n<p>Pick up your bottle today!<\/p>\n<div id=\"tab-label-notes\" class=\"data item title active\" tabindex=\"0\" role=\"tab\" aria-labeledby=\"tab-label-notes-title\" data-role=\"collapsible\" data-collapsible=\"true\" aria-controls=\"notes\" aria-selected=\"true\" aria-expanded=\"true\">\n<h2>Tasting Notes<\/h2>\n<\/div>\n<div id=\"notes\" class=\"data item content\" role=\"tabpanel\" data-role=\"content\" aria-labelledby=\"tab-label-notes\" aria-hidden=\"false\">\n<div class=\"product attribute tasting-note\">\n<div class=\"value\">Having a nose of vanilla, dark cherries and caramel. On the palate, there is a balance of caramel and toasted oak. The finish is said to be long, with notes of cr\u00e8me br\u00fbl\u00e9e and chocolate.<\/div>\n<\/div>\n<\/div>\n","protected":false},"excerpt":{"rendered":"<div class=\"top-attr-wrapper\"><span class=\"product-item-size\"><strong>SIZE<\/strong> 750mL <\/span><span class=\"product-item-size proof\"><strong>PROOF<\/strong> 114 (57% ABV)<\/span><\/div>\n<div><\/div>\n<div class=\"product attribute overview\">\n<div class=\"value\">This highly anticipated Weller bourbon is bottled at the same 114 proof the spirit was when it entered into the barrel.<\/div>\n<\/div>\n","protected":false},"featured_media":8157,"comment_status":"closed","ping_status":"closed","template":"","meta":{"inline_featured_image":false},"product_cat":[67],"product_tag":[],"class_list":{"0":"post-8156","1":"product","2":"type-product","3":"status-publish","4":"has-post-thumbnail","6":"product_cat-bourbon","8":"first","9":"instock","10":"shipping-taxable","11":"purchasable","12":"product-type-simple"},"yoast_head":"<!-- This site is optimized with the Yoast SEO plugin v27.5 - https:\/\/yoast.com\/product\/yoast-seo-wordpress\/ -->\n<title>Weller Full Proof Kentucky Straight Bourbon Whiskey - Whisky International Online<\/title>\n<meta name=\"description\" content=\"This bourbon balances a rich mouth feel, with robust notes of vanilla and oak. A whiskey that satisfies the demand of the non-chill filtered whiskey.....\" \/>\n<meta name=\"robots\" content=\"index, follow, max-snippet:-1, max-image-preview:large, max-video-preview:-1\" \/>\n<link rel=\"canonical\" href=\"https:\/\/whiskyintenationalonline.com\/?product=weller-full-proof-kentucky-straight-bourbon-whiskey\" \/>\n<meta property=\"og:locale\" content=\"en_US\" \/>\n<meta property=\"og:type\" content=\"article\" \/>\n<meta property=\"og:title\" content=\"Weller Full Proof Kentucky Straight Bourbon Whiskey - Whisky International Online\" \/>\n<meta property=\"og:description\" content=\"This bourbon balances a rich mouth feel, with robust notes of vanilla and oak. A whiskey that satisfies the demand of the non-chill filtered whiskey.....\" \/>\n<meta property=\"og:url\" content=\"https:\/\/whiskyintenationalonline.com\/?product=weller-full-proof-kentucky-straight-bourbon-whiskey\" \/>\n<meta property=\"og:site_name\" content=\"Whisky International Online\" \/>\n<meta property=\"article:modified_time\" content=\"2024-01-23T13:41:35+00:00\" \/>\n<meta property=\"og:image\" content=\"https:\/\/whiskyintenationalonline.com\/wp-content\/uploads\/2024\/01\/weller-full-proof-1.jpg\" \/>\n\t<meta property=\"og:image:width\" content=\"500\" \/>\n\t<meta property=\"og:image:height\" content=\"500\" \/>\n\t<meta property=\"og:image:type\" content=\"image\/jpeg\" \/>\n<meta name=\"twitter:card\" content=\"summary_large_image\" \/>\n<meta name=\"twitter:label1\" content=\"Est. reading time\" \/>\n\t<meta name=\"twitter:data1\" content=\"1 minute\" \/>\n<script type=\"application\/ld+json\" class=\"yoast-schema-graph\">{\"@context\":\"https:\\\/\\\/schema.org\",\"@graph\":[{\"@type\":\"WebPage\",\"@id\":\"https:\\\/\\\/whiskyintenationalonline.com\\\/?product=weller-full-proof-kentucky-straight-bourbon-whiskey\",\"url\":\"https:\\\/\\\/whiskyintenationalonline.com\\\/?product=weller-full-proof-kentucky-straight-bourbon-whiskey\",\"name\":\"Weller Full Proof Kentucky Straight Bourbon Whiskey - Whisky International Online\",\"isPartOf\":{\"@id\":\"https:\\\/\\\/whiskyintenationalonline.com\\\/#website\"},\"primaryImageOfPage\":{\"@id\":\"https:\\\/\\\/whiskyintenationalonline.com\\\/?product=weller-full-proof-kentucky-straight-bourbon-whiskey#primaryimage\"},\"image\":{\"@id\":\"https:\\\/\\\/whiskyintenationalonline.com\\\/?product=weller-full-proof-kentucky-straight-bourbon-whiskey#primaryimage\"},\"thumbnailUrl\":\"https:\\\/\\\/whiskyintenationalonline.com\\\/wp-content\\\/uploads\\\/2024\\\/01\\\/weller-full-proof-1.jpg\",\"datePublished\":\"2024-01-23T13:41:34+00:00\",\"dateModified\":\"2024-01-23T13:41:35+00:00\",\"description\":\"This bourbon balances a rich mouth feel, with robust notes of vanilla and oak. A whiskey that satisfies the demand of the non-chill filtered whiskey.....\",\"breadcrumb\":{\"@id\":\"https:\\\/\\\/whiskyintenationalonline.com\\\/?product=weller-full-proof-kentucky-straight-bourbon-whiskey#breadcrumb\"},\"inLanguage\":\"en-US\",\"potentialAction\":[{\"@type\":\"ReadAction\",\"target\":[\"https:\\\/\\\/whiskyintenationalonline.com\\\/?product=weller-full-proof-kentucky-straight-bourbon-whiskey\"]}]},{\"@type\":\"ImageObject\",\"inLanguage\":\"en-US\",\"@id\":\"https:\\\/\\\/whiskyintenationalonline.com\\\/?product=weller-full-proof-kentucky-straight-bourbon-whiskey#primaryimage\",\"url\":\"https:\\\/\\\/whiskyintenationalonline.com\\\/wp-content\\\/uploads\\\/2024\\\/01\\\/weller-full-proof-1.jpg\",\"contentUrl\":\"https:\\\/\\\/whiskyintenationalonline.com\\\/wp-content\\\/uploads\\\/2024\\\/01\\\/weller-full-proof-1.jpg\",\"width\":500,\"height\":500,\"caption\":\"Weller Full Proof Kentucky Straight Bourbon Whiskey\"},{\"@type\":\"BreadcrumbList\",\"@id\":\"https:\\\/\\\/whiskyintenationalonline.com\\\/?product=weller-full-proof-kentucky-straight-bourbon-whiskey#breadcrumb\",\"itemListElement\":[{\"@type\":\"ListItem\",\"position\":1,\"name\":\"Home\",\"item\":\"https:\\\/\\\/whiskyintenationalonline.com\\\/\"},{\"@type\":\"ListItem\",\"position\":2,\"name\":\"Shop\",\"item\":\"https:\\\/\\\/whiskyintenationalonline.com\\\/\"},{\"@type\":\"ListItem\",\"position\":3,\"name\":\"Weller Full Proof Kentucky Straight Bourbon Whiskey\"}]},{\"@type\":\"WebSite\",\"@id\":\"https:\\\/\\\/whiskyintenationalonline.com\\\/#website\",\"url\":\"https:\\\/\\\/whiskyintenationalonline.com\\\/\",\"name\":\"Whisky International Online\",\"description\":\"Whisky International Online: Buy Rare Single Malt Whisky| Whisky For Sale\",\"publisher\":{\"@id\":\"https:\\\/\\\/whiskyintenationalonline.com\\\/#organization\"},\"potentialAction\":[{\"@type\":\"SearchAction\",\"target\":{\"@type\":\"EntryPoint\",\"urlTemplate\":\"https:\\\/\\\/whiskyintenationalonline.com\\\/?s={search_term_string}\"},\"query-input\":{\"@type\":\"PropertyValueSpecification\",\"valueRequired\":true,\"valueName\":\"search_term_string\"}}],\"inLanguage\":\"en-US\"},{\"@type\":\"Organization\",\"@id\":\"https:\\\/\\\/whiskyintenationalonline.com\\\/#organization\",\"name\":\"Whisky International Online\",\"url\":\"https:\\\/\\\/whiskyintenationalonline.com\\\/\",\"logo\":{\"@type\":\"ImageObject\",\"inLanguage\":\"en-US\",\"@id\":\"https:\\\/\\\/whiskyintenationalonline.com\\\/#\\\/schema\\\/logo\\\/image\\\/\",\"url\":\"https:\\\/\\\/whiskyintenationalonline.com\\\/wp-content\\\/uploads\\\/2025\\\/12\\\/download.png\",\"contentUrl\":\"https:\\\/\\\/whiskyintenationalonline.com\\\/wp-content\\\/uploads\\\/2025\\\/12\\\/download.png\",\"width\":350,\"height\":197,\"caption\":\"Whisky International Online\"},\"image\":{\"@id\":\"https:\\\/\\\/whiskyintenationalonline.com\\\/#\\\/schema\\\/logo\\\/image\\\/\"}}]}<\/script>\n<!-- \/ Yoast SEO plugin. -->","yoast_head_json":{"title":"Weller Full Proof Kentucky Straight Bourbon Whiskey - Whisky International Online","description":"This bourbon balances a rich mouth feel, with robust notes of vanilla and oak. A whiskey that satisfies the demand of the non-chill filtered whiskey.....","robots":{"index":"index","follow":"follow","max-snippet":"max-snippet:-1","max-image-preview":"max-image-preview:large","max-video-preview":"max-video-preview:-1"},"canonical":"https:\/\/whiskyintenationalonline.com\/?product=weller-full-proof-kentucky-straight-bourbon-whiskey","og_locale":"en_US","og_type":"article","og_title":"Weller Full Proof Kentucky Straight Bourbon Whiskey - Whisky International Online","og_description":"This bourbon balances a rich mouth feel, with robust notes of vanilla and oak. A whiskey that satisfies the demand of the non-chill filtered whiskey.....","og_url":"https:\/\/whiskyintenationalonline.com\/?product=weller-full-proof-kentucky-straight-bourbon-whiskey","og_site_name":"Whisky International Online","article_modified_time":"2024-01-23T13:41:35+00:00","og_image":[{"width":500,"height":500,"url":"https:\/\/whiskyintenationalonline.com\/wp-content\/uploads\/2024\/01\/weller-full-proof-1.jpg","type":"image\/jpeg"}],"twitter_card":"summary_large_image","twitter_misc":{"Est. reading time":"1 minute"},"schema":{"@context":"https:\/\/schema.org","@graph":[{"@type":"WebPage","@id":"https:\/\/whiskyintenationalonline.com\/?product=weller-full-proof-kentucky-straight-bourbon-whiskey","url":"https:\/\/whiskyintenationalonline.com\/?product=weller-full-proof-kentucky-straight-bourbon-whiskey","name":"Weller Full Proof Kentucky Straight Bourbon Whiskey - Whisky International Online","isPartOf":{"@id":"https:\/\/whiskyintenationalonline.com\/#website"},"primaryImageOfPage":{"@id":"https:\/\/whiskyintenationalonline.com\/?product=weller-full-proof-kentucky-straight-bourbon-whiskey#primaryimage"},"image":{"@id":"https:\/\/whiskyintenationalonline.com\/?product=weller-full-proof-kentucky-straight-bourbon-whiskey#primaryimage"},"thumbnailUrl":"https:\/\/whiskyintenationalonline.com\/wp-content\/uploads\/2024\/01\/weller-full-proof-1.jpg","datePublished":"2024-01-23T13:41:34+00:00","dateModified":"2024-01-23T13:41:35+00:00","description":"This bourbon balances a rich mouth feel, with robust notes of vanilla and oak. A whiskey that satisfies the demand of the non-chill filtered whiskey.....","breadcrumb":{"@id":"https:\/\/whiskyintenationalonline.com\/?product=weller-full-proof-kentucky-straight-bourbon-whiskey#breadcrumb"},"inLanguage":"en-US","potentialAction":[{"@type":"ReadAction","target":["https:\/\/whiskyintenationalonline.com\/?product=weller-full-proof-kentucky-straight-bourbon-whiskey"]}]},{"@type":"ImageObject","inLanguage":"en-US","@id":"https:\/\/whiskyintenationalonline.com\/?product=weller-full-proof-kentucky-straight-bourbon-whiskey#primaryimage","url":"https:\/\/whiskyintenationalonline.com\/wp-content\/uploads\/2024\/01\/weller-full-proof-1.jpg","contentUrl":"https:\/\/whiskyintenationalonline.com\/wp-content\/uploads\/2024\/01\/weller-full-proof-1.jpg","width":500,"height":500,"caption":"Weller Full Proof Kentucky Straight Bourbon Whiskey"},{"@type":"BreadcrumbList","@id":"https:\/\/whiskyintenationalonline.com\/?product=weller-full-proof-kentucky-straight-bourbon-whiskey#breadcrumb","itemListElement":[{"@type":"ListItem","position":1,"name":"Home","item":"https:\/\/whiskyintenationalonline.com\/"},{"@type":"ListItem","position":2,"name":"Shop","item":"https:\/\/whiskyintenationalonline.com\/"},{"@type":"ListItem","position":3,"name":"Weller Full Proof Kentucky Straight Bourbon Whiskey"}]},{"@type":"WebSite","@id":"https:\/\/whiskyintenationalonline.com\/#website","url":"https:\/\/whiskyintenationalonline.com\/","name":"Whisky International Online","description":"Whisky International Online: Buy Rare Single Malt Whisky| Whisky For Sale","publisher":{"@id":"https:\/\/whiskyintenationalonline.com\/#organization"},"potentialAction":[{"@type":"SearchAction","target":{"@type":"EntryPoint","urlTemplate":"https:\/\/whiskyintenationalonline.com\/?s={search_term_string}"},"query-input":{"@type":"PropertyValueSpecification","valueRequired":true,"valueName":"search_term_string"}}],"inLanguage":"en-US"},{"@type":"Organization","@id":"https:\/\/whiskyintenationalonline.com\/#organization","name":"Whisky International Online","url":"https:\/\/whiskyintenationalonline.com\/","logo":{"@type":"ImageObject","inLanguage":"en-US","@id":"https:\/\/whiskyintenationalonline.com\/#\/schema\/logo\/image\/","url":"https:\/\/whiskyintenationalonline.com\/wp-content\/uploads\/2025\/12\/download.png","contentUrl":"https:\/\/whiskyintenationalonline.com\/wp-content\/uploads\/2025\/12\/download.png","width":350,"height":197,"caption":"Whisky International Online"},"image":{"@id":"https:\/\/whiskyintenationalonline.com\/#\/schema\/logo\/image\/"}}]}},"jetpack_sharing_enabled":true,"_links":{"self":[{"href":"https:\/\/whiskyintenationalonline.com\/index.php?rest_route=\/wp\/v2\/product\/8156","targetHints":{"allow":["GET"]}}],"collection":[{"href":"https:\/\/whiskyintenationalonline.com\/index.php?rest_route=\/wp\/v2\/product"}],"about":[{"href":"https:\/\/whiskyintenationalonline.com\/index.php?rest_route=\/wp\/v2\/types\/product"}],"replies":[{"embeddable":true,"href":"https:\/\/whiskyintenationalonline.com\/index.php?rest_route=%2Fwp%2Fv2%2Fcomments&post=8156"}],"wp:featuredmedia":[{"embeddable":true,"href":"https:\/\/whiskyintenationalonline.com\/index.php?rest_route=\/wp\/v2\/media\/8157"}],"wp:attachment":[{"href":"https:\/\/whiskyintenationalonline.com\/index.php?rest_route=%2Fwp%2Fv2%2Fmedia&parent=8156"}],"wp:term":[{"taxonomy":"product_cat","embeddable":true,"href":"https:\/\/whiskyintenationalonline.com\/index.php?rest_route=%2Fwp%2Fv2%2Fproduct_cat&post=8156"},{"taxonomy":"product_tag","embeddable":true,"href":"https:\/\/whiskyintenationalonline.com\/index.php?rest_route=%2Fwp%2Fv2%2Fproduct_tag&post=8156"}],"curies":[{"name":"wp","href":"https:\/\/api.w.org\/{rel}","templated":true}]}}