{"id":7941,"date":"2024-01-22T19:53:01","date_gmt":"2024-01-22T19:53:01","guid":{"rendered":"https:\/\/whiskyintenationalonline.com\/?post_type=product&#038;p=7941"},"modified":"2024-01-22T19:53:01","modified_gmt":"2024-01-22T19:53:01","slug":"angels-envy-cask-strength-bourbon-2022-release","status":"publish","type":"product","link":"https:\/\/whiskyintenationalonline.com\/?product=angels-envy-cask-strength-bourbon-2022-release","title":{"rendered":"Angel&#8217;s Envy Cask Strength Bourbon 2022 Release"},"content":{"rendered":"<h2 class=\"story-subtitle\">About <a href=\"https:\/\/www.google.com\/search?sca_esv=600400644&amp;sxsrf=ACQVn08vrR5goABTo7yjSBy8Lkqeh5XeQA:1705952732245&amp;q=Angel%27s+Envy+Cask+Strength+2023&amp;sa=X&amp;ved=2ahUKEwiQp--U4fGDAxVjTkEAHaXnBJQQ1QJ6BAhTEAE\">Angel&#8217;s Envy<\/a> Cask Strength Bourbon 2022 Release<\/h2>\n<p>Marking a focal point in Louisville, Kentucky, <a href=\"https:\/\/www.angelsenvy.com\/us\/en\/product\/cask-strength\/\">Angel\u2019s Envy Distillery<\/a> is downtown\u2019s first fully operational whiskey production establishment.<\/p>\n<p>It represents the coming together of three Henderson generations, where the late Master Lincoln Henderson helped set everything on the right track and make the distillery what it is today.<\/p>\n<p>The folks at <a href=\"https:\/\/www.google.com\/search?sca_esv=600400644&amp;sxsrf=ACQVn08vrR5goABTo7yjSBy8Lkqeh5XeQA:1705952732245&amp;q=Angel%27s+Envy+Cask+Strength+for+sale&amp;sa=X&amp;ved=2ahUKEwiQp--U4fGDAxVjTkEAHaXnBJQQ1QJ6BAhOEAE\">Angel\u2019s Envy<\/a> team select exceptional barrels from its distillery warehouse, which undergo a prolonged finishing process in port wine casks from Portugal, endowing each expression with a one-of-a-kind nose, palate, and finish.<\/p>\n<p>The <a href=\"https:\/\/www.google.com\/search?sca_esv=600400644&amp;sxsrf=ACQVn08vrR5goABTo7yjSBy8Lkqeh5XeQA:1705952732245&amp;q=Angel%27s+Envy+Cask+Strength+2023&amp;sa=X&amp;ved=2ahUKEwiQp--U4fGDAxVjTkEAHaXnBJQQ1QJ6BAhTEAE\">Cask Strength Bourbon 2022 Release<\/a> is no exception. Its 11th arrival was spent cozily maturing for an additional 14 months in signature Portuguese casks, boasting creamy flavors with notes of caramel, brown sugar, and dried fruit. Finally, it clocks in at 119.8 proof and is ready to go wherever it is most needed or desired.<\/p>\n<p>Grab your bottle of <a href=\"https:\/\/www.google.com\/search?sca_esv=600400644&amp;sxsrf=ACQVn08vrR5goABTo7yjSBy8Lkqeh5XeQA:1705952732245&amp;q=Angel%27s+envy+cask+strength+bourbon+2022+release+price&amp;sa=X&amp;ved=2ahUKEwiQp--U4fGDAxVjTkEAHaXnBJQQ1QJ6BAhVEAE\">Angel\u2019s Envy Cask Strength Bourbon 2022 Release<\/a> today<\/p>\n<div id=\"tab-label-notes\" class=\"data item title active\" tabindex=\"0\" role=\"tab\" aria-labeledby=\"tab-label-notes-title\" data-role=\"collapsible\" data-collapsible=\"true\" aria-controls=\"notes\" aria-selected=\"true\" aria-expanded=\"true\">\n<h2>Tasting Notes<\/h2>\n<\/div>\n<div id=\"notes\" class=\"data item content\" role=\"tabpanel\" data-role=\"content\" aria-labelledby=\"tab-label-notes\" aria-hidden=\"false\">\n<div class=\"product attribute tasting-note\">\n<div class=\"value\">The nose starts with hints of leather, brown sugar, and caramel, accompanied by cr\u00e8me br\u00fbl\u00e9e, marshmallow, green apple, and orange. The sweet ride continues throughout the palate, where apples and caramel are present alongside vanilla, toasted oak, orange, and black pepper. Everything is completed with a finish of slight fruitiness with lingering spice.<\/div>\n<\/div>\n<\/div>\n","protected":false},"excerpt":{"rendered":"<div class=\"top-attr-wrapper\"><span class=\"product-item-size\"><strong>SIZE<\/strong> 750mL <\/span><span class=\"product-item-size proof\"><strong>PROOF<\/strong> 119.8 (59.9% ABV)<\/span><\/div>\n<div><\/div>\n<div class=\"product attribute overview\">\n<div class=\"value\">A 2022 Release bourbon aged for 14 extra months in ex-port wine casks from Portugal with creamy notes of caramel, brown sugar, and dried fruit.<\/div>\n<\/div>\n","protected":false},"featured_media":7942,"comment_status":"closed","ping_status":"closed","template":"","meta":{"inline_featured_image":false},"product_cat":[67],"product_tag":[],"class_list":{"0":"post-7941","1":"product","2":"type-product","3":"status-publish","4":"has-post-thumbnail","6":"product_cat-bourbon","8":"first","9":"instock","10":"shipping-taxable","11":"purchasable","12":"product-type-simple"},"yoast_head":"<!-- This site is optimized with the Yoast SEO plugin v27.5 - https:\/\/yoast.com\/product\/yoast-seo-wordpress\/ -->\n<title>Angel&#039;s Envy Cask Strength Bourbon 2022 Release - Whisky International Online<\/title>\n<meta name=\"description\" content=\"Marking a focal point in Louisville, Kentucky, Angel\u2019s Envy Distillery is downtown\u2019s first fully operational whiskey production establishment.\" \/>\n<meta name=\"robots\" content=\"index, follow, max-snippet:-1, max-image-preview:large, max-video-preview:-1\" \/>\n<link rel=\"canonical\" href=\"https:\/\/whiskyintenationalonline.com\/?product=angels-envy-cask-strength-bourbon-2022-release\" \/>\n<meta property=\"og:locale\" content=\"en_US\" \/>\n<meta property=\"og:type\" content=\"article\" \/>\n<meta property=\"og:title\" content=\"Angel&#039;s Envy Cask Strength Bourbon 2022 Release - Whisky International Online\" \/>\n<meta property=\"og:description\" content=\"Marking a focal point in Louisville, Kentucky, Angel\u2019s Envy Distillery is downtown\u2019s first fully operational whiskey production establishment.\" \/>\n<meta property=\"og:url\" content=\"https:\/\/whiskyintenationalonline.com\/?product=angels-envy-cask-strength-bourbon-2022-release\" \/>\n<meta property=\"og:site_name\" content=\"Whisky International Online\" \/>\n<meta property=\"og:image\" content=\"https:\/\/whiskyintenationalonline.com\/wp-content\/uploads\/2024\/01\/angels-envy-cask-strength-bourbon-2022-release-1.jpg\" \/>\n\t<meta property=\"og:image:width\" content=\"500\" \/>\n\t<meta property=\"og:image:height\" content=\"500\" \/>\n\t<meta property=\"og:image:type\" content=\"image\/jpeg\" \/>\n<meta name=\"twitter:card\" content=\"summary_large_image\" \/>\n<meta name=\"twitter:label1\" content=\"Est. reading time\" \/>\n\t<meta name=\"twitter:data1\" content=\"2 minutes\" \/>\n<script type=\"application\/ld+json\" class=\"yoast-schema-graph\">{\"@context\":\"https:\\\/\\\/schema.org\",\"@graph\":[{\"@type\":\"WebPage\",\"@id\":\"https:\\\/\\\/whiskyintenationalonline.com\\\/?product=angels-envy-cask-strength-bourbon-2022-release\",\"url\":\"https:\\\/\\\/whiskyintenationalonline.com\\\/?product=angels-envy-cask-strength-bourbon-2022-release\",\"name\":\"Angel's Envy Cask Strength Bourbon 2022 Release - Whisky International Online\",\"isPartOf\":{\"@id\":\"https:\\\/\\\/whiskyintenationalonline.com\\\/#website\"},\"primaryImageOfPage\":{\"@id\":\"https:\\\/\\\/whiskyintenationalonline.com\\\/?product=angels-envy-cask-strength-bourbon-2022-release#primaryimage\"},\"image\":{\"@id\":\"https:\\\/\\\/whiskyintenationalonline.com\\\/?product=angels-envy-cask-strength-bourbon-2022-release#primaryimage\"},\"thumbnailUrl\":\"https:\\\/\\\/whiskyintenationalonline.com\\\/wp-content\\\/uploads\\\/2024\\\/01\\\/angels-envy-cask-strength-bourbon-2022-release-1.jpg\",\"datePublished\":\"2024-01-22T19:53:01+00:00\",\"description\":\"Marking a focal point in Louisville, Kentucky, Angel\u2019s Envy Distillery is downtown\u2019s first fully operational whiskey production establishment.\",\"breadcrumb\":{\"@id\":\"https:\\\/\\\/whiskyintenationalonline.com\\\/?product=angels-envy-cask-strength-bourbon-2022-release#breadcrumb\"},\"inLanguage\":\"en-US\",\"potentialAction\":[{\"@type\":\"ReadAction\",\"target\":[\"https:\\\/\\\/whiskyintenationalonline.com\\\/?product=angels-envy-cask-strength-bourbon-2022-release\"]}]},{\"@type\":\"ImageObject\",\"inLanguage\":\"en-US\",\"@id\":\"https:\\\/\\\/whiskyintenationalonline.com\\\/?product=angels-envy-cask-strength-bourbon-2022-release#primaryimage\",\"url\":\"https:\\\/\\\/whiskyintenationalonline.com\\\/wp-content\\\/uploads\\\/2024\\\/01\\\/angels-envy-cask-strength-bourbon-2022-release-1.jpg\",\"contentUrl\":\"https:\\\/\\\/whiskyintenationalonline.com\\\/wp-content\\\/uploads\\\/2024\\\/01\\\/angels-envy-cask-strength-bourbon-2022-release-1.jpg\",\"width\":500,\"height\":500,\"caption\":\"Angel's Envy Cask Strength Bourbon 2022 Release\"},{\"@type\":\"BreadcrumbList\",\"@id\":\"https:\\\/\\\/whiskyintenationalonline.com\\\/?product=angels-envy-cask-strength-bourbon-2022-release#breadcrumb\",\"itemListElement\":[{\"@type\":\"ListItem\",\"position\":1,\"name\":\"Home\",\"item\":\"https:\\\/\\\/whiskyintenationalonline.com\\\/\"},{\"@type\":\"ListItem\",\"position\":2,\"name\":\"Shop\",\"item\":\"https:\\\/\\\/whiskyintenationalonline.com\\\/\"},{\"@type\":\"ListItem\",\"position\":3,\"name\":\"Angel&#8217;s Envy Cask Strength Bourbon 2022 Release\"}]},{\"@type\":\"WebSite\",\"@id\":\"https:\\\/\\\/whiskyintenationalonline.com\\\/#website\",\"url\":\"https:\\\/\\\/whiskyintenationalonline.com\\\/\",\"name\":\"Whisky International Online\",\"description\":\"Whisky International Online: Buy Rare Single Malt Whisky| Whisky For Sale\",\"publisher\":{\"@id\":\"https:\\\/\\\/whiskyintenationalonline.com\\\/#organization\"},\"potentialAction\":[{\"@type\":\"SearchAction\",\"target\":{\"@type\":\"EntryPoint\",\"urlTemplate\":\"https:\\\/\\\/whiskyintenationalonline.com\\\/?s={search_term_string}\"},\"query-input\":{\"@type\":\"PropertyValueSpecification\",\"valueRequired\":true,\"valueName\":\"search_term_string\"}}],\"inLanguage\":\"en-US\"},{\"@type\":\"Organization\",\"@id\":\"https:\\\/\\\/whiskyintenationalonline.com\\\/#organization\",\"name\":\"Whisky International Online\",\"url\":\"https:\\\/\\\/whiskyintenationalonline.com\\\/\",\"logo\":{\"@type\":\"ImageObject\",\"inLanguage\":\"en-US\",\"@id\":\"https:\\\/\\\/whiskyintenationalonline.com\\\/#\\\/schema\\\/logo\\\/image\\\/\",\"url\":\"https:\\\/\\\/whiskyintenationalonline.com\\\/wp-content\\\/uploads\\\/2025\\\/12\\\/download.png\",\"contentUrl\":\"https:\\\/\\\/whiskyintenationalonline.com\\\/wp-content\\\/uploads\\\/2025\\\/12\\\/download.png\",\"width\":350,\"height\":197,\"caption\":\"Whisky International Online\"},\"image\":{\"@id\":\"https:\\\/\\\/whiskyintenationalonline.com\\\/#\\\/schema\\\/logo\\\/image\\\/\"}}]}<\/script>\n<!-- \/ Yoast SEO plugin. -->","yoast_head_json":{"title":"Angel's Envy Cask Strength Bourbon 2022 Release - Whisky International Online","description":"Marking a focal point in Louisville, Kentucky, Angel\u2019s Envy Distillery is downtown\u2019s first fully operational whiskey production establishment.","robots":{"index":"index","follow":"follow","max-snippet":"max-snippet:-1","max-image-preview":"max-image-preview:large","max-video-preview":"max-video-preview:-1"},"canonical":"https:\/\/whiskyintenationalonline.com\/?product=angels-envy-cask-strength-bourbon-2022-release","og_locale":"en_US","og_type":"article","og_title":"Angel's Envy Cask Strength Bourbon 2022 Release - Whisky International Online","og_description":"Marking a focal point in Louisville, Kentucky, Angel\u2019s Envy Distillery is downtown\u2019s first fully operational whiskey production establishment.","og_url":"https:\/\/whiskyintenationalonline.com\/?product=angels-envy-cask-strength-bourbon-2022-release","og_site_name":"Whisky International Online","og_image":[{"width":500,"height":500,"url":"https:\/\/whiskyintenationalonline.com\/wp-content\/uploads\/2024\/01\/angels-envy-cask-strength-bourbon-2022-release-1.jpg","type":"image\/jpeg"}],"twitter_card":"summary_large_image","twitter_misc":{"Est. reading time":"2 minutes"},"schema":{"@context":"https:\/\/schema.org","@graph":[{"@type":"WebPage","@id":"https:\/\/whiskyintenationalonline.com\/?product=angels-envy-cask-strength-bourbon-2022-release","url":"https:\/\/whiskyintenationalonline.com\/?product=angels-envy-cask-strength-bourbon-2022-release","name":"Angel's Envy Cask Strength Bourbon 2022 Release - Whisky International Online","isPartOf":{"@id":"https:\/\/whiskyintenationalonline.com\/#website"},"primaryImageOfPage":{"@id":"https:\/\/whiskyintenationalonline.com\/?product=angels-envy-cask-strength-bourbon-2022-release#primaryimage"},"image":{"@id":"https:\/\/whiskyintenationalonline.com\/?product=angels-envy-cask-strength-bourbon-2022-release#primaryimage"},"thumbnailUrl":"https:\/\/whiskyintenationalonline.com\/wp-content\/uploads\/2024\/01\/angels-envy-cask-strength-bourbon-2022-release-1.jpg","datePublished":"2024-01-22T19:53:01+00:00","description":"Marking a focal point in Louisville, Kentucky, Angel\u2019s Envy Distillery is downtown\u2019s first fully operational whiskey production establishment.","breadcrumb":{"@id":"https:\/\/whiskyintenationalonline.com\/?product=angels-envy-cask-strength-bourbon-2022-release#breadcrumb"},"inLanguage":"en-US","potentialAction":[{"@type":"ReadAction","target":["https:\/\/whiskyintenationalonline.com\/?product=angels-envy-cask-strength-bourbon-2022-release"]}]},{"@type":"ImageObject","inLanguage":"en-US","@id":"https:\/\/whiskyintenationalonline.com\/?product=angels-envy-cask-strength-bourbon-2022-release#primaryimage","url":"https:\/\/whiskyintenationalonline.com\/wp-content\/uploads\/2024\/01\/angels-envy-cask-strength-bourbon-2022-release-1.jpg","contentUrl":"https:\/\/whiskyintenationalonline.com\/wp-content\/uploads\/2024\/01\/angels-envy-cask-strength-bourbon-2022-release-1.jpg","width":500,"height":500,"caption":"Angel's Envy Cask Strength Bourbon 2022 Release"},{"@type":"BreadcrumbList","@id":"https:\/\/whiskyintenationalonline.com\/?product=angels-envy-cask-strength-bourbon-2022-release#breadcrumb","itemListElement":[{"@type":"ListItem","position":1,"name":"Home","item":"https:\/\/whiskyintenationalonline.com\/"},{"@type":"ListItem","position":2,"name":"Shop","item":"https:\/\/whiskyintenationalonline.com\/"},{"@type":"ListItem","position":3,"name":"Angel&#8217;s Envy Cask Strength Bourbon 2022 Release"}]},{"@type":"WebSite","@id":"https:\/\/whiskyintenationalonline.com\/#website","url":"https:\/\/whiskyintenationalonline.com\/","name":"Whisky International Online","description":"Whisky International Online: Buy Rare Single Malt Whisky| Whisky For Sale","publisher":{"@id":"https:\/\/whiskyintenationalonline.com\/#organization"},"potentialAction":[{"@type":"SearchAction","target":{"@type":"EntryPoint","urlTemplate":"https:\/\/whiskyintenationalonline.com\/?s={search_term_string}"},"query-input":{"@type":"PropertyValueSpecification","valueRequired":true,"valueName":"search_term_string"}}],"inLanguage":"en-US"},{"@type":"Organization","@id":"https:\/\/whiskyintenationalonline.com\/#organization","name":"Whisky International Online","url":"https:\/\/whiskyintenationalonline.com\/","logo":{"@type":"ImageObject","inLanguage":"en-US","@id":"https:\/\/whiskyintenationalonline.com\/#\/schema\/logo\/image\/","url":"https:\/\/whiskyintenationalonline.com\/wp-content\/uploads\/2025\/12\/download.png","contentUrl":"https:\/\/whiskyintenationalonline.com\/wp-content\/uploads\/2025\/12\/download.png","width":350,"height":197,"caption":"Whisky International Online"},"image":{"@id":"https:\/\/whiskyintenationalonline.com\/#\/schema\/logo\/image\/"}}]}},"jetpack_sharing_enabled":true,"_links":{"self":[{"href":"https:\/\/whiskyintenationalonline.com\/index.php?rest_route=\/wp\/v2\/product\/7941","targetHints":{"allow":["GET"]}}],"collection":[{"href":"https:\/\/whiskyintenationalonline.com\/index.php?rest_route=\/wp\/v2\/product"}],"about":[{"href":"https:\/\/whiskyintenationalonline.com\/index.php?rest_route=\/wp\/v2\/types\/product"}],"replies":[{"embeddable":true,"href":"https:\/\/whiskyintenationalonline.com\/index.php?rest_route=%2Fwp%2Fv2%2Fcomments&post=7941"}],"wp:featuredmedia":[{"embeddable":true,"href":"https:\/\/whiskyintenationalonline.com\/index.php?rest_route=\/wp\/v2\/media\/7942"}],"wp:attachment":[{"href":"https:\/\/whiskyintenationalonline.com\/index.php?rest_route=%2Fwp%2Fv2%2Fmedia&parent=7941"}],"wp:term":[{"taxonomy":"product_cat","embeddable":true,"href":"https:\/\/whiskyintenationalonline.com\/index.php?rest_route=%2Fwp%2Fv2%2Fproduct_cat&post=7941"},{"taxonomy":"product_tag","embeddable":true,"href":"https:\/\/whiskyintenationalonline.com\/index.php?rest_route=%2Fwp%2Fv2%2Fproduct_tag&post=7941"}],"curies":[{"name":"wp","href":"https:\/\/api.w.org\/{rel}","templated":true}]}}