{"id":7836,"date":"2024-01-22T15:58:50","date_gmt":"2024-01-22T15:58:50","guid":{"rendered":"https:\/\/whiskyintenationalonline.com\/?post_type=product&#038;p=7836"},"modified":"2024-01-22T15:58:50","modified_gmt":"2024-01-22T15:58:50","slug":"ruinart-rose-brut-champagne","status":"publish","type":"product","link":"https:\/\/whiskyintenationalonline.com\/?product=ruinart-rose-brut-champagne","title":{"rendered":"Ruinart Ros\u00e9 Brut Champagne"},"content":{"rendered":"<h2 class=\"story-subtitle\">About Ruinart Ros\u00e9 Brut Champagne<\/h2>\n<p>Established in 1729, Maison Ruinart was the world&#8217;s first Champagne-producing company, making it the oldest Champagne house. It was founded by Nicolas Ruinart in Reims, Champagne, soon after Louis XV authorized wine to be transported in bottles instead of barrels.<\/p>\n<p>Initially, the Champagne production was meant as a side business, but as the operation proved to be lucrative, the cloth selling business fell to the sidelines. Today, the house is owned by LVMH Mo\u00ebt Hennessy Louis Vuitton.<\/p>\n<p>The chalk quarries that provided optimal conditions for wine aging are a UNESCO World Heritage Site. These cellars can be 40 meters below the ground, the chalk helping keep the temperature at a constant 11 degrees Celsius.<\/p>\n<p>Chardonnay is at the heart of Ruinart, the grapes mostly coming from the C\u00f4te des Blancs and Montagne de Reims terroirs. Ruinart Ros\u00e9 has its origins in the 18th century.<\/p>\n<p>It&#8217;s a blend of 45% Chardonnay from the C\u00f4tes des Blancs and Montagne de Reims vineyards, and 55% Pinot Noir from the Montagne de Reims and Vall\u00e9e de la Marne vineyards. The Chardonnay brings the freshness, while the Pinot Noir \u2015 vinified as a red wine \u2015 brings the fullness and plenty of character.<\/p>\n<p>Get your bottle of this Champagne today!<\/p>\n<div id=\"tab-label-notes\" class=\"data item title active\" tabindex=\"0\" role=\"tab\" aria-labeledby=\"tab-label-notes-title\" data-role=\"collapsible\" data-collapsible=\"true\" aria-controls=\"notes\" aria-selected=\"true\" aria-expanded=\"true\">\n<h2>Tasting Notes<\/h2>\n<\/div>\n<div id=\"notes\" class=\"data item content\" role=\"tabpanel\" data-role=\"content\" aria-labelledby=\"tab-label-notes\" aria-hidden=\"false\">\n<div class=\"product attribute tasting-note\">\n<div class=\"value\">The Champagne is a beautiful pomegranate pink with orange reflections, light effervescence, and persistent foam. The nose is fresh with tropical fruit and berry aromas that give way to rose and pomegranate. The palate is fresh with ripe berries, mint, and pink grapefruit.<\/div>\n<\/div>\n<\/div>\n","protected":false},"excerpt":{"rendered":"<div class=\"top-attr-wrapper\"><span class=\"product-item-size\"><strong>SIZE<\/strong> 750mL <\/span><span class=\"product-item-size proof\"><strong>PROOF<\/strong> 25 (12.5% ABV)<\/span><\/div>\n<div><\/div>\n<div class=\"product attribute overview\">\n<div class=\"value\">Ruinart Ros\u00e9 has its origins in the 18th century. It&#8217;s a blend of 45% Chardonnay from the C\u00f4tes des Blancs and Montagne de Reims vineyards, and 55% Pinot Noir from the Montagne de Reims and Vall\u00e9e de la Marne vineyards.<\/div>\n<\/div>\n","protected":false},"featured_media":7837,"comment_status":"closed","ping_status":"closed","template":"","meta":{"inline_featured_image":false},"product_cat":[105],"product_tag":[],"class_list":{"0":"post-7836","1":"product","2":"type-product","3":"status-publish","4":"has-post-thumbnail","6":"product_cat-champagne","8":"first","9":"instock","10":"shipping-taxable","11":"purchasable","12":"product-type-simple"},"yoast_head":"<!-- This site is optimized with the Yoast SEO plugin v27.5 - https:\/\/yoast.com\/product\/yoast-seo-wordpress\/ -->\n<title>Ruinart Ros\u00e9 Brut Champagne - Whisky International Online<\/title>\n<meta name=\"description\" content=\"The Chardonnay brings the freshness, while the Pinot Noir \u2015 vinified as a red wine \u2015 brings the fullness and plenty of character.\" \/>\n<meta name=\"robots\" content=\"index, follow, max-snippet:-1, max-image-preview:large, max-video-preview:-1\" \/>\n<link rel=\"canonical\" href=\"https:\/\/whiskyintenationalonline.com\/?product=ruinart-rose-brut-champagne\" \/>\n<meta property=\"og:locale\" content=\"en_US\" \/>\n<meta property=\"og:type\" content=\"article\" \/>\n<meta property=\"og:title\" content=\"Ruinart Ros\u00e9 Brut Champagne - Whisky International Online\" \/>\n<meta property=\"og:description\" content=\"The Chardonnay brings the freshness, while the Pinot Noir \u2015 vinified as a red wine \u2015 brings the fullness and plenty of character.\" \/>\n<meta property=\"og:url\" content=\"https:\/\/whiskyintenationalonline.com\/?product=ruinart-rose-brut-champagne\" \/>\n<meta property=\"og:site_name\" content=\"Whisky International Online\" \/>\n<meta property=\"og:image\" content=\"https:\/\/whiskyintenationalonline.com\/wp-content\/uploads\/2024\/01\/ruinart-ros_-brut-champagne_1.jpg\" \/>\n\t<meta property=\"og:image:width\" content=\"500\" \/>\n\t<meta property=\"og:image:height\" content=\"500\" \/>\n\t<meta property=\"og:image:type\" content=\"image\/jpeg\" \/>\n<meta name=\"twitter:card\" content=\"summary_large_image\" \/>\n<meta name=\"twitter:label1\" content=\"Est. reading time\" \/>\n\t<meta name=\"twitter:data1\" content=\"2 minutes\" \/>\n<script type=\"application\/ld+json\" class=\"yoast-schema-graph\">{\"@context\":\"https:\\\/\\\/schema.org\",\"@graph\":[{\"@type\":\"WebPage\",\"@id\":\"https:\\\/\\\/whiskyintenationalonline.com\\\/?product=ruinart-rose-brut-champagne\",\"url\":\"https:\\\/\\\/whiskyintenationalonline.com\\\/?product=ruinart-rose-brut-champagne\",\"name\":\"Ruinart Ros\u00e9 Brut Champagne - Whisky International Online\",\"isPartOf\":{\"@id\":\"https:\\\/\\\/whiskyintenationalonline.com\\\/#website\"},\"primaryImageOfPage\":{\"@id\":\"https:\\\/\\\/whiskyintenationalonline.com\\\/?product=ruinart-rose-brut-champagne#primaryimage\"},\"image\":{\"@id\":\"https:\\\/\\\/whiskyintenationalonline.com\\\/?product=ruinart-rose-brut-champagne#primaryimage\"},\"thumbnailUrl\":\"https:\\\/\\\/whiskyintenationalonline.com\\\/wp-content\\\/uploads\\\/2024\\\/01\\\/ruinart-ros_-brut-champagne_1.jpg\",\"datePublished\":\"2024-01-22T15:58:50+00:00\",\"description\":\"The Chardonnay brings the freshness, while the Pinot Noir \u2015 vinified as a red wine \u2015 brings the fullness and plenty of character.\",\"breadcrumb\":{\"@id\":\"https:\\\/\\\/whiskyintenationalonline.com\\\/?product=ruinart-rose-brut-champagne#breadcrumb\"},\"inLanguage\":\"en-US\",\"potentialAction\":[{\"@type\":\"ReadAction\",\"target\":[\"https:\\\/\\\/whiskyintenationalonline.com\\\/?product=ruinart-rose-brut-champagne\"]}]},{\"@type\":\"ImageObject\",\"inLanguage\":\"en-US\",\"@id\":\"https:\\\/\\\/whiskyintenationalonline.com\\\/?product=ruinart-rose-brut-champagne#primaryimage\",\"url\":\"https:\\\/\\\/whiskyintenationalonline.com\\\/wp-content\\\/uploads\\\/2024\\\/01\\\/ruinart-ros_-brut-champagne_1.jpg\",\"contentUrl\":\"https:\\\/\\\/whiskyintenationalonline.com\\\/wp-content\\\/uploads\\\/2024\\\/01\\\/ruinart-ros_-brut-champagne_1.jpg\",\"width\":500,\"height\":500,\"caption\":\"Ruinart Ros\u00e9 Brut Champagne\"},{\"@type\":\"BreadcrumbList\",\"@id\":\"https:\\\/\\\/whiskyintenationalonline.com\\\/?product=ruinart-rose-brut-champagne#breadcrumb\",\"itemListElement\":[{\"@type\":\"ListItem\",\"position\":1,\"name\":\"Home\",\"item\":\"https:\\\/\\\/whiskyintenationalonline.com\\\/\"},{\"@type\":\"ListItem\",\"position\":2,\"name\":\"Shop\",\"item\":\"https:\\\/\\\/whiskyintenationalonline.com\\\/\"},{\"@type\":\"ListItem\",\"position\":3,\"name\":\"Ruinart Ros\u00e9 Brut Champagne\"}]},{\"@type\":\"WebSite\",\"@id\":\"https:\\\/\\\/whiskyintenationalonline.com\\\/#website\",\"url\":\"https:\\\/\\\/whiskyintenationalonline.com\\\/\",\"name\":\"Whisky International Online\",\"description\":\"Whisky International Online: Buy Rare Single Malt Whisky| Whisky For Sale\",\"publisher\":{\"@id\":\"https:\\\/\\\/whiskyintenationalonline.com\\\/#organization\"},\"potentialAction\":[{\"@type\":\"SearchAction\",\"target\":{\"@type\":\"EntryPoint\",\"urlTemplate\":\"https:\\\/\\\/whiskyintenationalonline.com\\\/?s={search_term_string}\"},\"query-input\":{\"@type\":\"PropertyValueSpecification\",\"valueRequired\":true,\"valueName\":\"search_term_string\"}}],\"inLanguage\":\"en-US\"},{\"@type\":\"Organization\",\"@id\":\"https:\\\/\\\/whiskyintenationalonline.com\\\/#organization\",\"name\":\"Whisky International Online\",\"url\":\"https:\\\/\\\/whiskyintenationalonline.com\\\/\",\"logo\":{\"@type\":\"ImageObject\",\"inLanguage\":\"en-US\",\"@id\":\"https:\\\/\\\/whiskyintenationalonline.com\\\/#\\\/schema\\\/logo\\\/image\\\/\",\"url\":\"https:\\\/\\\/whiskyintenationalonline.com\\\/wp-content\\\/uploads\\\/2025\\\/12\\\/download.png\",\"contentUrl\":\"https:\\\/\\\/whiskyintenationalonline.com\\\/wp-content\\\/uploads\\\/2025\\\/12\\\/download.png\",\"width\":350,\"height\":197,\"caption\":\"Whisky International Online\"},\"image\":{\"@id\":\"https:\\\/\\\/whiskyintenationalonline.com\\\/#\\\/schema\\\/logo\\\/image\\\/\"}}]}<\/script>\n<!-- \/ Yoast SEO plugin. -->","yoast_head_json":{"title":"Ruinart Ros\u00e9 Brut Champagne - Whisky International Online","description":"The Chardonnay brings the freshness, while the Pinot Noir \u2015 vinified as a red wine \u2015 brings the fullness and plenty of character.","robots":{"index":"index","follow":"follow","max-snippet":"max-snippet:-1","max-image-preview":"max-image-preview:large","max-video-preview":"max-video-preview:-1"},"canonical":"https:\/\/whiskyintenationalonline.com\/?product=ruinart-rose-brut-champagne","og_locale":"en_US","og_type":"article","og_title":"Ruinart Ros\u00e9 Brut Champagne - Whisky International Online","og_description":"The Chardonnay brings the freshness, while the Pinot Noir \u2015 vinified as a red wine \u2015 brings the fullness and plenty of character.","og_url":"https:\/\/whiskyintenationalonline.com\/?product=ruinart-rose-brut-champagne","og_site_name":"Whisky International Online","og_image":[{"width":500,"height":500,"url":"https:\/\/whiskyintenationalonline.com\/wp-content\/uploads\/2024\/01\/ruinart-ros_-brut-champagne_1.jpg","type":"image\/jpeg"}],"twitter_card":"summary_large_image","twitter_misc":{"Est. reading time":"2 minutes"},"schema":{"@context":"https:\/\/schema.org","@graph":[{"@type":"WebPage","@id":"https:\/\/whiskyintenationalonline.com\/?product=ruinart-rose-brut-champagne","url":"https:\/\/whiskyintenationalonline.com\/?product=ruinart-rose-brut-champagne","name":"Ruinart Ros\u00e9 Brut Champagne - Whisky International Online","isPartOf":{"@id":"https:\/\/whiskyintenationalonline.com\/#website"},"primaryImageOfPage":{"@id":"https:\/\/whiskyintenationalonline.com\/?product=ruinart-rose-brut-champagne#primaryimage"},"image":{"@id":"https:\/\/whiskyintenationalonline.com\/?product=ruinart-rose-brut-champagne#primaryimage"},"thumbnailUrl":"https:\/\/whiskyintenationalonline.com\/wp-content\/uploads\/2024\/01\/ruinart-ros_-brut-champagne_1.jpg","datePublished":"2024-01-22T15:58:50+00:00","description":"The Chardonnay brings the freshness, while the Pinot Noir \u2015 vinified as a red wine \u2015 brings the fullness and plenty of character.","breadcrumb":{"@id":"https:\/\/whiskyintenationalonline.com\/?product=ruinart-rose-brut-champagne#breadcrumb"},"inLanguage":"en-US","potentialAction":[{"@type":"ReadAction","target":["https:\/\/whiskyintenationalonline.com\/?product=ruinart-rose-brut-champagne"]}]},{"@type":"ImageObject","inLanguage":"en-US","@id":"https:\/\/whiskyintenationalonline.com\/?product=ruinart-rose-brut-champagne#primaryimage","url":"https:\/\/whiskyintenationalonline.com\/wp-content\/uploads\/2024\/01\/ruinart-ros_-brut-champagne_1.jpg","contentUrl":"https:\/\/whiskyintenationalonline.com\/wp-content\/uploads\/2024\/01\/ruinart-ros_-brut-champagne_1.jpg","width":500,"height":500,"caption":"Ruinart Ros\u00e9 Brut Champagne"},{"@type":"BreadcrumbList","@id":"https:\/\/whiskyintenationalonline.com\/?product=ruinart-rose-brut-champagne#breadcrumb","itemListElement":[{"@type":"ListItem","position":1,"name":"Home","item":"https:\/\/whiskyintenationalonline.com\/"},{"@type":"ListItem","position":2,"name":"Shop","item":"https:\/\/whiskyintenationalonline.com\/"},{"@type":"ListItem","position":3,"name":"Ruinart Ros\u00e9 Brut Champagne"}]},{"@type":"WebSite","@id":"https:\/\/whiskyintenationalonline.com\/#website","url":"https:\/\/whiskyintenationalonline.com\/","name":"Whisky International Online","description":"Whisky International Online: Buy Rare Single Malt Whisky| Whisky For Sale","publisher":{"@id":"https:\/\/whiskyintenationalonline.com\/#organization"},"potentialAction":[{"@type":"SearchAction","target":{"@type":"EntryPoint","urlTemplate":"https:\/\/whiskyintenationalonline.com\/?s={search_term_string}"},"query-input":{"@type":"PropertyValueSpecification","valueRequired":true,"valueName":"search_term_string"}}],"inLanguage":"en-US"},{"@type":"Organization","@id":"https:\/\/whiskyintenationalonline.com\/#organization","name":"Whisky International Online","url":"https:\/\/whiskyintenationalonline.com\/","logo":{"@type":"ImageObject","inLanguage":"en-US","@id":"https:\/\/whiskyintenationalonline.com\/#\/schema\/logo\/image\/","url":"https:\/\/whiskyintenationalonline.com\/wp-content\/uploads\/2025\/12\/download.png","contentUrl":"https:\/\/whiskyintenationalonline.com\/wp-content\/uploads\/2025\/12\/download.png","width":350,"height":197,"caption":"Whisky International Online"},"image":{"@id":"https:\/\/whiskyintenationalonline.com\/#\/schema\/logo\/image\/"}}]}},"jetpack_sharing_enabled":true,"_links":{"self":[{"href":"https:\/\/whiskyintenationalonline.com\/index.php?rest_route=\/wp\/v2\/product\/7836","targetHints":{"allow":["GET"]}}],"collection":[{"href":"https:\/\/whiskyintenationalonline.com\/index.php?rest_route=\/wp\/v2\/product"}],"about":[{"href":"https:\/\/whiskyintenationalonline.com\/index.php?rest_route=\/wp\/v2\/types\/product"}],"replies":[{"embeddable":true,"href":"https:\/\/whiskyintenationalonline.com\/index.php?rest_route=%2Fwp%2Fv2%2Fcomments&post=7836"}],"wp:featuredmedia":[{"embeddable":true,"href":"https:\/\/whiskyintenationalonline.com\/index.php?rest_route=\/wp\/v2\/media\/7837"}],"wp:attachment":[{"href":"https:\/\/whiskyintenationalonline.com\/index.php?rest_route=%2Fwp%2Fv2%2Fmedia&parent=7836"}],"wp:term":[{"taxonomy":"product_cat","embeddable":true,"href":"https:\/\/whiskyintenationalonline.com\/index.php?rest_route=%2Fwp%2Fv2%2Fproduct_cat&post=7836"},{"taxonomy":"product_tag","embeddable":true,"href":"https:\/\/whiskyintenationalonline.com\/index.php?rest_route=%2Fwp%2Fv2%2Fproduct_tag&post=7836"}],"curies":[{"name":"wp","href":"https:\/\/api.w.org\/{rel}","templated":true}]}}