{"id":7816,"date":"2024-01-22T15:38:18","date_gmt":"2024-01-22T15:38:18","guid":{"rendered":"https:\/\/whiskyintenationalonline.com\/?post_type=product&#038;p=7816"},"modified":"2024-01-22T15:38:19","modified_gmt":"2024-01-22T15:38:19","slug":"perrier-jouet-belle-epoque-2013-brut-champagne","status":"publish","type":"product","link":"https:\/\/whiskyintenationalonline.com\/?product=perrier-jouet-belle-epoque-2013-brut-champagne","title":{"rendered":"Perrier-Jou\u00ebt Belle Epoque 2013 Brut Champagne"},"content":{"rendered":"<h2 class=\"story-subtitle\">About Perrier-Jou\u00ebt Belle Epoque 2013 Brut Champagne<\/h2>\n<p>Nicolas Perrier and Rose-Ad\u00e9la\u00efde Jou\u00ebt founded Perrier-Jou\u00ebt in 1811. Today, the House owns 65 hectares of vineyards, most of these Grand Cru. Belle Epoque Brut Champagne is inspired by the House&#8217;s first prestige bottling that in turn took its cues from the historic Blason de France.<\/p>\n<p>The bottle is adorned with a floral pattern that was created for Perrier-Jou\u00ebt by Art Nouveau master Emile Gall\u00e9 more than a century ago. The 2013 vintage was crafted under the watchful eye of Cellar Master S\u00e9verine Frerson with 50% Chardonnay, 45% Pinot Noir, and 5% Meunier.<\/p>\n<p>2013 was particularly good for Chardonnay, the House&#8217;s signature grape. Delicate, harmonious, and elegant, this Champagne is the perfect embodiment of the floral style of the House. It pairs well with king prawns with creamy polenta, sole meuni\u00e8re, Parmesan, or Comt\u00e9 cheese.<\/p>\n<p>Get your bottle of this Champagne today!<\/p>\n<div id=\"tab-label-notes\" class=\"data item title active\" tabindex=\"0\" role=\"tab\" aria-labeledby=\"tab-label-notes-title\" data-role=\"collapsible\" data-collapsible=\"true\" aria-controls=\"notes\" aria-selected=\"true\" aria-expanded=\"true\">\n<h2>Tasting Notes<\/h2>\n<\/div>\n<div id=\"notes\" class=\"data item content\" role=\"tabpanel\" data-role=\"content\" aria-labelledby=\"tab-label-notes\" aria-hidden=\"false\">\n<div class=\"product attribute tasting-note\">\n<div class=\"value\">The nose is delicate and floral with white blossoms and inviting fruit aromas. It&#8217;s creamy on the palate with linden blossom, pear, mandarin, and grapefruit notes. The finish is long and nuanced.<\/div>\n<\/div>\n<\/div>\n","protected":false},"excerpt":{"rendered":"<div class=\"top-attr-wrapper\"><span class=\"product-item-size\"><strong>SIZE<\/strong> 750mL <\/span><span class=\"product-item-size proof\"><strong>PROOF<\/strong> 25 (12.5% ABV)<\/span><\/div>\n<div><\/div>\n<div class=\"product attribute overview\">\n<div class=\"value\">2013 was a particularly good year for Chardonnay, Perrier-Jou\u00ebt&#8217;s signature grape. This delicate, floral, and harmonious vintage Champagne was crafted under the watchful eye of Cellar Master S\u00e9verine Frerson with 50% Chardonnay, 45% Pinot Noir, and 5% Meunier.<\/div>\n<\/div>\n","protected":false},"featured_media":7817,"comment_status":"closed","ping_status":"closed","template":"","meta":{"inline_featured_image":false},"product_cat":[105],"product_tag":[],"class_list":{"0":"post-7816","1":"product","2":"type-product","3":"status-publish","4":"has-post-thumbnail","6":"product_cat-champagne","8":"first","9":"instock","10":"shipping-taxable","11":"purchasable","12":"product-type-simple"},"yoast_head":"<!-- This site is optimized with the Yoast SEO plugin v27.5 - https:\/\/yoast.com\/product\/yoast-seo-wordpress\/ -->\n<title>Perrier-Jou\u00ebt Belle Epoque 2013 Brut Champagne - Whisky International Online<\/title>\n<meta name=\"description\" content=\"The bottle is adorned with a floral pattern that was created for Perrier-Jou\u00ebt by Art Nouveau master Emile Gall\u00e9 more than a century ago.\" \/>\n<meta name=\"robots\" content=\"index, follow, max-snippet:-1, max-image-preview:large, max-video-preview:-1\" \/>\n<link rel=\"canonical\" href=\"https:\/\/whiskyintenationalonline.com\/?product=perrier-jouet-belle-epoque-2013-brut-champagne\" \/>\n<meta property=\"og:locale\" content=\"en_US\" \/>\n<meta property=\"og:type\" content=\"article\" \/>\n<meta property=\"og:title\" content=\"Perrier-Jou\u00ebt Belle Epoque 2013 Brut Champagne - Whisky International Online\" \/>\n<meta property=\"og:description\" content=\"The bottle is adorned with a floral pattern that was created for Perrier-Jou\u00ebt by Art Nouveau master Emile Gall\u00e9 more than a century ago.\" \/>\n<meta property=\"og:url\" content=\"https:\/\/whiskyintenationalonline.com\/?product=perrier-jouet-belle-epoque-2013-brut-champagne\" \/>\n<meta property=\"og:site_name\" content=\"Whisky International Online\" \/>\n<meta property=\"article:modified_time\" content=\"2024-01-22T15:38:19+00:00\" \/>\n<meta property=\"og:image\" content=\"https:\/\/whiskyintenationalonline.com\/wp-content\/uploads\/2024\/01\/perrier-jou_t-belle-epoque-2014-brut-champagne-1-1.jpg\" \/>\n\t<meta property=\"og:image:width\" content=\"500\" \/>\n\t<meta property=\"og:image:height\" content=\"500\" \/>\n\t<meta property=\"og:image:type\" content=\"image\/jpeg\" \/>\n<meta name=\"twitter:card\" content=\"summary_large_image\" \/>\n<meta name=\"twitter:label1\" content=\"Est. reading time\" \/>\n\t<meta name=\"twitter:data1\" content=\"2 minutes\" \/>\n<script type=\"application\/ld+json\" class=\"yoast-schema-graph\">{\"@context\":\"https:\\\/\\\/schema.org\",\"@graph\":[{\"@type\":\"WebPage\",\"@id\":\"https:\\\/\\\/whiskyintenationalonline.com\\\/?product=perrier-jouet-belle-epoque-2013-brut-champagne\",\"url\":\"https:\\\/\\\/whiskyintenationalonline.com\\\/?product=perrier-jouet-belle-epoque-2013-brut-champagne\",\"name\":\"Perrier-Jou\u00ebt Belle Epoque 2013 Brut Champagne - Whisky International Online\",\"isPartOf\":{\"@id\":\"https:\\\/\\\/whiskyintenationalonline.com\\\/#website\"},\"primaryImageOfPage\":{\"@id\":\"https:\\\/\\\/whiskyintenationalonline.com\\\/?product=perrier-jouet-belle-epoque-2013-brut-champagne#primaryimage\"},\"image\":{\"@id\":\"https:\\\/\\\/whiskyintenationalonline.com\\\/?product=perrier-jouet-belle-epoque-2013-brut-champagne#primaryimage\"},\"thumbnailUrl\":\"https:\\\/\\\/whiskyintenationalonline.com\\\/wp-content\\\/uploads\\\/2024\\\/01\\\/perrier-jou_t-belle-epoque-2014-brut-champagne-1-1.jpg\",\"datePublished\":\"2024-01-22T15:38:18+00:00\",\"dateModified\":\"2024-01-22T15:38:19+00:00\",\"description\":\"The bottle is adorned with a floral pattern that was created for Perrier-Jou\u00ebt by Art Nouveau master Emile Gall\u00e9 more than a century ago.\",\"breadcrumb\":{\"@id\":\"https:\\\/\\\/whiskyintenationalonline.com\\\/?product=perrier-jouet-belle-epoque-2013-brut-champagne#breadcrumb\"},\"inLanguage\":\"en-US\",\"potentialAction\":[{\"@type\":\"ReadAction\",\"target\":[\"https:\\\/\\\/whiskyintenationalonline.com\\\/?product=perrier-jouet-belle-epoque-2013-brut-champagne\"]}]},{\"@type\":\"ImageObject\",\"inLanguage\":\"en-US\",\"@id\":\"https:\\\/\\\/whiskyintenationalonline.com\\\/?product=perrier-jouet-belle-epoque-2013-brut-champagne#primaryimage\",\"url\":\"https:\\\/\\\/whiskyintenationalonline.com\\\/wp-content\\\/uploads\\\/2024\\\/01\\\/perrier-jou_t-belle-epoque-2014-brut-champagne-1-1.jpg\",\"contentUrl\":\"https:\\\/\\\/whiskyintenationalonline.com\\\/wp-content\\\/uploads\\\/2024\\\/01\\\/perrier-jou_t-belle-epoque-2014-brut-champagne-1-1.jpg\",\"width\":500,\"height\":500,\"caption\":\"Perrier-Jou\u00ebt Belle Epoque 2013 Brut Champagne\"},{\"@type\":\"BreadcrumbList\",\"@id\":\"https:\\\/\\\/whiskyintenationalonline.com\\\/?product=perrier-jouet-belle-epoque-2013-brut-champagne#breadcrumb\",\"itemListElement\":[{\"@type\":\"ListItem\",\"position\":1,\"name\":\"Home\",\"item\":\"https:\\\/\\\/whiskyintenationalonline.com\\\/\"},{\"@type\":\"ListItem\",\"position\":2,\"name\":\"Shop\",\"item\":\"https:\\\/\\\/whiskyintenationalonline.com\\\/\"},{\"@type\":\"ListItem\",\"position\":3,\"name\":\"Perrier-Jou\u00ebt Belle Epoque 2013 Brut Champagne\"}]},{\"@type\":\"WebSite\",\"@id\":\"https:\\\/\\\/whiskyintenationalonline.com\\\/#website\",\"url\":\"https:\\\/\\\/whiskyintenationalonline.com\\\/\",\"name\":\"Whisky International Online\",\"description\":\"Whisky International Online: Buy Rare Single Malt Whisky| Whisky For Sale\",\"publisher\":{\"@id\":\"https:\\\/\\\/whiskyintenationalonline.com\\\/#organization\"},\"potentialAction\":[{\"@type\":\"SearchAction\",\"target\":{\"@type\":\"EntryPoint\",\"urlTemplate\":\"https:\\\/\\\/whiskyintenationalonline.com\\\/?s={search_term_string}\"},\"query-input\":{\"@type\":\"PropertyValueSpecification\",\"valueRequired\":true,\"valueName\":\"search_term_string\"}}],\"inLanguage\":\"en-US\"},{\"@type\":\"Organization\",\"@id\":\"https:\\\/\\\/whiskyintenationalonline.com\\\/#organization\",\"name\":\"Whisky International Online\",\"url\":\"https:\\\/\\\/whiskyintenationalonline.com\\\/\",\"logo\":{\"@type\":\"ImageObject\",\"inLanguage\":\"en-US\",\"@id\":\"https:\\\/\\\/whiskyintenationalonline.com\\\/#\\\/schema\\\/logo\\\/image\\\/\",\"url\":\"https:\\\/\\\/whiskyintenationalonline.com\\\/wp-content\\\/uploads\\\/2025\\\/12\\\/download.png\",\"contentUrl\":\"https:\\\/\\\/whiskyintenationalonline.com\\\/wp-content\\\/uploads\\\/2025\\\/12\\\/download.png\",\"width\":350,\"height\":197,\"caption\":\"Whisky International Online\"},\"image\":{\"@id\":\"https:\\\/\\\/whiskyintenationalonline.com\\\/#\\\/schema\\\/logo\\\/image\\\/\"}}]}<\/script>\n<!-- \/ Yoast SEO plugin. -->","yoast_head_json":{"title":"Perrier-Jou\u00ebt Belle Epoque 2013 Brut Champagne - Whisky International Online","description":"The bottle is adorned with a floral pattern that was created for Perrier-Jou\u00ebt by Art Nouveau master Emile Gall\u00e9 more than a century ago.","robots":{"index":"index","follow":"follow","max-snippet":"max-snippet:-1","max-image-preview":"max-image-preview:large","max-video-preview":"max-video-preview:-1"},"canonical":"https:\/\/whiskyintenationalonline.com\/?product=perrier-jouet-belle-epoque-2013-brut-champagne","og_locale":"en_US","og_type":"article","og_title":"Perrier-Jou\u00ebt Belle Epoque 2013 Brut Champagne - Whisky International Online","og_description":"The bottle is adorned with a floral pattern that was created for Perrier-Jou\u00ebt by Art Nouveau master Emile Gall\u00e9 more than a century ago.","og_url":"https:\/\/whiskyintenationalonline.com\/?product=perrier-jouet-belle-epoque-2013-brut-champagne","og_site_name":"Whisky International Online","article_modified_time":"2024-01-22T15:38:19+00:00","og_image":[{"width":500,"height":500,"url":"https:\/\/whiskyintenationalonline.com\/wp-content\/uploads\/2024\/01\/perrier-jou_t-belle-epoque-2014-brut-champagne-1-1.jpg","type":"image\/jpeg"}],"twitter_card":"summary_large_image","twitter_misc":{"Est. reading time":"2 minutes"},"schema":{"@context":"https:\/\/schema.org","@graph":[{"@type":"WebPage","@id":"https:\/\/whiskyintenationalonline.com\/?product=perrier-jouet-belle-epoque-2013-brut-champagne","url":"https:\/\/whiskyintenationalonline.com\/?product=perrier-jouet-belle-epoque-2013-brut-champagne","name":"Perrier-Jou\u00ebt Belle Epoque 2013 Brut Champagne - Whisky International Online","isPartOf":{"@id":"https:\/\/whiskyintenationalonline.com\/#website"},"primaryImageOfPage":{"@id":"https:\/\/whiskyintenationalonline.com\/?product=perrier-jouet-belle-epoque-2013-brut-champagne#primaryimage"},"image":{"@id":"https:\/\/whiskyintenationalonline.com\/?product=perrier-jouet-belle-epoque-2013-brut-champagne#primaryimage"},"thumbnailUrl":"https:\/\/whiskyintenationalonline.com\/wp-content\/uploads\/2024\/01\/perrier-jou_t-belle-epoque-2014-brut-champagne-1-1.jpg","datePublished":"2024-01-22T15:38:18+00:00","dateModified":"2024-01-22T15:38:19+00:00","description":"The bottle is adorned with a floral pattern that was created for Perrier-Jou\u00ebt by Art Nouveau master Emile Gall\u00e9 more than a century ago.","breadcrumb":{"@id":"https:\/\/whiskyintenationalonline.com\/?product=perrier-jouet-belle-epoque-2013-brut-champagne#breadcrumb"},"inLanguage":"en-US","potentialAction":[{"@type":"ReadAction","target":["https:\/\/whiskyintenationalonline.com\/?product=perrier-jouet-belle-epoque-2013-brut-champagne"]}]},{"@type":"ImageObject","inLanguage":"en-US","@id":"https:\/\/whiskyintenationalonline.com\/?product=perrier-jouet-belle-epoque-2013-brut-champagne#primaryimage","url":"https:\/\/whiskyintenationalonline.com\/wp-content\/uploads\/2024\/01\/perrier-jou_t-belle-epoque-2014-brut-champagne-1-1.jpg","contentUrl":"https:\/\/whiskyintenationalonline.com\/wp-content\/uploads\/2024\/01\/perrier-jou_t-belle-epoque-2014-brut-champagne-1-1.jpg","width":500,"height":500,"caption":"Perrier-Jou\u00ebt Belle Epoque 2013 Brut Champagne"},{"@type":"BreadcrumbList","@id":"https:\/\/whiskyintenationalonline.com\/?product=perrier-jouet-belle-epoque-2013-brut-champagne#breadcrumb","itemListElement":[{"@type":"ListItem","position":1,"name":"Home","item":"https:\/\/whiskyintenationalonline.com\/"},{"@type":"ListItem","position":2,"name":"Shop","item":"https:\/\/whiskyintenationalonline.com\/"},{"@type":"ListItem","position":3,"name":"Perrier-Jou\u00ebt Belle Epoque 2013 Brut Champagne"}]},{"@type":"WebSite","@id":"https:\/\/whiskyintenationalonline.com\/#website","url":"https:\/\/whiskyintenationalonline.com\/","name":"Whisky International Online","description":"Whisky International Online: Buy Rare Single Malt Whisky| Whisky For Sale","publisher":{"@id":"https:\/\/whiskyintenationalonline.com\/#organization"},"potentialAction":[{"@type":"SearchAction","target":{"@type":"EntryPoint","urlTemplate":"https:\/\/whiskyintenationalonline.com\/?s={search_term_string}"},"query-input":{"@type":"PropertyValueSpecification","valueRequired":true,"valueName":"search_term_string"}}],"inLanguage":"en-US"},{"@type":"Organization","@id":"https:\/\/whiskyintenationalonline.com\/#organization","name":"Whisky International Online","url":"https:\/\/whiskyintenationalonline.com\/","logo":{"@type":"ImageObject","inLanguage":"en-US","@id":"https:\/\/whiskyintenationalonline.com\/#\/schema\/logo\/image\/","url":"https:\/\/whiskyintenationalonline.com\/wp-content\/uploads\/2025\/12\/download.png","contentUrl":"https:\/\/whiskyintenationalonline.com\/wp-content\/uploads\/2025\/12\/download.png","width":350,"height":197,"caption":"Whisky International Online"},"image":{"@id":"https:\/\/whiskyintenationalonline.com\/#\/schema\/logo\/image\/"}}]}},"jetpack_sharing_enabled":true,"_links":{"self":[{"href":"https:\/\/whiskyintenationalonline.com\/index.php?rest_route=\/wp\/v2\/product\/7816","targetHints":{"allow":["GET"]}}],"collection":[{"href":"https:\/\/whiskyintenationalonline.com\/index.php?rest_route=\/wp\/v2\/product"}],"about":[{"href":"https:\/\/whiskyintenationalonline.com\/index.php?rest_route=\/wp\/v2\/types\/product"}],"replies":[{"embeddable":true,"href":"https:\/\/whiskyintenationalonline.com\/index.php?rest_route=%2Fwp%2Fv2%2Fcomments&post=7816"}],"wp:featuredmedia":[{"embeddable":true,"href":"https:\/\/whiskyintenationalonline.com\/index.php?rest_route=\/wp\/v2\/media\/7817"}],"wp:attachment":[{"href":"https:\/\/whiskyintenationalonline.com\/index.php?rest_route=%2Fwp%2Fv2%2Fmedia&parent=7816"}],"wp:term":[{"taxonomy":"product_cat","embeddable":true,"href":"https:\/\/whiskyintenationalonline.com\/index.php?rest_route=%2Fwp%2Fv2%2Fproduct_cat&post=7816"},{"taxonomy":"product_tag","embeddable":true,"href":"https:\/\/whiskyintenationalonline.com\/index.php?rest_route=%2Fwp%2Fv2%2Fproduct_tag&post=7816"}],"curies":[{"name":"wp","href":"https:\/\/api.w.org\/{rel}","templated":true}]}}