{"id":7808,"date":"2024-01-22T15:31:22","date_gmt":"2024-01-22T15:31:22","guid":{"rendered":"https:\/\/whiskyintenationalonline.com\/?post_type=product&#038;p=7808"},"modified":"2024-01-22T15:31:22","modified_gmt":"2024-01-22T15:31:22","slug":"perrier-jouet-belle-epoque-2014-brut-champagne","status":"publish","type":"product","link":"https:\/\/whiskyintenationalonline.com\/?product=perrier-jouet-belle-epoque-2014-brut-champagne","title":{"rendered":"Perrier-Jou\u00ebt Belle Epoque 2014 Brut Champagne"},"content":{"rendered":"<h2 class=\"story-subtitle\">About Perrier-Jou\u00ebt Belle Epoque 2014 Brut Champagne<\/h2>\n<p>Perrier-Jou\u00ebt Belle \u00c9poque is the premier vintage cuv\u00e9e that has been making waves since its introduction in 1964. Its iconic bottle shows off the elegant spray of Japanese white anemones, a design created by Art Nouveau master Emile Gall\u00e9 for Maison Perrier-Jou\u00ebt in 1902.<\/p>\n<p>This 2014 bubbly belle is a harmonious blend of 50% Chardonnay, 45% Pinot Noir, and 5% Pinot Meunier grapes, expertly crafted to showcase the unique character of the vintage.<\/p>\n<p>Savor the delicate aromas of vine peach and poached pear, with hints of linden and hawthorn blossom on the nose, and be transported by the symphony of flavors on the palate, including vine peach, poached pear, and rhubarb.<\/p>\n<p>This prestigious cuv\u00e9e is a perfect accompaniment to noble ingredients such as king prawns with creamy polenta, sole meuni\u00e8re, Parmesan, or Comt\u00e9 cheese \u2014 making it the ideal choice for the most exclusive soirees and dinner parties.<\/p>\n<p>Don\u2019t miss out on this vintage cuv\u00e9e and grab your bottle today!<\/p>\n<div id=\"tab-label-notes\" class=\"data item title active\" tabindex=\"0\" role=\"tab\" aria-labeledby=\"tab-label-notes-title\" data-role=\"collapsible\" data-collapsible=\"true\" aria-controls=\"notes\" aria-selected=\"true\" aria-expanded=\"true\">\n<h2>Tasting Notes<\/h2>\n<\/div>\n<div id=\"notes\" class=\"data item content\" role=\"tabpanel\" data-role=\"content\" aria-labelledby=\"tab-label-notes\" aria-hidden=\"false\">\n<div class=\"product attribute tasting-note\">\n<div class=\"value\">This pale gold potion opens in a delicately fruity note with vine peach and poached pear taking the lead and linden and hawthorn blossom lingering in the back. The palate is juicy, with a prominent vine peach aroma complemented by poached pear and rhubarb. The finish is pleasant and bright.<\/div>\n<\/div>\n<\/div>\n","protected":false},"excerpt":{"rendered":"<div class=\"top-attr-wrapper\"><span class=\"product-item-size\"><strong>SIZE<\/strong> 750mL <\/span><span class=\"product-item-size proof\"><strong>PROOF<\/strong> 25 (12.5% ABV)<\/span><\/div>\n<div><\/div>\n<div class=\"product attribute overview\">\n<div class=\"value\">Perrier-Jou\u00ebt Belle \u00c9poque is the ultimate vintage cuv\u00e9e, showcasing an iconic bottle designed by Art Nouveau master Emile Gall\u00e9.<\/div>\n<div><\/div>\n<div class=\"value\">Harmoniously blended from 50% Chardonnay, 45% Pinot Noir, and 5% Pinot Meunier grapes, this 2014 beauty delights with the delicate flavors of vine peach, rhubarb, and poached pear \u2014 just a perfect companion for your exclusive soirees and dinner parties.<\/div>\n<\/div>\n","protected":false},"featured_media":7809,"comment_status":"closed","ping_status":"closed","template":"","meta":{"inline_featured_image":false},"product_cat":[105],"product_tag":[],"class_list":{"0":"post-7808","1":"product","2":"type-product","3":"status-publish","4":"has-post-thumbnail","6":"product_cat-champagne","8":"first","9":"instock","10":"shipping-taxable","11":"purchasable","12":"product-type-simple"},"yoast_head":"<!-- This site is optimized with the Yoast SEO plugin v27.5 - https:\/\/yoast.com\/product\/yoast-seo-wordpress\/ -->\n<title>Perrier-Jou\u00ebt Belle Epoque 2014 Brut Champagne - Whisky International Online<\/title>\n<meta name=\"description\" content=\"This 2014 bubbly belle is a harmonious blend of 50% Chardonnay, 45% Pinot Noir, and 5% Pinot Meunier grapes, expertly crafted to showcase the unique......\" \/>\n<meta name=\"robots\" content=\"index, follow, max-snippet:-1, max-image-preview:large, max-video-preview:-1\" \/>\n<link rel=\"canonical\" href=\"https:\/\/whiskyintenationalonline.com\/?product=perrier-jouet-belle-epoque-2014-brut-champagne\" \/>\n<meta property=\"og:locale\" content=\"en_US\" \/>\n<meta property=\"og:type\" content=\"article\" \/>\n<meta property=\"og:title\" content=\"Perrier-Jou\u00ebt Belle Epoque 2014 Brut Champagne - Whisky International Online\" \/>\n<meta property=\"og:description\" content=\"This 2014 bubbly belle is a harmonious blend of 50% Chardonnay, 45% Pinot Noir, and 5% Pinot Meunier grapes, expertly crafted to showcase the unique......\" \/>\n<meta property=\"og:url\" content=\"https:\/\/whiskyintenationalonline.com\/?product=perrier-jouet-belle-epoque-2014-brut-champagne\" \/>\n<meta property=\"og:site_name\" content=\"Whisky International Online\" \/>\n<meta property=\"og:image\" content=\"https:\/\/whiskyintenationalonline.com\/wp-content\/uploads\/2024\/01\/perrier-jou_t-belle-epoque-2014-brut-champagne-1.jpg\" \/>\n\t<meta property=\"og:image:width\" content=\"500\" \/>\n\t<meta property=\"og:image:height\" content=\"500\" \/>\n\t<meta property=\"og:image:type\" content=\"image\/jpeg\" \/>\n<meta name=\"twitter:card\" content=\"summary_large_image\" \/>\n<meta name=\"twitter:label1\" content=\"Est. reading time\" \/>\n\t<meta name=\"twitter:data1\" content=\"1 minute\" \/>\n<script type=\"application\/ld+json\" class=\"yoast-schema-graph\">{\"@context\":\"https:\\\/\\\/schema.org\",\"@graph\":[{\"@type\":\"WebPage\",\"@id\":\"https:\\\/\\\/whiskyintenationalonline.com\\\/?product=perrier-jouet-belle-epoque-2014-brut-champagne\",\"url\":\"https:\\\/\\\/whiskyintenationalonline.com\\\/?product=perrier-jouet-belle-epoque-2014-brut-champagne\",\"name\":\"Perrier-Jou\u00ebt Belle Epoque 2014 Brut Champagne - Whisky International Online\",\"isPartOf\":{\"@id\":\"https:\\\/\\\/whiskyintenationalonline.com\\\/#website\"},\"primaryImageOfPage\":{\"@id\":\"https:\\\/\\\/whiskyintenationalonline.com\\\/?product=perrier-jouet-belle-epoque-2014-brut-champagne#primaryimage\"},\"image\":{\"@id\":\"https:\\\/\\\/whiskyintenationalonline.com\\\/?product=perrier-jouet-belle-epoque-2014-brut-champagne#primaryimage\"},\"thumbnailUrl\":\"https:\\\/\\\/whiskyintenationalonline.com\\\/wp-content\\\/uploads\\\/2024\\\/01\\\/perrier-jou_t-belle-epoque-2014-brut-champagne-1.jpg\",\"datePublished\":\"2024-01-22T15:31:22+00:00\",\"description\":\"This 2014 bubbly belle is a harmonious blend of 50% Chardonnay, 45% Pinot Noir, and 5% Pinot Meunier grapes, expertly crafted to showcase the unique......\",\"breadcrumb\":{\"@id\":\"https:\\\/\\\/whiskyintenationalonline.com\\\/?product=perrier-jouet-belle-epoque-2014-brut-champagne#breadcrumb\"},\"inLanguage\":\"en-US\",\"potentialAction\":[{\"@type\":\"ReadAction\",\"target\":[\"https:\\\/\\\/whiskyintenationalonline.com\\\/?product=perrier-jouet-belle-epoque-2014-brut-champagne\"]}]},{\"@type\":\"ImageObject\",\"inLanguage\":\"en-US\",\"@id\":\"https:\\\/\\\/whiskyintenationalonline.com\\\/?product=perrier-jouet-belle-epoque-2014-brut-champagne#primaryimage\",\"url\":\"https:\\\/\\\/whiskyintenationalonline.com\\\/wp-content\\\/uploads\\\/2024\\\/01\\\/perrier-jou_t-belle-epoque-2014-brut-champagne-1.jpg\",\"contentUrl\":\"https:\\\/\\\/whiskyintenationalonline.com\\\/wp-content\\\/uploads\\\/2024\\\/01\\\/perrier-jou_t-belle-epoque-2014-brut-champagne-1.jpg\",\"width\":500,\"height\":500,\"caption\":\"Perrier-Jou\u00ebt Belle Epoque 2014 Brut Champagne\"},{\"@type\":\"BreadcrumbList\",\"@id\":\"https:\\\/\\\/whiskyintenationalonline.com\\\/?product=perrier-jouet-belle-epoque-2014-brut-champagne#breadcrumb\",\"itemListElement\":[{\"@type\":\"ListItem\",\"position\":1,\"name\":\"Home\",\"item\":\"https:\\\/\\\/whiskyintenationalonline.com\\\/\"},{\"@type\":\"ListItem\",\"position\":2,\"name\":\"Shop\",\"item\":\"https:\\\/\\\/whiskyintenationalonline.com\\\/\"},{\"@type\":\"ListItem\",\"position\":3,\"name\":\"Perrier-Jou\u00ebt Belle Epoque 2014 Brut Champagne\"}]},{\"@type\":\"WebSite\",\"@id\":\"https:\\\/\\\/whiskyintenationalonline.com\\\/#website\",\"url\":\"https:\\\/\\\/whiskyintenationalonline.com\\\/\",\"name\":\"Whisky International Online\",\"description\":\"Whisky International Online: Buy Rare Single Malt Whisky| Whisky For Sale\",\"publisher\":{\"@id\":\"https:\\\/\\\/whiskyintenationalonline.com\\\/#organization\"},\"potentialAction\":[{\"@type\":\"SearchAction\",\"target\":{\"@type\":\"EntryPoint\",\"urlTemplate\":\"https:\\\/\\\/whiskyintenationalonline.com\\\/?s={search_term_string}\"},\"query-input\":{\"@type\":\"PropertyValueSpecification\",\"valueRequired\":true,\"valueName\":\"search_term_string\"}}],\"inLanguage\":\"en-US\"},{\"@type\":\"Organization\",\"@id\":\"https:\\\/\\\/whiskyintenationalonline.com\\\/#organization\",\"name\":\"Whisky International Online\",\"url\":\"https:\\\/\\\/whiskyintenationalonline.com\\\/\",\"logo\":{\"@type\":\"ImageObject\",\"inLanguage\":\"en-US\",\"@id\":\"https:\\\/\\\/whiskyintenationalonline.com\\\/#\\\/schema\\\/logo\\\/image\\\/\",\"url\":\"https:\\\/\\\/whiskyintenationalonline.com\\\/wp-content\\\/uploads\\\/2025\\\/12\\\/download.png\",\"contentUrl\":\"https:\\\/\\\/whiskyintenationalonline.com\\\/wp-content\\\/uploads\\\/2025\\\/12\\\/download.png\",\"width\":350,\"height\":197,\"caption\":\"Whisky International Online\"},\"image\":{\"@id\":\"https:\\\/\\\/whiskyintenationalonline.com\\\/#\\\/schema\\\/logo\\\/image\\\/\"}}]}<\/script>\n<!-- \/ Yoast SEO plugin. -->","yoast_head_json":{"title":"Perrier-Jou\u00ebt Belle Epoque 2014 Brut Champagne - Whisky International Online","description":"This 2014 bubbly belle is a harmonious blend of 50% Chardonnay, 45% Pinot Noir, and 5% Pinot Meunier grapes, expertly crafted to showcase the unique......","robots":{"index":"index","follow":"follow","max-snippet":"max-snippet:-1","max-image-preview":"max-image-preview:large","max-video-preview":"max-video-preview:-1"},"canonical":"https:\/\/whiskyintenationalonline.com\/?product=perrier-jouet-belle-epoque-2014-brut-champagne","og_locale":"en_US","og_type":"article","og_title":"Perrier-Jou\u00ebt Belle Epoque 2014 Brut Champagne - Whisky International Online","og_description":"This 2014 bubbly belle is a harmonious blend of 50% Chardonnay, 45% Pinot Noir, and 5% Pinot Meunier grapes, expertly crafted to showcase the unique......","og_url":"https:\/\/whiskyintenationalonline.com\/?product=perrier-jouet-belle-epoque-2014-brut-champagne","og_site_name":"Whisky International Online","og_image":[{"width":500,"height":500,"url":"https:\/\/whiskyintenationalonline.com\/wp-content\/uploads\/2024\/01\/perrier-jou_t-belle-epoque-2014-brut-champagne-1.jpg","type":"image\/jpeg"}],"twitter_card":"summary_large_image","twitter_misc":{"Est. reading time":"1 minute"},"schema":{"@context":"https:\/\/schema.org","@graph":[{"@type":"WebPage","@id":"https:\/\/whiskyintenationalonline.com\/?product=perrier-jouet-belle-epoque-2014-brut-champagne","url":"https:\/\/whiskyintenationalonline.com\/?product=perrier-jouet-belle-epoque-2014-brut-champagne","name":"Perrier-Jou\u00ebt Belle Epoque 2014 Brut Champagne - Whisky International Online","isPartOf":{"@id":"https:\/\/whiskyintenationalonline.com\/#website"},"primaryImageOfPage":{"@id":"https:\/\/whiskyintenationalonline.com\/?product=perrier-jouet-belle-epoque-2014-brut-champagne#primaryimage"},"image":{"@id":"https:\/\/whiskyintenationalonline.com\/?product=perrier-jouet-belle-epoque-2014-brut-champagne#primaryimage"},"thumbnailUrl":"https:\/\/whiskyintenationalonline.com\/wp-content\/uploads\/2024\/01\/perrier-jou_t-belle-epoque-2014-brut-champagne-1.jpg","datePublished":"2024-01-22T15:31:22+00:00","description":"This 2014 bubbly belle is a harmonious blend of 50% Chardonnay, 45% Pinot Noir, and 5% Pinot Meunier grapes, expertly crafted to showcase the unique......","breadcrumb":{"@id":"https:\/\/whiskyintenationalonline.com\/?product=perrier-jouet-belle-epoque-2014-brut-champagne#breadcrumb"},"inLanguage":"en-US","potentialAction":[{"@type":"ReadAction","target":["https:\/\/whiskyintenationalonline.com\/?product=perrier-jouet-belle-epoque-2014-brut-champagne"]}]},{"@type":"ImageObject","inLanguage":"en-US","@id":"https:\/\/whiskyintenationalonline.com\/?product=perrier-jouet-belle-epoque-2014-brut-champagne#primaryimage","url":"https:\/\/whiskyintenationalonline.com\/wp-content\/uploads\/2024\/01\/perrier-jou_t-belle-epoque-2014-brut-champagne-1.jpg","contentUrl":"https:\/\/whiskyintenationalonline.com\/wp-content\/uploads\/2024\/01\/perrier-jou_t-belle-epoque-2014-brut-champagne-1.jpg","width":500,"height":500,"caption":"Perrier-Jou\u00ebt Belle Epoque 2014 Brut Champagne"},{"@type":"BreadcrumbList","@id":"https:\/\/whiskyintenationalonline.com\/?product=perrier-jouet-belle-epoque-2014-brut-champagne#breadcrumb","itemListElement":[{"@type":"ListItem","position":1,"name":"Home","item":"https:\/\/whiskyintenationalonline.com\/"},{"@type":"ListItem","position":2,"name":"Shop","item":"https:\/\/whiskyintenationalonline.com\/"},{"@type":"ListItem","position":3,"name":"Perrier-Jou\u00ebt Belle Epoque 2014 Brut Champagne"}]},{"@type":"WebSite","@id":"https:\/\/whiskyintenationalonline.com\/#website","url":"https:\/\/whiskyintenationalonline.com\/","name":"Whisky International Online","description":"Whisky International Online: Buy Rare Single Malt Whisky| Whisky For Sale","publisher":{"@id":"https:\/\/whiskyintenationalonline.com\/#organization"},"potentialAction":[{"@type":"SearchAction","target":{"@type":"EntryPoint","urlTemplate":"https:\/\/whiskyintenationalonline.com\/?s={search_term_string}"},"query-input":{"@type":"PropertyValueSpecification","valueRequired":true,"valueName":"search_term_string"}}],"inLanguage":"en-US"},{"@type":"Organization","@id":"https:\/\/whiskyintenationalonline.com\/#organization","name":"Whisky International Online","url":"https:\/\/whiskyintenationalonline.com\/","logo":{"@type":"ImageObject","inLanguage":"en-US","@id":"https:\/\/whiskyintenationalonline.com\/#\/schema\/logo\/image\/","url":"https:\/\/whiskyintenationalonline.com\/wp-content\/uploads\/2025\/12\/download.png","contentUrl":"https:\/\/whiskyintenationalonline.com\/wp-content\/uploads\/2025\/12\/download.png","width":350,"height":197,"caption":"Whisky International Online"},"image":{"@id":"https:\/\/whiskyintenationalonline.com\/#\/schema\/logo\/image\/"}}]}},"jetpack_sharing_enabled":true,"_links":{"self":[{"href":"https:\/\/whiskyintenationalonline.com\/index.php?rest_route=\/wp\/v2\/product\/7808","targetHints":{"allow":["GET"]}}],"collection":[{"href":"https:\/\/whiskyintenationalonline.com\/index.php?rest_route=\/wp\/v2\/product"}],"about":[{"href":"https:\/\/whiskyintenationalonline.com\/index.php?rest_route=\/wp\/v2\/types\/product"}],"replies":[{"embeddable":true,"href":"https:\/\/whiskyintenationalonline.com\/index.php?rest_route=%2Fwp%2Fv2%2Fcomments&post=7808"}],"wp:featuredmedia":[{"embeddable":true,"href":"https:\/\/whiskyintenationalonline.com\/index.php?rest_route=\/wp\/v2\/media\/7809"}],"wp:attachment":[{"href":"https:\/\/whiskyintenationalonline.com\/index.php?rest_route=%2Fwp%2Fv2%2Fmedia&parent=7808"}],"wp:term":[{"taxonomy":"product_cat","embeddable":true,"href":"https:\/\/whiskyintenationalonline.com\/index.php?rest_route=%2Fwp%2Fv2%2Fproduct_cat&post=7808"},{"taxonomy":"product_tag","embeddable":true,"href":"https:\/\/whiskyintenationalonline.com\/index.php?rest_route=%2Fwp%2Fv2%2Fproduct_tag&post=7808"}],"curies":[{"name":"wp","href":"https:\/\/api.w.org\/{rel}","templated":true}]}}