{"id":7663,"date":"2024-01-22T11:21:57","date_gmt":"2024-01-22T11:21:57","guid":{"rendered":"https:\/\/whiskyintenationalonline.com\/?post_type=product&#038;p=7663"},"modified":"2024-01-22T11:21:58","modified_gmt":"2024-01-22T11:21:58","slug":"herradura-seleccion-suprema-extra-anejo-tequila","status":"publish","type":"product","link":"https:\/\/whiskyintenationalonline.com\/?product=herradura-seleccion-suprema-extra-anejo-tequila","title":{"rendered":"Herradura Seleccion Suprema Extra A\u00f1ejo Tequila"},"content":{"rendered":"<h2 class=\"story-subtitle\">About Herradura Seleccion Suprema Extra A\u00f1ejo Tequila<\/h2>\n<p>In 1870, F\u00e9lix L\u00f3pez began cultivating blue weber agave from the fields of the San Jos\u00e9 del Refugio Hacienda, situated in Jalisco, Mexico. Since then, expert\u00a0<em>jimadors<\/em>\u00a0have been nurturing the crop at the hacienda, which ultimately came to be known as Casa Herradura.<\/p>\n<p>Today, the agave growing Casa Herradura, which can take up to ten years to mature, grow up 2 meters high and weigh nearly 500 pounds, are descendants of the original agave growing on the estate in 1870.<\/p>\n<p><a href=\"https:\/\/www.herradura.com\/products\/seleccion-suprema\/\">Herradura Seleccion Suprema Extra A\u00f1ejo Tequila<\/a> is crafted using agave harvested exclusively from the Casa Herradura estate. Once the agave have been harvested, the heart of the plant (the pi\u00f1a) is stripped away from its leaves using a special knife called a\u00a0<em>coa<\/em>\u00a0and cooked for approximately 26 hours in ovens made of stone and brick.<\/p>\n<p>During this cooking process, the once-white pi\u00f1as turn a deep orange color, and reveal an incredibly sweet and intense aroma (the pi\u00f1as are so sweet that chunks of cooked agave are often sold as candy in the street markets of Jalisco).<\/p>\n<p>Once the pi\u00f1as have been cooked, they are crushed and then fermented for up to seven days using natural, air-borne yeasts. Then, the wash is twice distilled and the tequila is matured for four years in American white oak casks that were formerly used to mature Kentucky bourbon.<\/p>\n<p>As a result of this extra-long aging process, the tequila has an aroma of dark vanilla, rose petals, cinnamon and intense citrus. Complex notes of baked apples, pineapples, citrus, vanilla pods and caramel are exposed on the palate, and give way to a creamy finish that has touches of lingering spices.<\/p>\n<p><a href=\"https:\/\/kentstreetcellars.com.au\/products\/herradura-seleccion-suprema-extra-anejo-750ml\">Herradura Seleccion Suprema Extra A\u00f1ejo Tequila<\/a> earned the Gold Medal at the San Francisco World Spirits Competition in 2012 and the Platinum Medal at the Spirits International Prestige Awards the same year.<\/p>\n<p>In addition, it earned a score of 94 points at the Ultimate Spirits Challenge in 2014, where it was named the Best <a href=\"https:\/\/www.google.com\/search?sca_esv=600376160&amp;sxsrf=ACQVn09PE1yOVEpjv7Axcsxv79TyjoygYg:1705922266617&amp;q=Herradura+seleccion+suprema+extra+a%C3%B1ejo+tequila+near&amp;sa=X&amp;ved=2ahUKEwjX_tzV7_CDAxVJaEEAHavJDWwQ1QJ6BAhJEAE\">Extra A\u00f1ejo Tequila<\/a> in the World.<\/p>\n<p>Pick up a bottle today!<\/p>\n<div id=\"tab-label-notes\" class=\"data item title active\" tabindex=\"0\" role=\"tab\" aria-labeledby=\"tab-label-notes-title\" data-role=\"collapsible\" data-collapsible=\"true\" aria-controls=\"notes\" aria-selected=\"true\" aria-expanded=\"true\">\n<h2>Tasting Notes<\/h2>\n<\/div>\n<div id=\"notes\" class=\"data item content\" role=\"tabpanel\" data-role=\"content\" aria-labelledby=\"tab-label-notes\" aria-hidden=\"false\">\n<div class=\"product attribute tasting-note\">\n<div class=\"value\">Aroma of dark vanilla, rose petals, cinnamon and intense citrus. Complex notes of baked apples, pineapples, citrus, vanilla pods and caramel are exposed on the palate. Creamy finish that has touches of lingering spices.<\/div>\n<\/div>\n<\/div>\n","protected":false},"excerpt":{"rendered":"<div class=\"top-attr-wrapper\"><span class=\"product-item-size\"><strong>SIZE<\/strong> 750mL <\/span><span class=\"product-item-size proof\"><strong>PROOF<\/strong> 80 (40% ABV)<\/span><\/div>\n<div><\/div>\n<div class=\"product attribute overview\">\n<div class=\"value\">Aged for four years, this <a href=\"https:\/\/www.google.com\/search?sca_esv=600376160&amp;sxsrf=ACQVn09PE1yOVEpjv7Axcsxv79TyjoygYg:1705922266617&amp;q=Herradura+seleccion+suprema+extra+a%C3%B1ejo+tequila+price&amp;sa=X&amp;ved=2ahUKEwjX_tzV7_CDAxVJaEEAHavJDWwQ1QJ6BAhKEAE\">tequila<\/a> earned a score of 94 points at the Ultimate Spirits Challenge in 2014, where it was named the Best Extra A\u00f1ejo Tequila in the World.<\/div>\n<\/div>\n","protected":false},"featured_media":7664,"comment_status":"closed","ping_status":"closed","template":"","meta":{"inline_featured_image":false},"product_cat":[98],"product_tag":[],"class_list":{"0":"post-7663","1":"product","2":"type-product","3":"status-publish","4":"has-post-thumbnail","6":"product_cat-tequila","8":"first","9":"instock","10":"shipping-taxable","11":"purchasable","12":"product-type-simple"},"yoast_head":"<!-- This site is optimized with the Yoast SEO plugin v27.5 - https:\/\/yoast.com\/product\/yoast-seo-wordpress\/ -->\n<title>Herradura Seleccion Suprema Extra A\u00f1ejo Tequila - Whisky International Online<\/title>\n<meta name=\"description\" content=\"Herradura Seleccion Suprema Extra A\u00f1ejo Tequila is crafted using agave harvested exclusively from the Casa Herradura estate.\" \/>\n<meta name=\"robots\" content=\"index, follow, max-snippet:-1, max-image-preview:large, max-video-preview:-1\" \/>\n<link rel=\"canonical\" href=\"https:\/\/whiskyintenationalonline.com\/?product=herradura-seleccion-suprema-extra-anejo-tequila\" \/>\n<meta property=\"og:locale\" content=\"en_US\" \/>\n<meta property=\"og:type\" content=\"article\" \/>\n<meta property=\"og:title\" content=\"Herradura Seleccion Suprema Extra A\u00f1ejo Tequila - Whisky International Online\" \/>\n<meta property=\"og:description\" content=\"Herradura Seleccion Suprema Extra A\u00f1ejo Tequila is crafted using agave harvested exclusively from the Casa Herradura estate.\" \/>\n<meta property=\"og:url\" content=\"https:\/\/whiskyintenationalonline.com\/?product=herradura-seleccion-suprema-extra-anejo-tequila\" \/>\n<meta property=\"og:site_name\" content=\"Whisky International Online\" \/>\n<meta property=\"article:modified_time\" content=\"2024-01-22T11:21:58+00:00\" \/>\n<meta property=\"og:image\" content=\"https:\/\/whiskyintenationalonline.com\/wp-content\/uploads\/2024\/01\/herradura-seleccion-suprema-extra-anejo-tequila-1.jpg\" \/>\n\t<meta property=\"og:image:width\" content=\"500\" \/>\n\t<meta property=\"og:image:height\" content=\"500\" \/>\n\t<meta property=\"og:image:type\" content=\"image\/jpeg\" \/>\n<meta name=\"twitter:card\" content=\"summary_large_image\" \/>\n<meta name=\"twitter:label1\" content=\"Est. reading time\" \/>\n\t<meta name=\"twitter:data1\" content=\"2 minutes\" \/>\n<script type=\"application\/ld+json\" class=\"yoast-schema-graph\">{\"@context\":\"https:\\\/\\\/schema.org\",\"@graph\":[{\"@type\":\"WebPage\",\"@id\":\"https:\\\/\\\/whiskyintenationalonline.com\\\/?product=herradura-seleccion-suprema-extra-anejo-tequila\",\"url\":\"https:\\\/\\\/whiskyintenationalonline.com\\\/?product=herradura-seleccion-suprema-extra-anejo-tequila\",\"name\":\"Herradura Seleccion Suprema Extra A\u00f1ejo Tequila - Whisky International Online\",\"isPartOf\":{\"@id\":\"https:\\\/\\\/whiskyintenationalonline.com\\\/#website\"},\"primaryImageOfPage\":{\"@id\":\"https:\\\/\\\/whiskyintenationalonline.com\\\/?product=herradura-seleccion-suprema-extra-anejo-tequila#primaryimage\"},\"image\":{\"@id\":\"https:\\\/\\\/whiskyintenationalonline.com\\\/?product=herradura-seleccion-suprema-extra-anejo-tequila#primaryimage\"},\"thumbnailUrl\":\"https:\\\/\\\/whiskyintenationalonline.com\\\/wp-content\\\/uploads\\\/2024\\\/01\\\/herradura-seleccion-suprema-extra-anejo-tequila-1.jpg\",\"datePublished\":\"2024-01-22T11:21:57+00:00\",\"dateModified\":\"2024-01-22T11:21:58+00:00\",\"description\":\"Herradura Seleccion Suprema Extra A\u00f1ejo Tequila is crafted using agave harvested exclusively from the Casa Herradura estate.\",\"breadcrumb\":{\"@id\":\"https:\\\/\\\/whiskyintenationalonline.com\\\/?product=herradura-seleccion-suprema-extra-anejo-tequila#breadcrumb\"},\"inLanguage\":\"en-US\",\"potentialAction\":[{\"@type\":\"ReadAction\",\"target\":[\"https:\\\/\\\/whiskyintenationalonline.com\\\/?product=herradura-seleccion-suprema-extra-anejo-tequila\"]}]},{\"@type\":\"ImageObject\",\"inLanguage\":\"en-US\",\"@id\":\"https:\\\/\\\/whiskyintenationalonline.com\\\/?product=herradura-seleccion-suprema-extra-anejo-tequila#primaryimage\",\"url\":\"https:\\\/\\\/whiskyintenationalonline.com\\\/wp-content\\\/uploads\\\/2024\\\/01\\\/herradura-seleccion-suprema-extra-anejo-tequila-1.jpg\",\"contentUrl\":\"https:\\\/\\\/whiskyintenationalonline.com\\\/wp-content\\\/uploads\\\/2024\\\/01\\\/herradura-seleccion-suprema-extra-anejo-tequila-1.jpg\",\"width\":500,\"height\":500,\"caption\":\"Herradura Seleccion Suprema Extra A\u00f1ejo Tequila\"},{\"@type\":\"BreadcrumbList\",\"@id\":\"https:\\\/\\\/whiskyintenationalonline.com\\\/?product=herradura-seleccion-suprema-extra-anejo-tequila#breadcrumb\",\"itemListElement\":[{\"@type\":\"ListItem\",\"position\":1,\"name\":\"Home\",\"item\":\"https:\\\/\\\/whiskyintenationalonline.com\\\/\"},{\"@type\":\"ListItem\",\"position\":2,\"name\":\"Shop\",\"item\":\"https:\\\/\\\/whiskyintenationalonline.com\\\/\"},{\"@type\":\"ListItem\",\"position\":3,\"name\":\"Herradura Seleccion Suprema Extra A\u00f1ejo Tequila\"}]},{\"@type\":\"WebSite\",\"@id\":\"https:\\\/\\\/whiskyintenationalonline.com\\\/#website\",\"url\":\"https:\\\/\\\/whiskyintenationalonline.com\\\/\",\"name\":\"Whisky International Online\",\"description\":\"Whisky International Online: Buy Rare Single Malt Whisky| Whisky For Sale\",\"publisher\":{\"@id\":\"https:\\\/\\\/whiskyintenationalonline.com\\\/#organization\"},\"potentialAction\":[{\"@type\":\"SearchAction\",\"target\":{\"@type\":\"EntryPoint\",\"urlTemplate\":\"https:\\\/\\\/whiskyintenationalonline.com\\\/?s={search_term_string}\"},\"query-input\":{\"@type\":\"PropertyValueSpecification\",\"valueRequired\":true,\"valueName\":\"search_term_string\"}}],\"inLanguage\":\"en-US\"},{\"@type\":\"Organization\",\"@id\":\"https:\\\/\\\/whiskyintenationalonline.com\\\/#organization\",\"name\":\"Whisky International Online\",\"url\":\"https:\\\/\\\/whiskyintenationalonline.com\\\/\",\"logo\":{\"@type\":\"ImageObject\",\"inLanguage\":\"en-US\",\"@id\":\"https:\\\/\\\/whiskyintenationalonline.com\\\/#\\\/schema\\\/logo\\\/image\\\/\",\"url\":\"https:\\\/\\\/whiskyintenationalonline.com\\\/wp-content\\\/uploads\\\/2025\\\/12\\\/download.png\",\"contentUrl\":\"https:\\\/\\\/whiskyintenationalonline.com\\\/wp-content\\\/uploads\\\/2025\\\/12\\\/download.png\",\"width\":350,\"height\":197,\"caption\":\"Whisky International Online\"},\"image\":{\"@id\":\"https:\\\/\\\/whiskyintenationalonline.com\\\/#\\\/schema\\\/logo\\\/image\\\/\"}}]}<\/script>\n<!-- \/ Yoast SEO plugin. -->","yoast_head_json":{"title":"Herradura Seleccion Suprema Extra A\u00f1ejo Tequila - Whisky International Online","description":"Herradura Seleccion Suprema Extra A\u00f1ejo Tequila is crafted using agave harvested exclusively from the Casa Herradura estate.","robots":{"index":"index","follow":"follow","max-snippet":"max-snippet:-1","max-image-preview":"max-image-preview:large","max-video-preview":"max-video-preview:-1"},"canonical":"https:\/\/whiskyintenationalonline.com\/?product=herradura-seleccion-suprema-extra-anejo-tequila","og_locale":"en_US","og_type":"article","og_title":"Herradura Seleccion Suprema Extra A\u00f1ejo Tequila - Whisky International Online","og_description":"Herradura Seleccion Suprema Extra A\u00f1ejo Tequila is crafted using agave harvested exclusively from the Casa Herradura estate.","og_url":"https:\/\/whiskyintenationalonline.com\/?product=herradura-seleccion-suprema-extra-anejo-tequila","og_site_name":"Whisky International Online","article_modified_time":"2024-01-22T11:21:58+00:00","og_image":[{"width":500,"height":500,"url":"https:\/\/whiskyintenationalonline.com\/wp-content\/uploads\/2024\/01\/herradura-seleccion-suprema-extra-anejo-tequila-1.jpg","type":"image\/jpeg"}],"twitter_card":"summary_large_image","twitter_misc":{"Est. reading time":"2 minutes"},"schema":{"@context":"https:\/\/schema.org","@graph":[{"@type":"WebPage","@id":"https:\/\/whiskyintenationalonline.com\/?product=herradura-seleccion-suprema-extra-anejo-tequila","url":"https:\/\/whiskyintenationalonline.com\/?product=herradura-seleccion-suprema-extra-anejo-tequila","name":"Herradura Seleccion Suprema Extra A\u00f1ejo Tequila - Whisky International Online","isPartOf":{"@id":"https:\/\/whiskyintenationalonline.com\/#website"},"primaryImageOfPage":{"@id":"https:\/\/whiskyintenationalonline.com\/?product=herradura-seleccion-suprema-extra-anejo-tequila#primaryimage"},"image":{"@id":"https:\/\/whiskyintenationalonline.com\/?product=herradura-seleccion-suprema-extra-anejo-tequila#primaryimage"},"thumbnailUrl":"https:\/\/whiskyintenationalonline.com\/wp-content\/uploads\/2024\/01\/herradura-seleccion-suprema-extra-anejo-tequila-1.jpg","datePublished":"2024-01-22T11:21:57+00:00","dateModified":"2024-01-22T11:21:58+00:00","description":"Herradura Seleccion Suprema Extra A\u00f1ejo Tequila is crafted using agave harvested exclusively from the Casa Herradura estate.","breadcrumb":{"@id":"https:\/\/whiskyintenationalonline.com\/?product=herradura-seleccion-suprema-extra-anejo-tequila#breadcrumb"},"inLanguage":"en-US","potentialAction":[{"@type":"ReadAction","target":["https:\/\/whiskyintenationalonline.com\/?product=herradura-seleccion-suprema-extra-anejo-tequila"]}]},{"@type":"ImageObject","inLanguage":"en-US","@id":"https:\/\/whiskyintenationalonline.com\/?product=herradura-seleccion-suprema-extra-anejo-tequila#primaryimage","url":"https:\/\/whiskyintenationalonline.com\/wp-content\/uploads\/2024\/01\/herradura-seleccion-suprema-extra-anejo-tequila-1.jpg","contentUrl":"https:\/\/whiskyintenationalonline.com\/wp-content\/uploads\/2024\/01\/herradura-seleccion-suprema-extra-anejo-tequila-1.jpg","width":500,"height":500,"caption":"Herradura Seleccion Suprema Extra A\u00f1ejo Tequila"},{"@type":"BreadcrumbList","@id":"https:\/\/whiskyintenationalonline.com\/?product=herradura-seleccion-suprema-extra-anejo-tequila#breadcrumb","itemListElement":[{"@type":"ListItem","position":1,"name":"Home","item":"https:\/\/whiskyintenationalonline.com\/"},{"@type":"ListItem","position":2,"name":"Shop","item":"https:\/\/whiskyintenationalonline.com\/"},{"@type":"ListItem","position":3,"name":"Herradura Seleccion Suprema Extra A\u00f1ejo Tequila"}]},{"@type":"WebSite","@id":"https:\/\/whiskyintenationalonline.com\/#website","url":"https:\/\/whiskyintenationalonline.com\/","name":"Whisky International Online","description":"Whisky International Online: Buy Rare Single Malt Whisky| Whisky For Sale","publisher":{"@id":"https:\/\/whiskyintenationalonline.com\/#organization"},"potentialAction":[{"@type":"SearchAction","target":{"@type":"EntryPoint","urlTemplate":"https:\/\/whiskyintenationalonline.com\/?s={search_term_string}"},"query-input":{"@type":"PropertyValueSpecification","valueRequired":true,"valueName":"search_term_string"}}],"inLanguage":"en-US"},{"@type":"Organization","@id":"https:\/\/whiskyintenationalonline.com\/#organization","name":"Whisky International Online","url":"https:\/\/whiskyintenationalonline.com\/","logo":{"@type":"ImageObject","inLanguage":"en-US","@id":"https:\/\/whiskyintenationalonline.com\/#\/schema\/logo\/image\/","url":"https:\/\/whiskyintenationalonline.com\/wp-content\/uploads\/2025\/12\/download.png","contentUrl":"https:\/\/whiskyintenationalonline.com\/wp-content\/uploads\/2025\/12\/download.png","width":350,"height":197,"caption":"Whisky International Online"},"image":{"@id":"https:\/\/whiskyintenationalonline.com\/#\/schema\/logo\/image\/"}}]}},"jetpack_sharing_enabled":true,"_links":{"self":[{"href":"https:\/\/whiskyintenationalonline.com\/index.php?rest_route=\/wp\/v2\/product\/7663","targetHints":{"allow":["GET"]}}],"collection":[{"href":"https:\/\/whiskyintenationalonline.com\/index.php?rest_route=\/wp\/v2\/product"}],"about":[{"href":"https:\/\/whiskyintenationalonline.com\/index.php?rest_route=\/wp\/v2\/types\/product"}],"replies":[{"embeddable":true,"href":"https:\/\/whiskyintenationalonline.com\/index.php?rest_route=%2Fwp%2Fv2%2Fcomments&post=7663"}],"wp:featuredmedia":[{"embeddable":true,"href":"https:\/\/whiskyintenationalonline.com\/index.php?rest_route=\/wp\/v2\/media\/7664"}],"wp:attachment":[{"href":"https:\/\/whiskyintenationalonline.com\/index.php?rest_route=%2Fwp%2Fv2%2Fmedia&parent=7663"}],"wp:term":[{"taxonomy":"product_cat","embeddable":true,"href":"https:\/\/whiskyintenationalonline.com\/index.php?rest_route=%2Fwp%2Fv2%2Fproduct_cat&post=7663"},{"taxonomy":"product_tag","embeddable":true,"href":"https:\/\/whiskyintenationalonline.com\/index.php?rest_route=%2Fwp%2Fv2%2Fproduct_tag&post=7663"}],"curies":[{"name":"wp","href":"https:\/\/api.w.org\/{rel}","templated":true}]}}