{"id":7606,"date":"2024-01-22T09:43:17","date_gmt":"2024-01-22T09:43:17","guid":{"rendered":"https:\/\/whiskyintenationalonline.com\/?post_type=product&#038;p=7606"},"modified":"2024-01-22T09:43:17","modified_gmt":"2024-01-22T09:43:17","slug":"siete-leguas-de-antano-extra-anejo-tequila","status":"publish","type":"product","link":"https:\/\/whiskyintenationalonline.com\/?product=siete-leguas-de-antano-extra-anejo-tequila","title":{"rendered":"Siete Leguas de Anta\u00f1o Extra A\u00f1ejo Tequila"},"content":{"rendered":"<h2 class=\"story-subtitle\">About Siete Leguas de Anta\u00f1o Extra A\u00f1ejo Tequila<\/h2>\n<p>The pi\u00f1as are then split in half and cooked in small stone ovens, steaming over an extended period of time. Then they are crushed using a stone tahona mill, before the juices are extracted with a mechanical mill. The fermentation takes place in open-air tanks without any added yeasts, both with and without the cooked agave fibers.<\/p>\n<p>After being double distilled in small copper stills, the spirit is transferred into ex-bourbon American oak barrels where the different expressions spend varying amounts of time. <a href=\"https:\/\/www.missionliquor.com\/products\/siete-7-leguas-dantano-extra-anejo-750ml-1\">Siete Leguas de Anta\u00f1o Extra A\u00f1ejo Tequila<\/a> spends 5 years in these casks, resulting in a sophisticated 76-proof spirit that is pleasantly aromatic with delicate flavors.<\/p>\n<p>Get your bottle of this premium tequila today!<\/p>\n<div id=\"tab-label-notes\" class=\"data item title active\" tabindex=\"0\" role=\"tab\" aria-labeledby=\"tab-label-notes-title\" data-role=\"collapsible\" data-collapsible=\"true\" aria-controls=\"notes\" aria-selected=\"true\" aria-expanded=\"true\">\n<h2>Tasting Notes<\/h2>\n<\/div>\n<div id=\"notes\" class=\"data item content\" role=\"tabpanel\" data-role=\"content\" aria-labelledby=\"tab-label-notes\" aria-hidden=\"false\">\n<div class=\"product attribute tasting-note\">\n<div class=\"value\">The amber tequila with golden hues opens with sweet aromas of fruit, toasted oak, and cooked agave, as well as dried fruit, nuts, vanilla, coffee, and chocolate. It&#8217;s silky-smooth and creamy on the palate with a light fruity sweetness and notes of maple syrup, chocolate, vanilla, citrus, stone fruit, cooked agave, and spice. The finish is long, sweet, and fruity with oak notes.<\/div>\n<div>\n<div class=\"AJLUJb\">\n<div data-hveid=\"CFEQAA\">\n<div class=\"s75CSd u60jwe r2fjmd AB4Wff\">Siete leguas d anta\u00f1o extra a\u00f1ejo tequila review<\/div>\n<\/div>\n<div data-hveid=\"CFAQAA\">\n<div class=\"s75CSd u60jwe r2fjmd AB4Wff\">Siete leguas d anta\u00f1o extra a\u00f1ejo tequila price<\/div>\n<\/div>\n<div data-hveid=\"CE8QAA\">\n<div class=\"s75CSd u60jwe r2fjmd AB4Wff\"><a href=\"https:\/\/www.google.com\/search?sca_esv=600366984&amp;biw=1366&amp;bih=641&amp;sxsrf=ACQVn0_vn3aUlkgLokerIEw9SGTCqEkxmA:1705916520023&amp;q=Siete+leguas+d+anta%C3%B1o+extra+a%C3%B1ejo+tequila+near+me&amp;sa=X&amp;ved=2ahUKEwi-zcSh2vCDAxWKSEEAHQn9Cr4Q1QJ6BAhPEAE\">Siete leguas d anta\u00f1o extra a\u00f1ejo tequila near me<\/a><\/div>\n<\/div>\n<div data-hveid=\"CE4QAA\">\n<div class=\"s75CSd u60jwe r2fjmd AB4Wff\">Siete leguas d anta\u00f1o extra a\u00f1ejo tequila near<\/div>\n<\/div>\n<\/div>\n<div class=\"AJLUJb\">\n<div data-hveid=\"CE0QAA\">\n<div class=\"s75CSd u60jwe r2fjmd AB4Wff\">siete leguas tequila<\/div>\n<\/div>\n<div data-hveid=\"CEwQAA\">\n<div class=\"s75CSd u60jwe r2fjmd AB4Wff\"><b>7<\/b>\u00a0leguas tequila\u00a0<b>price<\/b><\/div>\n<\/div>\n<div data-hveid=\"CEsQAA\">\n<div class=\"s75CSd u60jwe r2fjmd AB4Wff\">siete leguas\u00a0<b>single barrel<\/b><\/div>\n<\/div>\n<div data-hveid=\"CEoQAA\">\n<div class=\"s75CSd u60jwe r2fjmd AB4Wff\"><a href=\"https:\/\/www.google.com\/search?sca_esv=600366984&amp;biw=1366&amp;bih=641&amp;sxsrf=ACQVn0_vn3aUlkgLokerIEw9SGTCqEkxmA:1705916520023&amp;q=Where+to+buy+Siete+Leguas+Tequila&amp;sa=X&amp;ved=2ahUKEwi-zcSh2vCDAxWKSEEAHQn9Cr4Q1QJ6BAhKEAE\"><b>where to buy<\/b>\u00a0siete leguas tequila<\/a><\/div>\n<\/div>\n<\/div>\n<\/div>\n<\/div>\n<\/div>\n","protected":false},"excerpt":{"rendered":"<div class=\"top-attr-wrapper\"><span class=\"product-item-size\"><strong>SIZE<\/strong> 750mL <\/span><span class=\"product-item-size proof\"><strong>PROOF<\/strong> 76 (38% ABV)<\/span><\/div>\n<div><\/div>\n<div class=\"product attribute overview\">\n<div class=\"value\">Crafted in Atotonilco El Alto, Jalisco, Mexico, this ultra-premium tequila is made with the utmost respect for tradition and its origins. After spending 5 years in ex-bourbon casks, the aromatic and delicate spirit is bottled at 76 proof.<\/div>\n<\/div>\n","protected":false},"featured_media":7607,"comment_status":"closed","ping_status":"closed","template":"","meta":{"inline_featured_image":false},"product_cat":[98],"product_tag":[],"class_list":{"0":"post-7606","1":"product","2":"type-product","3":"status-publish","4":"has-post-thumbnail","6":"product_cat-tequila","8":"first","9":"instock","10":"shipping-taxable","11":"purchasable","12":"product-type-simple"},"yoast_head":"<!-- This site is optimized with the Yoast SEO plugin v27.5 - https:\/\/yoast.com\/product\/yoast-seo-wordpress\/ -->\n<title>Siete Leguas de Anta\u00f1o Extra A\u00f1ejo Tequila - Whisky International Online<\/title>\n<meta name=\"description\" content=\"Siete Leguas de Anta\u00f1o Extra A\u00f1ejo Tequila spends 5 years in these casks, resulting in a sophisticated 76-proof spirit that is pleasantly aromatic with.....\" \/>\n<meta name=\"robots\" content=\"index, follow, max-snippet:-1, max-image-preview:large, max-video-preview:-1\" \/>\n<link rel=\"canonical\" href=\"https:\/\/whiskyintenationalonline.com\/?product=siete-leguas-de-antano-extra-anejo-tequila\" \/>\n<meta property=\"og:locale\" content=\"en_US\" \/>\n<meta property=\"og:type\" content=\"article\" \/>\n<meta property=\"og:title\" content=\"Siete Leguas de Anta\u00f1o Extra A\u00f1ejo Tequila - Whisky International Online\" \/>\n<meta property=\"og:description\" content=\"Siete Leguas de Anta\u00f1o Extra A\u00f1ejo Tequila spends 5 years in these casks, resulting in a sophisticated 76-proof spirit that is pleasantly aromatic with.....\" \/>\n<meta property=\"og:url\" content=\"https:\/\/whiskyintenationalonline.com\/?product=siete-leguas-de-antano-extra-anejo-tequila\" \/>\n<meta property=\"og:site_name\" content=\"Whisky International Online\" \/>\n<meta property=\"og:image\" content=\"https:\/\/whiskyintenationalonline.com\/wp-content\/uploads\/2024\/01\/siete-leguas-de-anta_o-extra-a_ejo-tequila-1.jpg\" \/>\n\t<meta property=\"og:image:width\" content=\"500\" \/>\n\t<meta property=\"og:image:height\" content=\"500\" \/>\n\t<meta property=\"og:image:type\" content=\"image\/jpeg\" \/>\n<meta name=\"twitter:card\" content=\"summary_large_image\" \/>\n<meta name=\"twitter:label1\" content=\"Est. reading time\" \/>\n\t<meta name=\"twitter:data1\" content=\"2 minutes\" \/>\n<script type=\"application\/ld+json\" class=\"yoast-schema-graph\">{\"@context\":\"https:\\\/\\\/schema.org\",\"@graph\":[{\"@type\":\"WebPage\",\"@id\":\"https:\\\/\\\/whiskyintenationalonline.com\\\/?product=siete-leguas-de-antano-extra-anejo-tequila\",\"url\":\"https:\\\/\\\/whiskyintenationalonline.com\\\/?product=siete-leguas-de-antano-extra-anejo-tequila\",\"name\":\"Siete Leguas de Anta\u00f1o Extra A\u00f1ejo Tequila - Whisky International Online\",\"isPartOf\":{\"@id\":\"https:\\\/\\\/whiskyintenationalonline.com\\\/#website\"},\"primaryImageOfPage\":{\"@id\":\"https:\\\/\\\/whiskyintenationalonline.com\\\/?product=siete-leguas-de-antano-extra-anejo-tequila#primaryimage\"},\"image\":{\"@id\":\"https:\\\/\\\/whiskyintenationalonline.com\\\/?product=siete-leguas-de-antano-extra-anejo-tequila#primaryimage\"},\"thumbnailUrl\":\"https:\\\/\\\/whiskyintenationalonline.com\\\/wp-content\\\/uploads\\\/2024\\\/01\\\/siete-leguas-de-anta_o-extra-a_ejo-tequila-1.jpg\",\"datePublished\":\"2024-01-22T09:43:17+00:00\",\"description\":\"Siete Leguas de Anta\u00f1o Extra A\u00f1ejo Tequila spends 5 years in these casks, resulting in a sophisticated 76-proof spirit that is pleasantly aromatic with.....\",\"breadcrumb\":{\"@id\":\"https:\\\/\\\/whiskyintenationalonline.com\\\/?product=siete-leguas-de-antano-extra-anejo-tequila#breadcrumb\"},\"inLanguage\":\"en-US\",\"potentialAction\":[{\"@type\":\"ReadAction\",\"target\":[\"https:\\\/\\\/whiskyintenationalonline.com\\\/?product=siete-leguas-de-antano-extra-anejo-tequila\"]}]},{\"@type\":\"ImageObject\",\"inLanguage\":\"en-US\",\"@id\":\"https:\\\/\\\/whiskyintenationalonline.com\\\/?product=siete-leguas-de-antano-extra-anejo-tequila#primaryimage\",\"url\":\"https:\\\/\\\/whiskyintenationalonline.com\\\/wp-content\\\/uploads\\\/2024\\\/01\\\/siete-leguas-de-anta_o-extra-a_ejo-tequila-1.jpg\",\"contentUrl\":\"https:\\\/\\\/whiskyintenationalonline.com\\\/wp-content\\\/uploads\\\/2024\\\/01\\\/siete-leguas-de-anta_o-extra-a_ejo-tequila-1.jpg\",\"width\":500,\"height\":500,\"caption\":\"Siete Leguas de Anta\u00f1o Extra A\u00f1ejo Tequila\"},{\"@type\":\"BreadcrumbList\",\"@id\":\"https:\\\/\\\/whiskyintenationalonline.com\\\/?product=siete-leguas-de-antano-extra-anejo-tequila#breadcrumb\",\"itemListElement\":[{\"@type\":\"ListItem\",\"position\":1,\"name\":\"Home\",\"item\":\"https:\\\/\\\/whiskyintenationalonline.com\\\/\"},{\"@type\":\"ListItem\",\"position\":2,\"name\":\"Shop\",\"item\":\"https:\\\/\\\/whiskyintenationalonline.com\\\/\"},{\"@type\":\"ListItem\",\"position\":3,\"name\":\"Siete Leguas de Anta\u00f1o Extra A\u00f1ejo Tequila\"}]},{\"@type\":\"WebSite\",\"@id\":\"https:\\\/\\\/whiskyintenationalonline.com\\\/#website\",\"url\":\"https:\\\/\\\/whiskyintenationalonline.com\\\/\",\"name\":\"Whisky International Online\",\"description\":\"Whisky International Online: Buy Rare Single Malt Whisky| Whisky For Sale\",\"publisher\":{\"@id\":\"https:\\\/\\\/whiskyintenationalonline.com\\\/#organization\"},\"potentialAction\":[{\"@type\":\"SearchAction\",\"target\":{\"@type\":\"EntryPoint\",\"urlTemplate\":\"https:\\\/\\\/whiskyintenationalonline.com\\\/?s={search_term_string}\"},\"query-input\":{\"@type\":\"PropertyValueSpecification\",\"valueRequired\":true,\"valueName\":\"search_term_string\"}}],\"inLanguage\":\"en-US\"},{\"@type\":\"Organization\",\"@id\":\"https:\\\/\\\/whiskyintenationalonline.com\\\/#organization\",\"name\":\"Whisky International Online\",\"url\":\"https:\\\/\\\/whiskyintenationalonline.com\\\/\",\"logo\":{\"@type\":\"ImageObject\",\"inLanguage\":\"en-US\",\"@id\":\"https:\\\/\\\/whiskyintenationalonline.com\\\/#\\\/schema\\\/logo\\\/image\\\/\",\"url\":\"https:\\\/\\\/whiskyintenationalonline.com\\\/wp-content\\\/uploads\\\/2025\\\/12\\\/download.png\",\"contentUrl\":\"https:\\\/\\\/whiskyintenationalonline.com\\\/wp-content\\\/uploads\\\/2025\\\/12\\\/download.png\",\"width\":350,\"height\":197,\"caption\":\"Whisky International Online\"},\"image\":{\"@id\":\"https:\\\/\\\/whiskyintenationalonline.com\\\/#\\\/schema\\\/logo\\\/image\\\/\"}}]}<\/script>\n<!-- \/ Yoast SEO plugin. -->","yoast_head_json":{"title":"Siete Leguas de Anta\u00f1o Extra A\u00f1ejo Tequila - Whisky International Online","description":"Siete Leguas de Anta\u00f1o Extra A\u00f1ejo Tequila spends 5 years in these casks, resulting in a sophisticated 76-proof spirit that is pleasantly aromatic with.....","robots":{"index":"index","follow":"follow","max-snippet":"max-snippet:-1","max-image-preview":"max-image-preview:large","max-video-preview":"max-video-preview:-1"},"canonical":"https:\/\/whiskyintenationalonline.com\/?product=siete-leguas-de-antano-extra-anejo-tequila","og_locale":"en_US","og_type":"article","og_title":"Siete Leguas de Anta\u00f1o Extra A\u00f1ejo Tequila - Whisky International Online","og_description":"Siete Leguas de Anta\u00f1o Extra A\u00f1ejo Tequila spends 5 years in these casks, resulting in a sophisticated 76-proof spirit that is pleasantly aromatic with.....","og_url":"https:\/\/whiskyintenationalonline.com\/?product=siete-leguas-de-antano-extra-anejo-tequila","og_site_name":"Whisky International Online","og_image":[{"width":500,"height":500,"url":"https:\/\/whiskyintenationalonline.com\/wp-content\/uploads\/2024\/01\/siete-leguas-de-anta_o-extra-a_ejo-tequila-1.jpg","type":"image\/jpeg"}],"twitter_card":"summary_large_image","twitter_misc":{"Est. reading time":"2 minutes"},"schema":{"@context":"https:\/\/schema.org","@graph":[{"@type":"WebPage","@id":"https:\/\/whiskyintenationalonline.com\/?product=siete-leguas-de-antano-extra-anejo-tequila","url":"https:\/\/whiskyintenationalonline.com\/?product=siete-leguas-de-antano-extra-anejo-tequila","name":"Siete Leguas de Anta\u00f1o Extra A\u00f1ejo Tequila - Whisky International Online","isPartOf":{"@id":"https:\/\/whiskyintenationalonline.com\/#website"},"primaryImageOfPage":{"@id":"https:\/\/whiskyintenationalonline.com\/?product=siete-leguas-de-antano-extra-anejo-tequila#primaryimage"},"image":{"@id":"https:\/\/whiskyintenationalonline.com\/?product=siete-leguas-de-antano-extra-anejo-tequila#primaryimage"},"thumbnailUrl":"https:\/\/whiskyintenationalonline.com\/wp-content\/uploads\/2024\/01\/siete-leguas-de-anta_o-extra-a_ejo-tequila-1.jpg","datePublished":"2024-01-22T09:43:17+00:00","description":"Siete Leguas de Anta\u00f1o Extra A\u00f1ejo Tequila spends 5 years in these casks, resulting in a sophisticated 76-proof spirit that is pleasantly aromatic with.....","breadcrumb":{"@id":"https:\/\/whiskyintenationalonline.com\/?product=siete-leguas-de-antano-extra-anejo-tequila#breadcrumb"},"inLanguage":"en-US","potentialAction":[{"@type":"ReadAction","target":["https:\/\/whiskyintenationalonline.com\/?product=siete-leguas-de-antano-extra-anejo-tequila"]}]},{"@type":"ImageObject","inLanguage":"en-US","@id":"https:\/\/whiskyintenationalonline.com\/?product=siete-leguas-de-antano-extra-anejo-tequila#primaryimage","url":"https:\/\/whiskyintenationalonline.com\/wp-content\/uploads\/2024\/01\/siete-leguas-de-anta_o-extra-a_ejo-tequila-1.jpg","contentUrl":"https:\/\/whiskyintenationalonline.com\/wp-content\/uploads\/2024\/01\/siete-leguas-de-anta_o-extra-a_ejo-tequila-1.jpg","width":500,"height":500,"caption":"Siete Leguas de Anta\u00f1o Extra A\u00f1ejo Tequila"},{"@type":"BreadcrumbList","@id":"https:\/\/whiskyintenationalonline.com\/?product=siete-leguas-de-antano-extra-anejo-tequila#breadcrumb","itemListElement":[{"@type":"ListItem","position":1,"name":"Home","item":"https:\/\/whiskyintenationalonline.com\/"},{"@type":"ListItem","position":2,"name":"Shop","item":"https:\/\/whiskyintenationalonline.com\/"},{"@type":"ListItem","position":3,"name":"Siete Leguas de Anta\u00f1o Extra A\u00f1ejo Tequila"}]},{"@type":"WebSite","@id":"https:\/\/whiskyintenationalonline.com\/#website","url":"https:\/\/whiskyintenationalonline.com\/","name":"Whisky International Online","description":"Whisky International Online: Buy Rare Single Malt Whisky| Whisky For Sale","publisher":{"@id":"https:\/\/whiskyintenationalonline.com\/#organization"},"potentialAction":[{"@type":"SearchAction","target":{"@type":"EntryPoint","urlTemplate":"https:\/\/whiskyintenationalonline.com\/?s={search_term_string}"},"query-input":{"@type":"PropertyValueSpecification","valueRequired":true,"valueName":"search_term_string"}}],"inLanguage":"en-US"},{"@type":"Organization","@id":"https:\/\/whiskyintenationalonline.com\/#organization","name":"Whisky International Online","url":"https:\/\/whiskyintenationalonline.com\/","logo":{"@type":"ImageObject","inLanguage":"en-US","@id":"https:\/\/whiskyintenationalonline.com\/#\/schema\/logo\/image\/","url":"https:\/\/whiskyintenationalonline.com\/wp-content\/uploads\/2025\/12\/download.png","contentUrl":"https:\/\/whiskyintenationalonline.com\/wp-content\/uploads\/2025\/12\/download.png","width":350,"height":197,"caption":"Whisky International Online"},"image":{"@id":"https:\/\/whiskyintenationalonline.com\/#\/schema\/logo\/image\/"}}]}},"jetpack_sharing_enabled":true,"_links":{"self":[{"href":"https:\/\/whiskyintenationalonline.com\/index.php?rest_route=\/wp\/v2\/product\/7606","targetHints":{"allow":["GET"]}}],"collection":[{"href":"https:\/\/whiskyintenationalonline.com\/index.php?rest_route=\/wp\/v2\/product"}],"about":[{"href":"https:\/\/whiskyintenationalonline.com\/index.php?rest_route=\/wp\/v2\/types\/product"}],"replies":[{"embeddable":true,"href":"https:\/\/whiskyintenationalonline.com\/index.php?rest_route=%2Fwp%2Fv2%2Fcomments&post=7606"}],"wp:featuredmedia":[{"embeddable":true,"href":"https:\/\/whiskyintenationalonline.com\/index.php?rest_route=\/wp\/v2\/media\/7607"}],"wp:attachment":[{"href":"https:\/\/whiskyintenationalonline.com\/index.php?rest_route=%2Fwp%2Fv2%2Fmedia&parent=7606"}],"wp:term":[{"taxonomy":"product_cat","embeddable":true,"href":"https:\/\/whiskyintenationalonline.com\/index.php?rest_route=%2Fwp%2Fv2%2Fproduct_cat&post=7606"},{"taxonomy":"product_tag","embeddable":true,"href":"https:\/\/whiskyintenationalonline.com\/index.php?rest_route=%2Fwp%2Fv2%2Fproduct_tag&post=7606"}],"curies":[{"name":"wp","href":"https:\/\/api.w.org\/{rel}","templated":true}]}}