{"id":7561,"date":"2024-01-21T00:33:42","date_gmt":"2024-01-21T00:33:42","guid":{"rendered":"https:\/\/whiskyintenationalonline.com\/?post_type=product&#038;p=7561"},"modified":"2024-01-21T00:33:43","modified_gmt":"2024-01-21T00:33:43","slug":"codigo-1530-george-strait-anejo-tequila","status":"publish","type":"product","link":"https:\/\/whiskyintenationalonline.com\/?product=codigo-1530-george-strait-anejo-tequila","title":{"rendered":"C\u00f3digo 1530 George Strait A\u00f1ejo Tequila"},"content":{"rendered":"<h2 class=\"story-subtitle\">About <a href=\"https:\/\/www.abcfws.com\/codigo-1530-anejo-tequila-by-george-strait\/466505\">C\u00f3digo 1530 George Strait A\u00f1ejo<\/a> Tequila<\/h2>\n<p>All <a href=\"https:\/\/codigo1530.com\/en-us\/products\/codigo-1530-george-strait-encore-anejo-tequila\/\">C\u00f3digo 1530 Tequila<\/a> expressions are made from 100% Blue Weber agave. After the agave have matured for seven to ten years, they are harvested and cooked in stainless steel ovens, where they are fermented using an organic baker\u2019s yeast.<\/p>\n<p>The agave spirit is twice distilled through handmade stills. In collaboration with country music singer George Strait, this <a href=\"https:\/\/siptequila.com\/collections\/tequila-codigo-1530\">Limited Edition A\u00f1ejo<\/a> is a private recipe refined over many generations by an artisan distilling family in Amatit\u00e1n. Aged for 18 months in the finest Napa Cabernet French White Oak barrels.<\/p>\n<p>Pick up your bottle today!<\/p>\n<div id=\"tab-label-notes\" class=\"data item title active\" tabindex=\"0\" role=\"tab\" aria-labeledby=\"tab-label-notes-title\" data-role=\"collapsible\" data-collapsible=\"true\" aria-controls=\"notes\" aria-selected=\"true\" aria-expanded=\"true\">\n<h2>Tasting Notes<\/h2>\n<\/div>\n<div id=\"notes\" class=\"data item content\" role=\"tabpanel\" data-role=\"content\" aria-labelledby=\"tab-label-notes\" aria-hidden=\"false\">\n<div class=\"product attribute tasting-note\">\n<div class=\"value\">Refined, elegant and expressive \u2013 hints of fruit, mingled with oak, touches of vanilla and a bit of spice.<\/div>\n<\/div>\n<\/div>\n","protected":false},"excerpt":{"rendered":"<div class=\"top-attr-wrapper\"><span class=\"product-item-size\"><strong>SIZE<\/strong> 750mL <\/span><span class=\"product-item-size proof\"><strong>PROOF<\/strong> 80 (40% ABV)<\/span><\/div>\n<div><\/div>\n<div class=\"product attribute overview\">\n<div class=\"value\">This Limited Edition A\u00f1ejo is a private recipe refined over many generations by an artisan distilling family in Amatit\u00e1n.<\/div>\n<\/div>\n","protected":false},"featured_media":7562,"comment_status":"closed","ping_status":"closed","template":"","meta":{"inline_featured_image":false},"product_cat":[98],"product_tag":[],"class_list":{"0":"post-7561","1":"product","2":"type-product","3":"status-publish","4":"has-post-thumbnail","6":"product_cat-tequila","8":"first","9":"instock","10":"shipping-taxable","11":"purchasable","12":"product-type-simple"},"yoast_head":"<!-- This site is optimized with the Yoast SEO plugin v27.5 - https:\/\/yoast.com\/product\/yoast-seo-wordpress\/ -->\n<title>C\u00f3digo 1530 George Strait A\u00f1ejo Tequila - Whisky International Online<\/title>\n<meta name=\"description\" content=\"This Limited Edition A\u00f1ejo is a private recipe refined over many generations by an artisan distilling family in Amatit\u00e1n.\" \/>\n<meta name=\"robots\" content=\"index, follow, max-snippet:-1, max-image-preview:large, max-video-preview:-1\" \/>\n<link rel=\"canonical\" href=\"https:\/\/whiskyintenationalonline.com\/?product=codigo-1530-george-strait-anejo-tequila\" \/>\n<meta property=\"og:locale\" content=\"en_US\" \/>\n<meta property=\"og:type\" content=\"article\" \/>\n<meta property=\"og:title\" content=\"C\u00f3digo 1530 George Strait A\u00f1ejo Tequila - Whisky International Online\" \/>\n<meta property=\"og:description\" content=\"This Limited Edition A\u00f1ejo is a private recipe refined over many generations by an artisan distilling family in Amatit\u00e1n.\" \/>\n<meta property=\"og:url\" content=\"https:\/\/whiskyintenationalonline.com\/?product=codigo-1530-george-strait-anejo-tequila\" \/>\n<meta property=\"og:site_name\" content=\"Whisky International Online\" \/>\n<meta property=\"article:modified_time\" content=\"2024-01-21T00:33:43+00:00\" \/>\n<meta property=\"og:image\" content=\"https:\/\/whiskyintenationalonline.com\/wp-content\/uploads\/2024\/01\/c_digo-1530-george-strait-a_ejo-tequila-_encore-edition_-1.jpg\" \/>\n\t<meta property=\"og:image:width\" content=\"500\" \/>\n\t<meta property=\"og:image:height\" content=\"500\" \/>\n\t<meta property=\"og:image:type\" content=\"image\/jpeg\" \/>\n<meta name=\"twitter:card\" content=\"summary_large_image\" \/>\n<meta name=\"twitter:label1\" content=\"Est. reading time\" \/>\n\t<meta name=\"twitter:data1\" content=\"1 minute\" \/>\n<script type=\"application\/ld+json\" class=\"yoast-schema-graph\">{\"@context\":\"https:\\\/\\\/schema.org\",\"@graph\":[{\"@type\":\"WebPage\",\"@id\":\"https:\\\/\\\/whiskyintenationalonline.com\\\/?product=codigo-1530-george-strait-anejo-tequila\",\"url\":\"https:\\\/\\\/whiskyintenationalonline.com\\\/?product=codigo-1530-george-strait-anejo-tequila\",\"name\":\"C\u00f3digo 1530 George Strait A\u00f1ejo Tequila - Whisky International Online\",\"isPartOf\":{\"@id\":\"https:\\\/\\\/whiskyintenationalonline.com\\\/#website\"},\"primaryImageOfPage\":{\"@id\":\"https:\\\/\\\/whiskyintenationalonline.com\\\/?product=codigo-1530-george-strait-anejo-tequila#primaryimage\"},\"image\":{\"@id\":\"https:\\\/\\\/whiskyintenationalonline.com\\\/?product=codigo-1530-george-strait-anejo-tequila#primaryimage\"},\"thumbnailUrl\":\"https:\\\/\\\/whiskyintenationalonline.com\\\/wp-content\\\/uploads\\\/2024\\\/01\\\/c_digo-1530-george-strait-a_ejo-tequila-_encore-edition_-1.jpg\",\"datePublished\":\"2024-01-21T00:33:42+00:00\",\"dateModified\":\"2024-01-21T00:33:43+00:00\",\"description\":\"This Limited Edition A\u00f1ejo is a private recipe refined over many generations by an artisan distilling family in Amatit\u00e1n.\",\"breadcrumb\":{\"@id\":\"https:\\\/\\\/whiskyintenationalonline.com\\\/?product=codigo-1530-george-strait-anejo-tequila#breadcrumb\"},\"inLanguage\":\"en-US\",\"potentialAction\":[{\"@type\":\"ReadAction\",\"target\":[\"https:\\\/\\\/whiskyintenationalonline.com\\\/?product=codigo-1530-george-strait-anejo-tequila\"]}]},{\"@type\":\"ImageObject\",\"inLanguage\":\"en-US\",\"@id\":\"https:\\\/\\\/whiskyintenationalonline.com\\\/?product=codigo-1530-george-strait-anejo-tequila#primaryimage\",\"url\":\"https:\\\/\\\/whiskyintenationalonline.com\\\/wp-content\\\/uploads\\\/2024\\\/01\\\/c_digo-1530-george-strait-a_ejo-tequila-_encore-edition_-1.jpg\",\"contentUrl\":\"https:\\\/\\\/whiskyintenationalonline.com\\\/wp-content\\\/uploads\\\/2024\\\/01\\\/c_digo-1530-george-strait-a_ejo-tequila-_encore-edition_-1.jpg\",\"width\":500,\"height\":500,\"caption\":\"C\u00f3digo 1530 George Strait A\u00f1ejo Tequila\"},{\"@type\":\"BreadcrumbList\",\"@id\":\"https:\\\/\\\/whiskyintenationalonline.com\\\/?product=codigo-1530-george-strait-anejo-tequila#breadcrumb\",\"itemListElement\":[{\"@type\":\"ListItem\",\"position\":1,\"name\":\"Home\",\"item\":\"https:\\\/\\\/whiskyintenationalonline.com\\\/\"},{\"@type\":\"ListItem\",\"position\":2,\"name\":\"Shop\",\"item\":\"https:\\\/\\\/whiskyintenationalonline.com\\\/\"},{\"@type\":\"ListItem\",\"position\":3,\"name\":\"C\u00f3digo 1530 George Strait A\u00f1ejo Tequila\"}]},{\"@type\":\"WebSite\",\"@id\":\"https:\\\/\\\/whiskyintenationalonline.com\\\/#website\",\"url\":\"https:\\\/\\\/whiskyintenationalonline.com\\\/\",\"name\":\"Whisky International Online\",\"description\":\"Whisky International Online: Buy Rare Single Malt Whisky| Whisky For Sale\",\"publisher\":{\"@id\":\"https:\\\/\\\/whiskyintenationalonline.com\\\/#organization\"},\"potentialAction\":[{\"@type\":\"SearchAction\",\"target\":{\"@type\":\"EntryPoint\",\"urlTemplate\":\"https:\\\/\\\/whiskyintenationalonline.com\\\/?s={search_term_string}\"},\"query-input\":{\"@type\":\"PropertyValueSpecification\",\"valueRequired\":true,\"valueName\":\"search_term_string\"}}],\"inLanguage\":\"en-US\"},{\"@type\":\"Organization\",\"@id\":\"https:\\\/\\\/whiskyintenationalonline.com\\\/#organization\",\"name\":\"Whisky International Online\",\"url\":\"https:\\\/\\\/whiskyintenationalonline.com\\\/\",\"logo\":{\"@type\":\"ImageObject\",\"inLanguage\":\"en-US\",\"@id\":\"https:\\\/\\\/whiskyintenationalonline.com\\\/#\\\/schema\\\/logo\\\/image\\\/\",\"url\":\"https:\\\/\\\/whiskyintenationalonline.com\\\/wp-content\\\/uploads\\\/2025\\\/12\\\/download.png\",\"contentUrl\":\"https:\\\/\\\/whiskyintenationalonline.com\\\/wp-content\\\/uploads\\\/2025\\\/12\\\/download.png\",\"width\":350,\"height\":197,\"caption\":\"Whisky International Online\"},\"image\":{\"@id\":\"https:\\\/\\\/whiskyintenationalonline.com\\\/#\\\/schema\\\/logo\\\/image\\\/\"}}]}<\/script>\n<!-- \/ Yoast SEO plugin. -->","yoast_head_json":{"title":"C\u00f3digo 1530 George Strait A\u00f1ejo Tequila - Whisky International Online","description":"This Limited Edition A\u00f1ejo is a private recipe refined over many generations by an artisan distilling family in Amatit\u00e1n.","robots":{"index":"index","follow":"follow","max-snippet":"max-snippet:-1","max-image-preview":"max-image-preview:large","max-video-preview":"max-video-preview:-1"},"canonical":"https:\/\/whiskyintenationalonline.com\/?product=codigo-1530-george-strait-anejo-tequila","og_locale":"en_US","og_type":"article","og_title":"C\u00f3digo 1530 George Strait A\u00f1ejo Tequila - Whisky International Online","og_description":"This Limited Edition A\u00f1ejo is a private recipe refined over many generations by an artisan distilling family in Amatit\u00e1n.","og_url":"https:\/\/whiskyintenationalonline.com\/?product=codigo-1530-george-strait-anejo-tequila","og_site_name":"Whisky International Online","article_modified_time":"2024-01-21T00:33:43+00:00","og_image":[{"width":500,"height":500,"url":"https:\/\/whiskyintenationalonline.com\/wp-content\/uploads\/2024\/01\/c_digo-1530-george-strait-a_ejo-tequila-_encore-edition_-1.jpg","type":"image\/jpeg"}],"twitter_card":"summary_large_image","twitter_misc":{"Est. reading time":"1 minute"},"schema":{"@context":"https:\/\/schema.org","@graph":[{"@type":"WebPage","@id":"https:\/\/whiskyintenationalonline.com\/?product=codigo-1530-george-strait-anejo-tequila","url":"https:\/\/whiskyintenationalonline.com\/?product=codigo-1530-george-strait-anejo-tequila","name":"C\u00f3digo 1530 George Strait A\u00f1ejo Tequila - Whisky International Online","isPartOf":{"@id":"https:\/\/whiskyintenationalonline.com\/#website"},"primaryImageOfPage":{"@id":"https:\/\/whiskyintenationalonline.com\/?product=codigo-1530-george-strait-anejo-tequila#primaryimage"},"image":{"@id":"https:\/\/whiskyintenationalonline.com\/?product=codigo-1530-george-strait-anejo-tequila#primaryimage"},"thumbnailUrl":"https:\/\/whiskyintenationalonline.com\/wp-content\/uploads\/2024\/01\/c_digo-1530-george-strait-a_ejo-tequila-_encore-edition_-1.jpg","datePublished":"2024-01-21T00:33:42+00:00","dateModified":"2024-01-21T00:33:43+00:00","description":"This Limited Edition A\u00f1ejo is a private recipe refined over many generations by an artisan distilling family in Amatit\u00e1n.","breadcrumb":{"@id":"https:\/\/whiskyintenationalonline.com\/?product=codigo-1530-george-strait-anejo-tequila#breadcrumb"},"inLanguage":"en-US","potentialAction":[{"@type":"ReadAction","target":["https:\/\/whiskyintenationalonline.com\/?product=codigo-1530-george-strait-anejo-tequila"]}]},{"@type":"ImageObject","inLanguage":"en-US","@id":"https:\/\/whiskyintenationalonline.com\/?product=codigo-1530-george-strait-anejo-tequila#primaryimage","url":"https:\/\/whiskyintenationalonline.com\/wp-content\/uploads\/2024\/01\/c_digo-1530-george-strait-a_ejo-tequila-_encore-edition_-1.jpg","contentUrl":"https:\/\/whiskyintenationalonline.com\/wp-content\/uploads\/2024\/01\/c_digo-1530-george-strait-a_ejo-tequila-_encore-edition_-1.jpg","width":500,"height":500,"caption":"C\u00f3digo 1530 George Strait A\u00f1ejo Tequila"},{"@type":"BreadcrumbList","@id":"https:\/\/whiskyintenationalonline.com\/?product=codigo-1530-george-strait-anejo-tequila#breadcrumb","itemListElement":[{"@type":"ListItem","position":1,"name":"Home","item":"https:\/\/whiskyintenationalonline.com\/"},{"@type":"ListItem","position":2,"name":"Shop","item":"https:\/\/whiskyintenationalonline.com\/"},{"@type":"ListItem","position":3,"name":"C\u00f3digo 1530 George Strait A\u00f1ejo Tequila"}]},{"@type":"WebSite","@id":"https:\/\/whiskyintenationalonline.com\/#website","url":"https:\/\/whiskyintenationalonline.com\/","name":"Whisky International Online","description":"Whisky International Online: Buy Rare Single Malt Whisky| Whisky For Sale","publisher":{"@id":"https:\/\/whiskyintenationalonline.com\/#organization"},"potentialAction":[{"@type":"SearchAction","target":{"@type":"EntryPoint","urlTemplate":"https:\/\/whiskyintenationalonline.com\/?s={search_term_string}"},"query-input":{"@type":"PropertyValueSpecification","valueRequired":true,"valueName":"search_term_string"}}],"inLanguage":"en-US"},{"@type":"Organization","@id":"https:\/\/whiskyintenationalonline.com\/#organization","name":"Whisky International Online","url":"https:\/\/whiskyintenationalonline.com\/","logo":{"@type":"ImageObject","inLanguage":"en-US","@id":"https:\/\/whiskyintenationalonline.com\/#\/schema\/logo\/image\/","url":"https:\/\/whiskyintenationalonline.com\/wp-content\/uploads\/2025\/12\/download.png","contentUrl":"https:\/\/whiskyintenationalonline.com\/wp-content\/uploads\/2025\/12\/download.png","width":350,"height":197,"caption":"Whisky International Online"},"image":{"@id":"https:\/\/whiskyintenationalonline.com\/#\/schema\/logo\/image\/"}}]}},"jetpack_sharing_enabled":true,"_links":{"self":[{"href":"https:\/\/whiskyintenationalonline.com\/index.php?rest_route=\/wp\/v2\/product\/7561","targetHints":{"allow":["GET"]}}],"collection":[{"href":"https:\/\/whiskyintenationalonline.com\/index.php?rest_route=\/wp\/v2\/product"}],"about":[{"href":"https:\/\/whiskyintenationalonline.com\/index.php?rest_route=\/wp\/v2\/types\/product"}],"replies":[{"embeddable":true,"href":"https:\/\/whiskyintenationalonline.com\/index.php?rest_route=%2Fwp%2Fv2%2Fcomments&post=7561"}],"wp:featuredmedia":[{"embeddable":true,"href":"https:\/\/whiskyintenationalonline.com\/index.php?rest_route=\/wp\/v2\/media\/7562"}],"wp:attachment":[{"href":"https:\/\/whiskyintenationalonline.com\/index.php?rest_route=%2Fwp%2Fv2%2Fmedia&parent=7561"}],"wp:term":[{"taxonomy":"product_cat","embeddable":true,"href":"https:\/\/whiskyintenationalonline.com\/index.php?rest_route=%2Fwp%2Fv2%2Fproduct_cat&post=7561"},{"taxonomy":"product_tag","embeddable":true,"href":"https:\/\/whiskyintenationalonline.com\/index.php?rest_route=%2Fwp%2Fv2%2Fproduct_tag&post=7561"}],"curies":[{"name":"wp","href":"https:\/\/api.w.org\/{rel}","templated":true}]}}