{"id":7553,"date":"2024-01-21T00:25:15","date_gmt":"2024-01-21T00:25:15","guid":{"rendered":"https:\/\/whiskyintenationalonline.com\/?post_type=product&#038;p=7553"},"modified":"2024-01-21T00:25:16","modified_gmt":"2024-01-21T00:25:16","slug":"tears-of-llorona-no-3-extra-anejo-tequila","status":"publish","type":"product","link":"https:\/\/whiskyintenationalonline.com\/?product=tears-of-llorona-no-3-extra-anejo-tequila","title":{"rendered":"Tears of Llorona No. 3 Extra A\u00f1ejo Tequila"},"content":{"rendered":"<h2 class=\"story-subtitle\">About Tears of Llorona No. 3 Extra A\u00f1ejo Tequila<\/h2>\n<p>Originally intended to be German Gonzalez\u2019 own private stock, <a href=\"https:\/\/tearsofllorona.com\/\">Tears of Llorona No. 3 Extra A\u00f1ejo Tequila<\/a> is hand-crafted from 100% blue agave grown in the volcanic soil surrounding Atotonilco, in the highlands of Jalisco, where growth is extremely slow.<\/p>\n<p>Gonzalez selects these agaves late in the harvest, at their peak ripeness, using his years of experience and special knowledge passed down from his father. Once harvested, Gonzalez brings the agaves to his distillery where they are roasted, then shredded, in the traditional way to extract the sugar-rich juice called the aguamiel.<\/p>\n<p>The aguamiel is then fermented with a proprietary strain of yeast before being twice-distilled through copper pot stills.<\/p>\n<p>After distillation, the <a href=\"https:\/\/www.tequilamatchmaker.com\/tequilas\/5209-tears-of-llorona-extra-anejo\">Tears of Llorona No. 3 Extra A\u00f1ejo Tequila<\/a> is aged for nearly five years in several different types of barrels \u2014 half ex-Scotch whisky barrels, a quarter Sherry casks and another quarter French Limousin barrels previously used to mature Cognac \u2014 before being blended together at optimal maturity.<\/p>\n<p><a href=\"https:\/\/www.remedyliquor.com\/products\/tears-of-llorona-no-3-tequila-extra-anejo-1li\">Tears of Llorona No. 3 Extra A\u00f1ejo Tequila<\/a> has a bouquet of black cherries, vanilla, honeysuckle and apples, and leads to notes of chocolate, toffee and cr\u00e8me br\u00fbl\u00e9e on the palate. The finish is spicy and elegant, with notes of cinnamon and cloves balanced by sweeter touches of raisins, caramel and oak.<\/p>\n<p><em>Men\u2019s Journal<\/em>\u00a0called Tears of Llorona, \u201ca sipping <a href=\"https:\/\/www.google.com\/search?sca_esv=600137143&amp;sxsrf=ACQVn0-66DxvofHJqE84330G7g37NSMV0Q:1705796483316&amp;q=Tears+of+Llorona+Extra+Anejo+Tequila+stores&amp;sa=X&amp;ved=2ahUKEwjbwcmLm-2DAxXYRUEAHXOBBnwQ1QJ6BAhAEAE\">tequila<\/a> of the highest order \u2014 a rich, complex liquor that&#8217;s more like a high-end scotch or cognac.&#8221;<\/p>\n<p>Pick up a bottle today!<\/p>\n<div id=\"tab-label-notes\" class=\"data item title active\" tabindex=\"0\" role=\"tab\" aria-labeledby=\"tab-label-notes-title\" data-role=\"collapsible\" data-collapsible=\"true\" aria-controls=\"notes\" aria-selected=\"true\" aria-expanded=\"true\">\n<h2>Tasting Notes<\/h2>\n<\/div>\n<div id=\"notes\" class=\"data item content\" role=\"tabpanel\" data-role=\"content\" aria-labelledby=\"tab-label-notes\" aria-hidden=\"false\">\n<div class=\"product attribute tasting-note\">\n<div class=\"value\">Bouquet of black cherries, vanilla, honeysuckle and apples, leading to notes of chocolate, toffee and cr\u00e8me br\u00fbl\u00e9e on the palate. Finish is spicy and elegant, with notes of cinnamon and cloves balanced by sweeter touches of raisins, caramel and oak.<\/div>\n<\/div>\n<\/div>\n","protected":false},"excerpt":{"rendered":"<div class=\"top-attr-wrapper\"><span class=\"product-item-size\"><strong>SIZE<\/strong> 1000mL <\/span><span class=\"product-item-size proof\"><strong>PROOF<\/strong> 86 (43% ABV)<\/span><\/div>\n<div><\/div>\n<div class=\"product attribute overview\">\n<div class=\"value\">This extra a\u00f1ejo tequila, which was called &#8220;a sipping tequila of the highest order&#8221; by Men&#8217;s Journal, was aged in a combination of former Scotch, Sherry and Cognac casks for nearly five years.<\/div>\n<\/div>\n","protected":false},"featured_media":7554,"comment_status":"closed","ping_status":"closed","template":"","meta":{"inline_featured_image":false},"product_cat":[98],"product_tag":[],"class_list":{"0":"post-7553","1":"product","2":"type-product","3":"status-publish","4":"has-post-thumbnail","6":"product_cat-tequila","8":"first","9":"instock","10":"shipping-taxable","11":"purchasable","12":"product-type-simple"},"yoast_head":"<!-- This site is optimized with the Yoast SEO plugin v27.5 - https:\/\/yoast.com\/product\/yoast-seo-wordpress\/ -->\n<title>Tears of Llorona No. 3 Extra A\u00f1ejo Tequila - Whisky International Online<\/title>\n<meta name=\"description\" content=\"Gonzalez selects these agaves late in the harvest, at their peak ripeness, using his years of experience and special knowledge passed down from his father.\" \/>\n<meta name=\"robots\" content=\"index, follow, max-snippet:-1, max-image-preview:large, max-video-preview:-1\" \/>\n<link rel=\"canonical\" href=\"https:\/\/whiskyintenationalonline.com\/?product=tears-of-llorona-no-3-extra-anejo-tequila\" \/>\n<meta property=\"og:locale\" content=\"en_US\" \/>\n<meta property=\"og:type\" content=\"article\" \/>\n<meta property=\"og:title\" content=\"Tears of Llorona No. 3 Extra A\u00f1ejo Tequila - Whisky International Online\" \/>\n<meta property=\"og:description\" content=\"Gonzalez selects these agaves late in the harvest, at their peak ripeness, using his years of experience and special knowledge passed down from his father.\" \/>\n<meta property=\"og:url\" content=\"https:\/\/whiskyintenationalonline.com\/?product=tears-of-llorona-no-3-extra-anejo-tequila\" \/>\n<meta property=\"og:site_name\" content=\"Whisky International Online\" \/>\n<meta property=\"article:modified_time\" content=\"2024-01-21T00:25:16+00:00\" \/>\n<meta property=\"og:image\" content=\"https:\/\/whiskyintenationalonline.com\/wp-content\/uploads\/2024\/01\/tears-of-llorona-no.-3-extra-anejo-tequila-1.jpg\" \/>\n\t<meta property=\"og:image:width\" content=\"500\" \/>\n\t<meta property=\"og:image:height\" content=\"500\" \/>\n\t<meta property=\"og:image:type\" content=\"image\/jpeg\" \/>\n<meta name=\"twitter:card\" content=\"summary_large_image\" \/>\n<meta name=\"twitter:label1\" content=\"Est. reading time\" \/>\n\t<meta name=\"twitter:data1\" content=\"2 minutes\" \/>\n<script type=\"application\/ld+json\" class=\"yoast-schema-graph\">{\"@context\":\"https:\\\/\\\/schema.org\",\"@graph\":[{\"@type\":\"WebPage\",\"@id\":\"https:\\\/\\\/whiskyintenationalonline.com\\\/?product=tears-of-llorona-no-3-extra-anejo-tequila\",\"url\":\"https:\\\/\\\/whiskyintenationalonline.com\\\/?product=tears-of-llorona-no-3-extra-anejo-tequila\",\"name\":\"Tears of Llorona No. 3 Extra A\u00f1ejo Tequila - Whisky International Online\",\"isPartOf\":{\"@id\":\"https:\\\/\\\/whiskyintenationalonline.com\\\/#website\"},\"primaryImageOfPage\":{\"@id\":\"https:\\\/\\\/whiskyintenationalonline.com\\\/?product=tears-of-llorona-no-3-extra-anejo-tequila#primaryimage\"},\"image\":{\"@id\":\"https:\\\/\\\/whiskyintenationalonline.com\\\/?product=tears-of-llorona-no-3-extra-anejo-tequila#primaryimage\"},\"thumbnailUrl\":\"https:\\\/\\\/whiskyintenationalonline.com\\\/wp-content\\\/uploads\\\/2024\\\/01\\\/tears-of-llorona-no.-3-extra-anejo-tequila-1.jpg\",\"datePublished\":\"2024-01-21T00:25:15+00:00\",\"dateModified\":\"2024-01-21T00:25:16+00:00\",\"description\":\"Gonzalez selects these agaves late in the harvest, at their peak ripeness, using his years of experience and special knowledge passed down from his father.\",\"breadcrumb\":{\"@id\":\"https:\\\/\\\/whiskyintenationalonline.com\\\/?product=tears-of-llorona-no-3-extra-anejo-tequila#breadcrumb\"},\"inLanguage\":\"en-US\",\"potentialAction\":[{\"@type\":\"ReadAction\",\"target\":[\"https:\\\/\\\/whiskyintenationalonline.com\\\/?product=tears-of-llorona-no-3-extra-anejo-tequila\"]}]},{\"@type\":\"ImageObject\",\"inLanguage\":\"en-US\",\"@id\":\"https:\\\/\\\/whiskyintenationalonline.com\\\/?product=tears-of-llorona-no-3-extra-anejo-tequila#primaryimage\",\"url\":\"https:\\\/\\\/whiskyintenationalonline.com\\\/wp-content\\\/uploads\\\/2024\\\/01\\\/tears-of-llorona-no.-3-extra-anejo-tequila-1.jpg\",\"contentUrl\":\"https:\\\/\\\/whiskyintenationalonline.com\\\/wp-content\\\/uploads\\\/2024\\\/01\\\/tears-of-llorona-no.-3-extra-anejo-tequila-1.jpg\",\"width\":500,\"height\":500,\"caption\":\"Tears of Llorona No. 3 Extra A\u00f1ejo Tequila\"},{\"@type\":\"BreadcrumbList\",\"@id\":\"https:\\\/\\\/whiskyintenationalonline.com\\\/?product=tears-of-llorona-no-3-extra-anejo-tequila#breadcrumb\",\"itemListElement\":[{\"@type\":\"ListItem\",\"position\":1,\"name\":\"Home\",\"item\":\"https:\\\/\\\/whiskyintenationalonline.com\\\/\"},{\"@type\":\"ListItem\",\"position\":2,\"name\":\"Shop\",\"item\":\"https:\\\/\\\/whiskyintenationalonline.com\\\/\"},{\"@type\":\"ListItem\",\"position\":3,\"name\":\"Tears of Llorona No. 3 Extra A\u00f1ejo Tequila\"}]},{\"@type\":\"WebSite\",\"@id\":\"https:\\\/\\\/whiskyintenationalonline.com\\\/#website\",\"url\":\"https:\\\/\\\/whiskyintenationalonline.com\\\/\",\"name\":\"Whisky International Online\",\"description\":\"Whisky International Online: Buy Rare Single Malt Whisky| Whisky For Sale\",\"publisher\":{\"@id\":\"https:\\\/\\\/whiskyintenationalonline.com\\\/#organization\"},\"potentialAction\":[{\"@type\":\"SearchAction\",\"target\":{\"@type\":\"EntryPoint\",\"urlTemplate\":\"https:\\\/\\\/whiskyintenationalonline.com\\\/?s={search_term_string}\"},\"query-input\":{\"@type\":\"PropertyValueSpecification\",\"valueRequired\":true,\"valueName\":\"search_term_string\"}}],\"inLanguage\":\"en-US\"},{\"@type\":\"Organization\",\"@id\":\"https:\\\/\\\/whiskyintenationalonline.com\\\/#organization\",\"name\":\"Whisky International Online\",\"url\":\"https:\\\/\\\/whiskyintenationalonline.com\\\/\",\"logo\":{\"@type\":\"ImageObject\",\"inLanguage\":\"en-US\",\"@id\":\"https:\\\/\\\/whiskyintenationalonline.com\\\/#\\\/schema\\\/logo\\\/image\\\/\",\"url\":\"https:\\\/\\\/whiskyintenationalonline.com\\\/wp-content\\\/uploads\\\/2025\\\/12\\\/download.png\",\"contentUrl\":\"https:\\\/\\\/whiskyintenationalonline.com\\\/wp-content\\\/uploads\\\/2025\\\/12\\\/download.png\",\"width\":350,\"height\":197,\"caption\":\"Whisky International Online\"},\"image\":{\"@id\":\"https:\\\/\\\/whiskyintenationalonline.com\\\/#\\\/schema\\\/logo\\\/image\\\/\"}}]}<\/script>\n<!-- \/ Yoast SEO plugin. -->","yoast_head_json":{"title":"Tears of Llorona No. 3 Extra A\u00f1ejo Tequila - Whisky International Online","description":"Gonzalez selects these agaves late in the harvest, at their peak ripeness, using his years of experience and special knowledge passed down from his father.","robots":{"index":"index","follow":"follow","max-snippet":"max-snippet:-1","max-image-preview":"max-image-preview:large","max-video-preview":"max-video-preview:-1"},"canonical":"https:\/\/whiskyintenationalonline.com\/?product=tears-of-llorona-no-3-extra-anejo-tequila","og_locale":"en_US","og_type":"article","og_title":"Tears of Llorona No. 3 Extra A\u00f1ejo Tequila - Whisky International Online","og_description":"Gonzalez selects these agaves late in the harvest, at their peak ripeness, using his years of experience and special knowledge passed down from his father.","og_url":"https:\/\/whiskyintenationalonline.com\/?product=tears-of-llorona-no-3-extra-anejo-tequila","og_site_name":"Whisky International Online","article_modified_time":"2024-01-21T00:25:16+00:00","og_image":[{"width":500,"height":500,"url":"https:\/\/whiskyintenationalonline.com\/wp-content\/uploads\/2024\/01\/tears-of-llorona-no.-3-extra-anejo-tequila-1.jpg","type":"image\/jpeg"}],"twitter_card":"summary_large_image","twitter_misc":{"Est. reading time":"2 minutes"},"schema":{"@context":"https:\/\/schema.org","@graph":[{"@type":"WebPage","@id":"https:\/\/whiskyintenationalonline.com\/?product=tears-of-llorona-no-3-extra-anejo-tequila","url":"https:\/\/whiskyintenationalonline.com\/?product=tears-of-llorona-no-3-extra-anejo-tequila","name":"Tears of Llorona No. 3 Extra A\u00f1ejo Tequila - Whisky International Online","isPartOf":{"@id":"https:\/\/whiskyintenationalonline.com\/#website"},"primaryImageOfPage":{"@id":"https:\/\/whiskyintenationalonline.com\/?product=tears-of-llorona-no-3-extra-anejo-tequila#primaryimage"},"image":{"@id":"https:\/\/whiskyintenationalonline.com\/?product=tears-of-llorona-no-3-extra-anejo-tequila#primaryimage"},"thumbnailUrl":"https:\/\/whiskyintenationalonline.com\/wp-content\/uploads\/2024\/01\/tears-of-llorona-no.-3-extra-anejo-tequila-1.jpg","datePublished":"2024-01-21T00:25:15+00:00","dateModified":"2024-01-21T00:25:16+00:00","description":"Gonzalez selects these agaves late in the harvest, at their peak ripeness, using his years of experience and special knowledge passed down from his father.","breadcrumb":{"@id":"https:\/\/whiskyintenationalonline.com\/?product=tears-of-llorona-no-3-extra-anejo-tequila#breadcrumb"},"inLanguage":"en-US","potentialAction":[{"@type":"ReadAction","target":["https:\/\/whiskyintenationalonline.com\/?product=tears-of-llorona-no-3-extra-anejo-tequila"]}]},{"@type":"ImageObject","inLanguage":"en-US","@id":"https:\/\/whiskyintenationalonline.com\/?product=tears-of-llorona-no-3-extra-anejo-tequila#primaryimage","url":"https:\/\/whiskyintenationalonline.com\/wp-content\/uploads\/2024\/01\/tears-of-llorona-no.-3-extra-anejo-tequila-1.jpg","contentUrl":"https:\/\/whiskyintenationalonline.com\/wp-content\/uploads\/2024\/01\/tears-of-llorona-no.-3-extra-anejo-tequila-1.jpg","width":500,"height":500,"caption":"Tears of Llorona No. 3 Extra A\u00f1ejo Tequila"},{"@type":"BreadcrumbList","@id":"https:\/\/whiskyintenationalonline.com\/?product=tears-of-llorona-no-3-extra-anejo-tequila#breadcrumb","itemListElement":[{"@type":"ListItem","position":1,"name":"Home","item":"https:\/\/whiskyintenationalonline.com\/"},{"@type":"ListItem","position":2,"name":"Shop","item":"https:\/\/whiskyintenationalonline.com\/"},{"@type":"ListItem","position":3,"name":"Tears of Llorona No. 3 Extra A\u00f1ejo Tequila"}]},{"@type":"WebSite","@id":"https:\/\/whiskyintenationalonline.com\/#website","url":"https:\/\/whiskyintenationalonline.com\/","name":"Whisky International Online","description":"Whisky International Online: Buy Rare Single Malt Whisky| Whisky For Sale","publisher":{"@id":"https:\/\/whiskyintenationalonline.com\/#organization"},"potentialAction":[{"@type":"SearchAction","target":{"@type":"EntryPoint","urlTemplate":"https:\/\/whiskyintenationalonline.com\/?s={search_term_string}"},"query-input":{"@type":"PropertyValueSpecification","valueRequired":true,"valueName":"search_term_string"}}],"inLanguage":"en-US"},{"@type":"Organization","@id":"https:\/\/whiskyintenationalonline.com\/#organization","name":"Whisky International Online","url":"https:\/\/whiskyintenationalonline.com\/","logo":{"@type":"ImageObject","inLanguage":"en-US","@id":"https:\/\/whiskyintenationalonline.com\/#\/schema\/logo\/image\/","url":"https:\/\/whiskyintenationalonline.com\/wp-content\/uploads\/2025\/12\/download.png","contentUrl":"https:\/\/whiskyintenationalonline.com\/wp-content\/uploads\/2025\/12\/download.png","width":350,"height":197,"caption":"Whisky International Online"},"image":{"@id":"https:\/\/whiskyintenationalonline.com\/#\/schema\/logo\/image\/"}}]}},"jetpack_sharing_enabled":true,"_links":{"self":[{"href":"https:\/\/whiskyintenationalonline.com\/index.php?rest_route=\/wp\/v2\/product\/7553","targetHints":{"allow":["GET"]}}],"collection":[{"href":"https:\/\/whiskyintenationalonline.com\/index.php?rest_route=\/wp\/v2\/product"}],"about":[{"href":"https:\/\/whiskyintenationalonline.com\/index.php?rest_route=\/wp\/v2\/types\/product"}],"replies":[{"embeddable":true,"href":"https:\/\/whiskyintenationalonline.com\/index.php?rest_route=%2Fwp%2Fv2%2Fcomments&post=7553"}],"wp:featuredmedia":[{"embeddable":true,"href":"https:\/\/whiskyintenationalonline.com\/index.php?rest_route=\/wp\/v2\/media\/7554"}],"wp:attachment":[{"href":"https:\/\/whiskyintenationalonline.com\/index.php?rest_route=%2Fwp%2Fv2%2Fmedia&parent=7553"}],"wp:term":[{"taxonomy":"product_cat","embeddable":true,"href":"https:\/\/whiskyintenationalonline.com\/index.php?rest_route=%2Fwp%2Fv2%2Fproduct_cat&post=7553"},{"taxonomy":"product_tag","embeddable":true,"href":"https:\/\/whiskyintenationalonline.com\/index.php?rest_route=%2Fwp%2Fv2%2Fproduct_tag&post=7553"}],"curies":[{"name":"wp","href":"https:\/\/api.w.org\/{rel}","templated":true}]}}