{"id":7210,"date":"2024-01-19T16:06:13","date_gmt":"2024-01-19T16:06:13","guid":{"rendered":"https:\/\/whiskyintenationalonline.com\/?post_type=product&#038;p=7210"},"modified":"2024-01-19T16:06:14","modified_gmt":"2024-01-19T16:06:14","slug":"the-dalmore-40-year-old-single-malt","status":"publish","type":"product","link":"https:\/\/whiskyintenationalonline.com\/?product=the-dalmore-40-year-old-single-malt","title":{"rendered":"The Dalmore 40 Year Old Single Malt"},"content":{"rendered":"<h2 class=\"story-subtitle\">About The <a href=\"https:\/\/www.thewhiskyworld.com\/dalmore-40-year-old-2022-release-p11462\">Dalmore 40 Year Old<\/a> Single Malt Scotch Whisky<\/h2>\n<p>The <a href=\"https:\/\/www.google.com\/search?sca_esv=599820148&amp;sxsrf=ACQVn0_cB0NGCKtrI_Z3o_tdz3JoYlYusw:1705679968823&amp;q=The+dalmore+40+year+old+single+malt+scotch+whisky+review&amp;sa=X&amp;ved=2ahUKEwjdlpGF6emDAxVFXkEAHUaqADkQ1QJ6BAhbEAE\">Dalmore distillery<\/a> has set the standard for multi-cask maturation and Richard Peterson, <a href=\"https:\/\/www.google.com\/search?sca_esv=599820148&amp;sxsrf=ACQVn0_cB0NGCKtrI_Z3o_tdz3JoYlYusw:1705679968823&amp;q=Dalmore+40+years+price&amp;sa=X&amp;ved=2ahUKEwjdlpGF6emDAxVFXkEAHUaqADkQ1QJ6BAhWEAE\">Master Distiller<\/a> for over 50 decades is the man who probably knows more about casks and single malts than anyone else in the world.<\/p>\n<p>The 2022 release of the <a href=\"https:\/\/www.google.com\/search?sca_esv=599820148&amp;sxsrf=ACQVn0_cB0NGCKtrI_Z3o_tdz3JoYlYusw:1705679968823&amp;q=The+dalmore+40+year+old+single+malt+scotch+whisky+price&amp;sa=X&amp;ved=2ahUKEwjdlpGF6emDAxVFXkEAHUaqADkQ1QJ6BAhaEAE\">Dalmore 40-Year-Old<\/a> Single Malt Whiskey is a star of that process, a prime example of what a single cask can bring to the final profile.<\/p>\n<p>This stunning single malt started its maturation journey in American white oak ex-bourbon casks before transitioning to 30-year-old Gonzalez Byass Matusalem Oloroso sherry butts where it spent the next seven years.<\/p>\n<p>This gloriously sherried spirit was then combined with a single malt that, after its initial maturation phase in ex-Bourbon casks, spent a good amount of years in rare Graham&#8217;s Port Colheita casks from 1970. The two liquids were given some time to acquaint themselves before this single malt was bottled at an ABV of 42%.<\/p>\n<p>This is a high-end Single Malt where Sherry, Port, Bourbon, and Scotch all join in a deeply indulgent, unbelievably smooth, and incredibly complex flavored spirit. The presentation of the bottle is as polished as this release deserves.<\/p>\n<p>Grab your bottle today!<\/p>\n<div id=\"tab-label-notes\" class=\"data item title active\" tabindex=\"0\" role=\"tab\" aria-labeledby=\"tab-label-notes-title\" data-role=\"collapsible\" data-collapsible=\"true\" aria-controls=\"notes\" aria-selected=\"true\" aria-expanded=\"true\">\n<h2>Tasting Notes<\/h2>\n<\/div>\n<div id=\"notes\" class=\"data item content\" role=\"tabpanel\" data-role=\"content\" aria-labelledby=\"tab-label-notes\" aria-hidden=\"false\">\n<div class=\"product attribute tasting-note\">\n<div class=\"value\">This is an incredibly rich and complex spirit with influences of sherry, port, bourbon, and scotch. On the nose, there are notes of cherries, plums, sultanas, toffee apples, and vanilla pods. A single sip reveals a deep flavor with notes of orange peel, chocolate truffles, walnut baklava, old English marmalade, and vanilla cr\u00e8me br\u00fbl\u00e9e. The finish is long and lingering.<\/div>\n<div>\n<div class=\"AJLUJb\">\n<div data-hveid=\"CFsQAA\">\n<div class=\"s75CSd u60jwe r2fjmd AB4Wff\">The dalmore 40 year old single malt scotch whisky review<\/div>\n<\/div>\n<div data-hveid=\"CFoQAA\">\n<div class=\"aXBZVd unhzXb\"><\/div>\n<div class=\"s75CSd u60jwe r2fjmd AB4Wff\">The dalmore 40 year old single malt scotch whisky price<\/div>\n<\/div>\n<div data-hveid=\"CFYQAA\">\n<div class=\"aXBZVd unhzXb\"><\/div>\n<div class=\"s75CSd u60jwe r2fjmd AB4Wff\">dalmore 40\u00a0<b>years price<\/b><\/div>\n<\/div>\n<div data-hveid=\"CFcQAA\">\n<div class=\"aXBZVd unhzXb\"><\/div>\n<div class=\"s75CSd u60jwe r2fjmd AB4Wff\">dalmore 40 year old\u00a0<b>1966<\/b><\/div>\n<\/div>\n<\/div>\n<div class=\"AJLUJb\">\n<div data-hveid=\"CFkQAA\">\n<div class=\"aXBZVd unhzXb\"><\/div>\n<div class=\"s75CSd u60jwe r2fjmd AB4Wff\">dalmore\u00a0<b>100<\/b>\u00a0year old\u00a0<b>price<\/b><\/div>\n<\/div>\n<div data-hveid=\"CFgQAA\">\n<div class=\"aXBZVd unhzXb\"><\/div>\n<div class=\"s75CSd u60jwe r2fjmd AB4Wff\">dalmore\u00a0<b>50<\/b>\u00a0year old\u00a0<b>price<\/b><\/div>\n<\/div>\n<div data-hveid=\"CFQQAA\">\n<div class=\"aXBZVd unhzXb\"><\/div>\n<div class=\"s75CSd u60jwe r2fjmd AB4Wff\">dalmore\u00a0<b>35<\/b>\u00a0year old<\/div>\n<\/div>\n<div data-hveid=\"CFUQAA\">\n<div class=\"aXBZVd unhzXb\"><\/div>\n<div class=\"s75CSd u60jwe r2fjmd AB4Wff\">dalmore whisky\u00a0<b>15 years<\/b>\u00a0old<\/div>\n<\/div>\n<\/div>\n<\/div>\n<\/div>\n<\/div>\n","protected":false},"excerpt":{"rendered":"<h3 class=\"page-title\"><span class=\"base\" data-ui-id=\"page-title-wrapper\">The Dalmore 40 Year Old Single Malt Scotch Whisky<\/span><\/h3>\n<p><span class=\"product-item-size\"><strong>SIZE<\/strong> 750mL <\/span><span class=\"product-item-size proof\"><strong>PROOF<\/strong> 84 (42% ABV)<\/span><\/p>\n<p>If hearing \u201cDalmore 40 year old single malt\u201d doesn\u2019t give you goosebumps, you\u2019re probably at the wrong site. This release is triple matured, rich and complex in flavor, and as smooth as you can only imagine. Winner of several international awards.<\/p>\n","protected":false},"featured_media":7211,"comment_status":"closed","ping_status":"closed","template":"","meta":{"inline_featured_image":false},"product_cat":[74],"product_tag":[],"class_list":{"0":"post-7210","1":"product","2":"type-product","3":"status-publish","4":"has-post-thumbnail","6":"product_cat-scotch","8":"first","9":"instock","10":"shipping-taxable","11":"purchasable","12":"product-type-simple"},"yoast_head":"<!-- This site is optimized with the Yoast SEO plugin v27.5 - https:\/\/yoast.com\/product\/yoast-seo-wordpress\/ -->\n<title>The Dalmore 40 Year Old Single Malt - Whisky International Online<\/title>\n<meta name=\"description\" content=\"This release is triple matured, rich and complex in flavor, and as smooth as you can only imagine. Winner of several international awards.\" \/>\n<meta name=\"robots\" content=\"index, follow, max-snippet:-1, max-image-preview:large, max-video-preview:-1\" \/>\n<link rel=\"canonical\" href=\"https:\/\/whiskyintenationalonline.com\/?product=the-dalmore-40-year-old-single-malt\" \/>\n<meta property=\"og:locale\" content=\"en_US\" \/>\n<meta property=\"og:type\" content=\"article\" \/>\n<meta property=\"og:title\" content=\"The Dalmore 40 Year Old Single Malt - Whisky International Online\" \/>\n<meta property=\"og:description\" content=\"This release is triple matured, rich and complex in flavor, and as smooth as you can only imagine. Winner of several international awards.\" \/>\n<meta property=\"og:url\" content=\"https:\/\/whiskyintenationalonline.com\/?product=the-dalmore-40-year-old-single-malt\" \/>\n<meta property=\"og:site_name\" content=\"Whisky International Online\" \/>\n<meta property=\"article:modified_time\" content=\"2024-01-19T16:06:14+00:00\" \/>\n<meta property=\"og:image\" content=\"https:\/\/whiskyintenationalonline.com\/wp-content\/uploads\/2024\/01\/dalmore-40-year-old-single-malt-scotch-whisky-1.webp\" \/>\n\t<meta property=\"og:image:width\" content=\"500\" \/>\n\t<meta property=\"og:image:height\" content=\"500\" \/>\n\t<meta property=\"og:image:type\" content=\"image\/webp\" \/>\n<meta name=\"twitter:card\" content=\"summary_large_image\" \/>\n<meta name=\"twitter:label1\" content=\"Est. reading time\" \/>\n\t<meta name=\"twitter:data1\" content=\"2 minutes\" \/>\n<script type=\"application\/ld+json\" class=\"yoast-schema-graph\">{\"@context\":\"https:\\\/\\\/schema.org\",\"@graph\":[{\"@type\":\"WebPage\",\"@id\":\"https:\\\/\\\/whiskyintenationalonline.com\\\/?product=the-dalmore-40-year-old-single-malt\",\"url\":\"https:\\\/\\\/whiskyintenationalonline.com\\\/?product=the-dalmore-40-year-old-single-malt\",\"name\":\"The Dalmore 40 Year Old Single Malt - Whisky International Online\",\"isPartOf\":{\"@id\":\"https:\\\/\\\/whiskyintenationalonline.com\\\/#website\"},\"primaryImageOfPage\":{\"@id\":\"https:\\\/\\\/whiskyintenationalonline.com\\\/?product=the-dalmore-40-year-old-single-malt#primaryimage\"},\"image\":{\"@id\":\"https:\\\/\\\/whiskyintenationalonline.com\\\/?product=the-dalmore-40-year-old-single-malt#primaryimage\"},\"thumbnailUrl\":\"https:\\\/\\\/whiskyintenationalonline.com\\\/wp-content\\\/uploads\\\/2024\\\/01\\\/dalmore-40-year-old-single-malt-scotch-whisky-1.webp\",\"datePublished\":\"2024-01-19T16:06:13+00:00\",\"dateModified\":\"2024-01-19T16:06:14+00:00\",\"description\":\"This release is triple matured, rich and complex in flavor, and as smooth as you can only imagine. Winner of several international awards.\",\"breadcrumb\":{\"@id\":\"https:\\\/\\\/whiskyintenationalonline.com\\\/?product=the-dalmore-40-year-old-single-malt#breadcrumb\"},\"inLanguage\":\"en-US\",\"potentialAction\":[{\"@type\":\"ReadAction\",\"target\":[\"https:\\\/\\\/whiskyintenationalonline.com\\\/?product=the-dalmore-40-year-old-single-malt\"]}]},{\"@type\":\"ImageObject\",\"inLanguage\":\"en-US\",\"@id\":\"https:\\\/\\\/whiskyintenationalonline.com\\\/?product=the-dalmore-40-year-old-single-malt#primaryimage\",\"url\":\"https:\\\/\\\/whiskyintenationalonline.com\\\/wp-content\\\/uploads\\\/2024\\\/01\\\/dalmore-40-year-old-single-malt-scotch-whisky-1.webp\",\"contentUrl\":\"https:\\\/\\\/whiskyintenationalonline.com\\\/wp-content\\\/uploads\\\/2024\\\/01\\\/dalmore-40-year-old-single-malt-scotch-whisky-1.webp\",\"width\":500,\"height\":500,\"caption\":\"The Dalmore 40 Year Old Single Malt\"},{\"@type\":\"BreadcrumbList\",\"@id\":\"https:\\\/\\\/whiskyintenationalonline.com\\\/?product=the-dalmore-40-year-old-single-malt#breadcrumb\",\"itemListElement\":[{\"@type\":\"ListItem\",\"position\":1,\"name\":\"Home\",\"item\":\"https:\\\/\\\/whiskyintenationalonline.com\\\/\"},{\"@type\":\"ListItem\",\"position\":2,\"name\":\"Shop\",\"item\":\"https:\\\/\\\/whiskyintenationalonline.com\\\/\"},{\"@type\":\"ListItem\",\"position\":3,\"name\":\"The Dalmore 40 Year Old Single Malt\"}]},{\"@type\":\"WebSite\",\"@id\":\"https:\\\/\\\/whiskyintenationalonline.com\\\/#website\",\"url\":\"https:\\\/\\\/whiskyintenationalonline.com\\\/\",\"name\":\"Whisky International Online\",\"description\":\"Whisky International Online: Buy Rare Single Malt Whisky| Whisky For Sale\",\"publisher\":{\"@id\":\"https:\\\/\\\/whiskyintenationalonline.com\\\/#organization\"},\"potentialAction\":[{\"@type\":\"SearchAction\",\"target\":{\"@type\":\"EntryPoint\",\"urlTemplate\":\"https:\\\/\\\/whiskyintenationalonline.com\\\/?s={search_term_string}\"},\"query-input\":{\"@type\":\"PropertyValueSpecification\",\"valueRequired\":true,\"valueName\":\"search_term_string\"}}],\"inLanguage\":\"en-US\"},{\"@type\":\"Organization\",\"@id\":\"https:\\\/\\\/whiskyintenationalonline.com\\\/#organization\",\"name\":\"Whisky International Online\",\"url\":\"https:\\\/\\\/whiskyintenationalonline.com\\\/\",\"logo\":{\"@type\":\"ImageObject\",\"inLanguage\":\"en-US\",\"@id\":\"https:\\\/\\\/whiskyintenationalonline.com\\\/#\\\/schema\\\/logo\\\/image\\\/\",\"url\":\"https:\\\/\\\/whiskyintenationalonline.com\\\/wp-content\\\/uploads\\\/2025\\\/12\\\/download.png\",\"contentUrl\":\"https:\\\/\\\/whiskyintenationalonline.com\\\/wp-content\\\/uploads\\\/2025\\\/12\\\/download.png\",\"width\":350,\"height\":197,\"caption\":\"Whisky International Online\"},\"image\":{\"@id\":\"https:\\\/\\\/whiskyintenationalonline.com\\\/#\\\/schema\\\/logo\\\/image\\\/\"}}]}<\/script>\n<!-- \/ Yoast SEO plugin. -->","yoast_head_json":{"title":"The Dalmore 40 Year Old Single Malt - Whisky International Online","description":"This release is triple matured, rich and complex in flavor, and as smooth as you can only imagine. Winner of several international awards.","robots":{"index":"index","follow":"follow","max-snippet":"max-snippet:-1","max-image-preview":"max-image-preview:large","max-video-preview":"max-video-preview:-1"},"canonical":"https:\/\/whiskyintenationalonline.com\/?product=the-dalmore-40-year-old-single-malt","og_locale":"en_US","og_type":"article","og_title":"The Dalmore 40 Year Old Single Malt - Whisky International Online","og_description":"This release is triple matured, rich and complex in flavor, and as smooth as you can only imagine. Winner of several international awards.","og_url":"https:\/\/whiskyintenationalonline.com\/?product=the-dalmore-40-year-old-single-malt","og_site_name":"Whisky International Online","article_modified_time":"2024-01-19T16:06:14+00:00","og_image":[{"width":500,"height":500,"url":"https:\/\/whiskyintenationalonline.com\/wp-content\/uploads\/2024\/01\/dalmore-40-year-old-single-malt-scotch-whisky-1.webp","type":"image\/webp"}],"twitter_card":"summary_large_image","twitter_misc":{"Est. reading time":"2 minutes"},"schema":{"@context":"https:\/\/schema.org","@graph":[{"@type":"WebPage","@id":"https:\/\/whiskyintenationalonline.com\/?product=the-dalmore-40-year-old-single-malt","url":"https:\/\/whiskyintenationalonline.com\/?product=the-dalmore-40-year-old-single-malt","name":"The Dalmore 40 Year Old Single Malt - Whisky International Online","isPartOf":{"@id":"https:\/\/whiskyintenationalonline.com\/#website"},"primaryImageOfPage":{"@id":"https:\/\/whiskyintenationalonline.com\/?product=the-dalmore-40-year-old-single-malt#primaryimage"},"image":{"@id":"https:\/\/whiskyintenationalonline.com\/?product=the-dalmore-40-year-old-single-malt#primaryimage"},"thumbnailUrl":"https:\/\/whiskyintenationalonline.com\/wp-content\/uploads\/2024\/01\/dalmore-40-year-old-single-malt-scotch-whisky-1.webp","datePublished":"2024-01-19T16:06:13+00:00","dateModified":"2024-01-19T16:06:14+00:00","description":"This release is triple matured, rich and complex in flavor, and as smooth as you can only imagine. Winner of several international awards.","breadcrumb":{"@id":"https:\/\/whiskyintenationalonline.com\/?product=the-dalmore-40-year-old-single-malt#breadcrumb"},"inLanguage":"en-US","potentialAction":[{"@type":"ReadAction","target":["https:\/\/whiskyintenationalonline.com\/?product=the-dalmore-40-year-old-single-malt"]}]},{"@type":"ImageObject","inLanguage":"en-US","@id":"https:\/\/whiskyintenationalonline.com\/?product=the-dalmore-40-year-old-single-malt#primaryimage","url":"https:\/\/whiskyintenationalonline.com\/wp-content\/uploads\/2024\/01\/dalmore-40-year-old-single-malt-scotch-whisky-1.webp","contentUrl":"https:\/\/whiskyintenationalonline.com\/wp-content\/uploads\/2024\/01\/dalmore-40-year-old-single-malt-scotch-whisky-1.webp","width":500,"height":500,"caption":"The Dalmore 40 Year Old Single Malt"},{"@type":"BreadcrumbList","@id":"https:\/\/whiskyintenationalonline.com\/?product=the-dalmore-40-year-old-single-malt#breadcrumb","itemListElement":[{"@type":"ListItem","position":1,"name":"Home","item":"https:\/\/whiskyintenationalonline.com\/"},{"@type":"ListItem","position":2,"name":"Shop","item":"https:\/\/whiskyintenationalonline.com\/"},{"@type":"ListItem","position":3,"name":"The Dalmore 40 Year Old Single Malt"}]},{"@type":"WebSite","@id":"https:\/\/whiskyintenationalonline.com\/#website","url":"https:\/\/whiskyintenationalonline.com\/","name":"Whisky International Online","description":"Whisky International Online: Buy Rare Single Malt Whisky| Whisky For Sale","publisher":{"@id":"https:\/\/whiskyintenationalonline.com\/#organization"},"potentialAction":[{"@type":"SearchAction","target":{"@type":"EntryPoint","urlTemplate":"https:\/\/whiskyintenationalonline.com\/?s={search_term_string}"},"query-input":{"@type":"PropertyValueSpecification","valueRequired":true,"valueName":"search_term_string"}}],"inLanguage":"en-US"},{"@type":"Organization","@id":"https:\/\/whiskyintenationalonline.com\/#organization","name":"Whisky International Online","url":"https:\/\/whiskyintenationalonline.com\/","logo":{"@type":"ImageObject","inLanguage":"en-US","@id":"https:\/\/whiskyintenationalonline.com\/#\/schema\/logo\/image\/","url":"https:\/\/whiskyintenationalonline.com\/wp-content\/uploads\/2025\/12\/download.png","contentUrl":"https:\/\/whiskyintenationalonline.com\/wp-content\/uploads\/2025\/12\/download.png","width":350,"height":197,"caption":"Whisky International Online"},"image":{"@id":"https:\/\/whiskyintenationalonline.com\/#\/schema\/logo\/image\/"}}]}},"jetpack_sharing_enabled":true,"_links":{"self":[{"href":"https:\/\/whiskyintenationalonline.com\/index.php?rest_route=\/wp\/v2\/product\/7210","targetHints":{"allow":["GET"]}}],"collection":[{"href":"https:\/\/whiskyintenationalonline.com\/index.php?rest_route=\/wp\/v2\/product"}],"about":[{"href":"https:\/\/whiskyintenationalonline.com\/index.php?rest_route=\/wp\/v2\/types\/product"}],"replies":[{"embeddable":true,"href":"https:\/\/whiskyintenationalonline.com\/index.php?rest_route=%2Fwp%2Fv2%2Fcomments&post=7210"}],"wp:featuredmedia":[{"embeddable":true,"href":"https:\/\/whiskyintenationalonline.com\/index.php?rest_route=\/wp\/v2\/media\/7211"}],"wp:attachment":[{"href":"https:\/\/whiskyintenationalonline.com\/index.php?rest_route=%2Fwp%2Fv2%2Fmedia&parent=7210"}],"wp:term":[{"taxonomy":"product_cat","embeddable":true,"href":"https:\/\/whiskyintenationalonline.com\/index.php?rest_route=%2Fwp%2Fv2%2Fproduct_cat&post=7210"},{"taxonomy":"product_tag","embeddable":true,"href":"https:\/\/whiskyintenationalonline.com\/index.php?rest_route=%2Fwp%2Fv2%2Fproduct_tag&post=7210"}],"curies":[{"name":"wp","href":"https:\/\/api.w.org\/{rel}","templated":true}]}}